{"id":13630,"date":"2024-04-29T12:32:49","date_gmt":"2024-04-29T10:32:49","guid":{"rendered":"http:\/\/www.apialicante.com\/gebuehren-und-dokumentation\/"},"modified":"2024-05-03T10:40:51","modified_gmt":"2024-05-03T08:40:51","slug":"gebuehren-und-dokumentation","status":"publish","type":"page","link":"https:\/\/www.apialicante.com\/de\/der-api-beruf\/gebuehren-und-dokumentation\/","title":{"rendered":"Geb\u00fchren und Dokumentation"},"content":{"rendered":"<div class=\"wpb-content-wrapper\"><p>[vc_row full_width=&#8220;stretch_row&#8220; css=&#8220;.vc_custom_1712646890303{margin-bottom: 0px !important;background-image: url(http:\/\/www.apialicante.com\/wp-content\/uploads\/2024\/04\/img_banner_todos_apartados_recuadro.jpg?id=1870) !important;background-position: center !important;background-repeat: no-repeat !important;background-size: cover !important;}&#8220; custom_css_code=&#8220;JTQwbWVkaWElMjAlMjhtYXgtd2lkdGglM0ElMjAxMTk5cHglMjklN0IlMEElMjAlMjAlMjAlMjAlNDBpZC53cGJfcm93JTIwJTdCJTBBJTIwJTIwJTIwJTIwJTIwJTIwJTIwJTIwbWFyZ2luLXRvcCUzQSUyMDAlM0IlMEElMjAlMjAlMjAlMjAlN0QlMEElN0Q=&#8220; el_class=&#8220;has-margin&#8220;][vc_column offset=&#8220;vc_col-lg-12 vc_col-md-12 vc_col-xs-12&#8243;][vc_row_inner][vc_column_inner el_class=&#8220;responsive&#8220; offset=&#8220;vc_col-lg-12 vc_hidden-md vc_hidden-sm vc_hidden-xs&#8220;]<div class=\"clearboth\"><\/div><style>#thegem-divider-69d9f916a0375 {margin-top: 5px !important;}<\/style><div id=\"thegem-divider-69d9f916a0375\" class=\"gem-divider  \" style=\"\" ><\/div>[\/vc_column_inner][vc_column_inner offset=&#8220;vc_hidden-lg vc_col-md-12 vc_col-xs-12&#8243;]<div class=\"clearboth\"><\/div><style>#thegem-divider-69d9f916a04a9 {margin-top: 20px !important;}<\/style><div id=\"thegem-divider-69d9f916a04a9\" class=\"gem-divider  \" style=\"\" ><\/div>[\/vc_column_inner][\/vc_row_inner][\/vc_column][vc_column disable_custom_paddings_mobile=&#8220;true&#8220; css=&#8220;.vc_custom_1712742494011{margin-left: -40px !important;padding-left: 65px !important;background-position: 0 0 !important;background-repeat: no-repeat !important;}&#8220; el_class=&#8220;gem-custom-column-margin-none&#8220;][vc_row_inner][vc_column_inner offset=&#8220;vc_col-lg-12 vc_col-md-12 vc_hidden-md vc_hidden-sm vc_col-xs-12 vc_hidden-xs&#8220;]<div class=\"clearboth\"><\/div><style>#thegem-divider-69d9f916a04cf {margin-top: 72px !important;}<\/style><div id=\"thegem-divider-69d9f916a04cf\" class=\"gem-divider  \" style=\"\" ><\/div>[\/vc_column_inner][vc_column_inner offset=&#8220;vc_hidden-lg vc_col-md-12 vc_col-xs-12&#8243;]<div class=\"clearboth\"><\/div><div id=\"thegem-divider-69d9f916a04eb\" class=\"gem-divider  \" style=\"\" ><\/div>[\/vc_column_inner][vc_column_inner]<div class=\"thegem-te-heading thegem-custom-69d9f916a065e1451\" ><script type=\"text\/javascript\">(function() {function TheGemHeading() {this.animateClass = 'thegem-heading-animate';this.animatedClass = 'thegem-heading-animated';}TheGemHeading.prototype = {initialize: function () {let items =document.querySelectorAll('.'+this.animateClass);items.forEach((item)=>{if (this.isElementVisible(item)) {this.prepareAnimation(item);this.startAnimation(item);}});if ('ResizeObserver' in window) {const resizeObserver = new ResizeObserver((entries) => {entries.forEach((entry) => {this.prepareAnimation(entry.target);});});items.forEach((item) => {resizeObserver.observe(item);});}if ('IntersectionObserver' in window) {let intersectionObserver = new IntersectionObserver((entries)=>{entries.forEach((entry)=> {if (entry.isIntersecting) {this.startAnimation(entry.target);intersectionObserver.unobserve(entry.target);}});});items.forEach((item)=>{intersectionObserver.observe(item);this.prepareAnimation(item);});} else {items.forEach((item)=>{this.prepareAnimation(item);this.startAnimation(item);});}},isElementVisible: function (element) {let rect= element.getBoundingClientRect(),width= window.innerWidth || document.documentElement.clientWidth,height = window.innerHeight || document.documentElement.clientHeight,efp= (x, y) => document.elementFromPoint(x, y);if (rect.right < 0 || rect.bottom < 0 || rect.left > width || rect.top > height) return false;return (element.contains(efp(rect.left,rect.top)) ||element.contains(efp(rect.right, rect.top)) ||element.contains(efp(rect.right, rect.bottom)) ||element.contains(efp(rect.left,rect.bottom)));},startAnimation: function (element) {if (element && !element.classList.contains(this.animatedClass)) {element.classList.add(this.animatedClass);element.classList.remove(this.animateClass);element.dispatchEvent(new Event('theGemHeading.startAnimation', {bubbles: true}));}},prepareAnimation: function (element) {if (element\/* && !element.isPreparedAnimation*\/) {element.dispatchEvent(new Event('theGemHeading.prepareAnimation', {bubbles: true}));\/*element.isPreparedAnimation = true;*\/}}};window.theGemHeading = new TheGemHeading();document.addEventListener('DOMContentLoaded', function() {window.theGemHeading.initialize();});})();<\/script><div id=\"thegem-heading-69d9f916a05b0\" class=\"thegem-heading thegem-custom-heading-69d9f916a05a82149 title-h4 letters-scale-out thegem-heading-animate\" style=\"text-align: left;\" ><span class=\"colored thegem-heading-word\" style=\"color: #ffffff;\"><span class=\"thegem-heading-letter\" style=\"animation-delay: 430ms\">D<\/span><span class=\"thegem-heading-letter\" style=\"animation-delay: 460ms\">E<\/span><span class=\"thegem-heading-letter\" style=\"animation-delay: 490ms\">R<\/span><\/span> <span class=\"colored thegem-heading-word\" style=\"color: #ffffff;\"><span class=\"thegem-heading-letter\" style=\"animation-delay: 520ms\">A<\/span><span class=\"thegem-heading-letter\" style=\"animation-delay: 550ms\">P<\/span><span class=\"thegem-heading-letter\" style=\"animation-delay: 580ms\">I<\/span><span class=\"thegem-heading-letter\" style=\"animation-delay: 610ms\">-<\/span><span class=\"thegem-heading-letter\" style=\"animation-delay: 640ms\">B<\/span><span class=\"thegem-heading-letter\" style=\"animation-delay: 670ms\">E<\/span><span class=\"thegem-heading-letter\" style=\"animation-delay: 700ms\">R<\/span><span class=\"thegem-heading-letter\" style=\"animation-delay: 730ms\">U<\/span><span class=\"thegem-heading-letter\" style=\"animation-delay: 760ms\">F<\/span><\/span><\/div><style type=\"text\/css\">#thegem-heading-69d9f916a05b0 {margin: 0;}#thegem-heading-69d9f916a05b0 {letter-spacing: 3px;}#thegem-heading-69d9f916a05b0, #thegem-heading-69d9f916a05b0 .light {text-transform: uppercase;}#thegem-heading-69d9f916a05b0 a:hover, #thegem-heading-69d9f916a05b0 a:hover span.colored {color: var(--thegem-to-menu-level1-color-hover, #00BCD4) !important;}<\/style><\/div><style>@media screen and (max-width: 1023px) {.thegem-heading.thegem-custom-heading-69d9f916a05a82149{display: block!important;}}@media screen and (max-width: 767px) {.thegem-heading.thegem-custom-heading-69d9f916a05a82149{display: block!important;}}@media screen and (max-width: 1023px) {.thegem-heading.thegem-custom-heading-69d9f916a05a82149{position: relative !important;}}@media screen and (max-width: 767px) {.thegem-heading.thegem-custom-heading-69d9f916a05a82149{position: relative !important;}}<\/style>[\/vc_column_inner][vc_column_inner el_class=&#8220;gem-custom-mobile-column-margin&#8220; tablet_margin_top=&#8220;10&#8243; mobile_margin_top=&#8220;10&#8243; offset=&#8220;vc_col-xs-12&#8243;]<div class=\"thegem-te-heading thegem-custom-69d9f916a07434565\" ><div id=\"thegem-heading-69d9f916a0718\" class=\"thegem-heading thegem-custom-heading-69d9f916a07169152 title-h1 words-slide-right thegem-heading-animate\" style=\"text-align: left;\" ><span class=\"thegem-heading-word-wrap\"><span class=\"colored thegem-heading-word\" style=\"color: #ffffff; animation-delay: 40ms\">Geb\u00fchren<\/span><\/span> <span class=\"thegem-heading-word-wrap\"><span class=\"colored thegem-heading-word\" style=\"color: #ffffff; animation-delay: 80ms\">und<\/span><\/span> <span class=\"thegem-heading-word-wrap\"><span class=\"colored thegem-heading-word\" style=\"color: #ffffff; animation-delay: 120ms\">Dokumentation.<\/span><\/span><\/div><style type=\"text\/css\">#thegem-heading-69d9f916a0718 {margin: 0;}#thegem-heading-69d9f916a0718, #thegem-heading-69d9f916a0718 .light {text-transform: none;}#thegem-heading-69d9f916a0718 a:hover, #thegem-heading-69d9f916a0718 a:hover span.colored {color: var(--thegem-to-menu-level1-color-hover, #00BCD4) !important;}<\/style><\/div><style>@media screen and (max-width: 1023px) {.thegem-heading.thegem-custom-heading-69d9f916a07169152{display: block!important;}}@media screen and (max-width: 767px) {.thegem-heading.thegem-custom-heading-69d9f916a07169152{display: block!important;}}@media screen and (max-width: 1023px) {.thegem-heading.thegem-custom-heading-69d9f916a07169152{position: relative !important;}}@media screen and (max-width: 767px) {.thegem-heading.thegem-custom-heading-69d9f916a07169152{position: relative !important;}}<\/style>[\/vc_column_inner][vc_column_inner offset=&#8220;vc_col-lg-12 vc_col-md-12 vc_hidden-md vc_hidden-sm vc_hidden-xs&#8220;]<div class=\"clearboth\"><\/div><style>#thegem-divider-69d9f916a0773 {margin-top: 100px !important;}<\/style><div id=\"thegem-divider-69d9f916a0773\" class=\"gem-divider  \" style=\"\" ><\/div>[\/vc_column_inner][vc_column_inner offset=&#8220;vc_hidden-lg vc_col-md-12 vc_col-xs-12 vc_hidden-xs&#8220;]<div class=\"clearboth\"><\/div><style>#thegem-divider-69d9f916a079f {margin-top: 90px !important;}<\/style><div id=\"thegem-divider-69d9f916a079f\" class=\"gem-divider  \" style=\"\" ><\/div>[\/vc_column_inner][\/vc_row_inner][\/vc_column][vc_column offset=&#8220;vc_col-lg-12&#8243;][vc_row_inner][vc_column_inner offset=&#8220;vc_col-lg-12 vc_hidden-md vc_hidden-sm vc_hidden-xs&#8220;]<div class=\"clearboth\"><\/div><style>#thegem-divider-69d9f916a07c6 {margin-top: 96px !important;}<\/style><div id=\"thegem-divider-69d9f916a07c6\" class=\"gem-divider  \" style=\"\" ><\/div>[\/vc_column_inner][\/vc_row_inner][\/vc_column][\/vc_row][vc_row full_width=&#8220;stretch_row_content&#8220; css=&#8220;.vc_custom_1603047092148{margin-top: -150px !important;}&#8220; el_class=&#8220;gem-custom-responsive-margin-row&#8220;][vc_column width=&#8220;1\/2&#8243;][\/vc_column][vc_column width=&#8220;1\/2&#8243; css=&#8220;.vc_custom_1603048768990{padding-top: 0px !important;padding-left: 67px !important;}&#8220; offset=&#8220;vc_col-lg-6 vc_hidden-md vc_hidden-sm vc_hidden-xs&#8220;][vc_row_inner css=&#8220;.vc_custom_1601975776217{margin-bottom: 0px !important;}&#8220;][vc_column_inner css=&#8220;.vc_custom_1601975823162{padding-top: 0px !important;background-color: #ffffff !important;}&#8220;]<div class=\"clearboth\"><\/div><style>#thegem-divider-69d9f916a07eb {margin-top: 150px !important;}<\/style><div id=\"thegem-divider-69d9f916a07eb\" class=\"gem-divider  \" style=\"\" ><\/div>[\/vc_column_inner][\/vc_row_inner][\/vc_column][\/vc_row][vc_row][vc_column offset=&#8220;vc_col-lg-12 vc_hidden-md vc_hidden-sm&#8220;]<div class=\"clearboth\"><\/div><style>#thegem-divider-69d9f916a0810 {margin-top: 70px !important;}@media screen and (max-width: 767px) {#thegem-divider-69d9f916a0810 {display: none;}}<\/style><div id=\"thegem-divider-69d9f916a0810\" class=\"gem-divider  \" style=\"\" ><\/div>[\/vc_column][vc_column offset=&#8220;vc_hidden-lg vc_col-md-12 vc_col-xs-12&#8243;]<div class=\"clearboth\"><\/div><style>#thegem-divider-69d9f916a0834 {margin-top: 30px !important;}@media screen and (max-width: 767px) {#thegem-divider-69d9f916a0834 {display: none;}}<\/style><div id=\"thegem-divider-69d9f916a0834\" class=\"gem-divider  \" style=\"\" ><\/div>[\/vc_column][vc_column width=&#8220;5\/6&#8243; offset=&#8220;vc_col-lg-offset-0 vc_col-lg-6 vc_col-md-offset-0 vc_col-md-12 vc_col-sm-offset-2 vc_col-xs-12&#8243;][vc_row_inner][vc_column_inner el_id=&#8220;documentacion&#8220;][vc_column_text css_animation=&#8220;bottom-to-top&#8220; css=&#8220;.vc_custom_1712675593521{margin-bottom: -2px !important;}&#8220;]<\/p>\n<div class=\"title-h2\" style=\"color: #141f65;\">Dokumentation<\/div>\n<p>[\/vc_column_text][\/vc_column_inner][\/vc_row_inner][vc_row_inner][vc_column_inner width=&#8220;1\/6&#8243; disable_custom_paddings_mobile=&#8220;true&#8220; css=&#8220;.vc_custom_1603185862828{padding-right: 0px !important;}&#8220;]<div class=\"clearboth\"><\/div><style>#thegem-divider-69d9f916a0856 {margin-top: 11px !important;}<\/style><div id=\"thegem-divider-69d9f916a0856\" class=\"gem-divider  \" style=\"\" ><\/div><div class=\"clearboth\"><\/div><div id=\"thegem-divider-69d9f916a087b\" class=\"gem-divider   gem-divider-style-2\" style=\"border-color: #ff6c30;\" ><\/div>[\/vc_column_inner][vc_column_inner width=&#8220;5\/6&#8243; disable_custom_paddings_tablet=&#8220;true&#8220; disable_custom_paddings_mobile=&#8220;true&#8220; css=&#8220;.vc_custom_1603177981334{padding-right: 21% !important;padding-left: 20px !important;}&#8220;][vc_column_text css_animation=&#8220;bottom-to-top&#8220;]<\/p>\n<p class=\"title-h4\" style=\"color: #141f65;\">Mitgliedsbeitr\u00e4ge<\/p>\n<p>[\/vc_column_text][vc_column_text css_animation=&#8220;bottom-to-top&#8220;]<span style=\"color: #141f65;\">Wenn Sie alle oben genannten Schritte durchgef\u00fchrt haben, herzlichen Gl\u00fcckwunsch, Sie sind jetzt eine API. Als Mitglied m\u00fcssen Sie einen monatlichen Beitrag an den API-Verband entrichten, der davon abh\u00e4ngt, ob Sie ein praktizierendes Mitglied sind, ob Sie ein zweites B\u00fcro haben oder ob Sie Mitglied sind, aber nicht praktizieren:<\/span>[\/vc_column_text][\/vc_column_inner][\/vc_row_inner][\/vc_column][vc_column offset=&#8220;vc_col-lg-6 vc_col-md-6 vc_col-xs-12&#8243; css=&#8220;.vc_custom_1712587576518{margin-top: 22px !important;}&#8220;][\/vc_column][vc_column]<div class=\"clearboth\"><\/div><style>#thegem-divider-69d9f916a0892 {margin-top: 40px !important;}<\/style><div id=\"thegem-divider-69d9f916a0892\" class=\"gem-divider  \" style=\"\" ><\/div>[vc_row_inner][vc_column_inner width=&#8220;1\/2&#8243;]<div class=\"gem-table  gem-table-style-3\"><table id=\"cuotas\" style=\"width: 100%; border: 1px solid #84ABD8 !important;\">\n<thead>\n<tr>\n<th style=\"background: #141F65;\">\n<h3 style=\"color: white;\">Mitgliedsbeitr\u00e4ge<br \/>\nPraktiker<\/h3>\n<\/th>\n<\/tr>\n<\/thead>\n<tbody>\n<tr>\n<td style=\"background: white !important;\">\n<h3 style=\"color: #84abd8 !important; text-align: center;\">50\/Monat<\/h3>\n<\/td>\n<\/tr>\n<\/tbody>\n<\/table>\n<\/div><div class=\"gem-table  gem-table-style-3\"><table id=\"cuotas\" style=\"width: 100%; border: 1px solid #84ABD8 !important;\">\n<thead>\n<tr>\n<th style=\"background: #141F65;\">\n<h3 style=\"color: white;\">Dritte und<br \/>\naufeinanderfolgende Sendungen<\/h3>\n<\/th>\n<\/tr>\n<\/thead>\n<tbody>\n<tr>\n<td style=\"background: white !important;\">\n<h3 style=\"color: #84abd8 !important; text-align: center;\">12,25\/Monat<\/h3>\n<\/td>\n<\/tr>\n<\/tbody>\n<\/table>\n<\/div>[\/vc_column_inner][vc_column_inner width=&#8220;1\/2&#8243;]<div class=\"gem-table  gem-table-style-3\"><table id=\"cuotas\" style=\"width: 100%; border: 1px solid #84ABD8 !important;\">\n<thead>\n<tr>\n<th style=\"background: #141F65;\">\n<h3 style=\"color: white;\">Zweite Quote<br \/>\nB\u00fcro<\/h3>\n<\/th>\n<\/tr>\n<\/thead>\n<tbody>\n<tr>\n<td style=\"background: white !important;\">\n<h3 style=\"color: #84abd8 !important; text-align: center;\">25\u20ac\/Monat<\/h3>\n<\/td>\n<\/tr>\n<\/tbody>\n<\/table>\n<\/div><div class=\"gem-table  gem-table-style-3\"><table id=\"cuotas\" style=\"width: 100%; border: 1px solid #84ABD8 !important;\">\n<thead>\n<tr>\n<th style=\"background: #141F65;\">\n<h3 style=\"color: white;\">Mitgliedsbeitr\u00e4ge<br \/>\nnicht praktizierend<\/h3>\n<\/th>\n<\/tr>\n<\/thead>\n<tbody>\n<tr>\n<td style=\"background: white !important;\">\n<h3 style=\"color: #84abd8 !important; text-align: center;\">35\/Quartal<\/h3>\n<\/td>\n<\/tr>\n<\/tbody>\n<\/table>\n<\/div>[\/vc_column_inner][\/vc_row_inner][vc_row_inner][vc_column_inner offset=&#8220;vc_col-lg-6 vc_col-md-12 vc_col-xs-12&#8243;]<div class=\"clearboth\"><\/div><style>#thegem-divider-69d9f916a0aa5 {margin-top: 20px !important;}<\/style><div id=\"thegem-divider-69d9f916a0aa5\" class=\"gem-divider  \" style=\"\" ><\/div>[vc_column_text]<\/p>\n<div class=\"title-h3\"><span style=\"color: #bd102d;\">Dokumentation<br \/>\nnotwendig:<\/span><\/div>\n<p>[\/vc_column_text]<div class=\"clearboth\"><\/div><style>#thegem-divider-69d9f916a0ad1 {margin-bottom: 20px !important;}<\/style><div id=\"thegem-divider-69d9f916a0ad1\" class=\"gem-divider  \" style=\"\" ><\/div>[\/vc_column_inner][vc_column_inner width=&#8220;1\/2&#8243;][\/vc_column_inner][\/vc_row_inner][vc_tta_tabs title_tag=&#8220;h6&#8243; shape=&#8220;square&#8220; spacing=&#8220;3&#8243; active_section=&#8220;1&#8243; css=&#8220;.vc_custom_1712661568282{background-color: #ffffff !important;}&#8220; el_id=&#8220;documentacion&#8220;][vc_tta_section title=&#8220;Stadtrat&#8220; tab_id=&#8220;1712650870132-5e54833a-0de3&#8243;][vc_row_inner][vc_column_inner][vc_column_text css_animation=&#8220;bottom-to-top&#8220;]<span style=\"color: #141f65;\">Beantragung und Erteilung einer Er\u00f6ffnungslizenz.<\/span>[\/vc_column_text][\/vc_column_inner][\/vc_row_inner][\/vc_tta_section][vc_tta_section title=&#8220;Finanzamt&#8220; tab_id=&#8220;1712650871330-e0e5ea92-a03c&#8220;][vc_row_inner][vc_column_inner][vc_column_text css_animation=&#8220;bottom-to-top&#8220;]<span style=\"color: #141f65;\">Eintragung in die Z\u00e4hlung der Gewerbetreibenden und Freiberufler mit dem Formular 036, in dem die folgenden Daten an die AEAT \u00fcbermittelt werden:<\/span><\/p>\n<p><span style=\"color: #141f65;\">\u201eName, DNI und Steueranschrift<\/span><\/p>\n<p><span style=\"color: #141f65;\">\u201eSteuer auf wirtschaftliche T\u00e4tigkeiten (Inschrift 721. AGENTES COLEGIADOS DE LA PROPIEDAD INMOBILIARIA E INDUSTRIAL)<\/span><\/p>\n<p><span style=\"color: #141f65;\">\u201eRegelm\u00e4\u00dfige steuerliche Verpflichtungen des Unternehmers, die in der Regel wie folgt aussehen:<\/span><\/p>\n<p><span style=\"color: #141f65;\">a) Viertelj\u00e4hrliche Mehrwertsteuererkl\u00e4rung (mod.303)<br \/>\nb) Viertelj\u00e4hrliche Erkl\u00e4rung \u00fcber den Steuerabzug f\u00fcr pers\u00f6nliche Arbeits- und Wirtschaftst\u00e4tigkeiten (Formular 110), wenn Arbeitnehmer besch\u00e4ftigt werden oder wenn Honorare an Freiberufler gezahlt werden, die dem Einkommensteuerabzug unterliegen.<br \/>\nc) viertelj\u00e4hrliche Erkl\u00e4rung der Einbehalte im Falle von Leasingnehmern und Abgabe der entsprechenden Einbehalte an den Leasinggeber (Mod.115).<br \/>\nd) Viertelj\u00e4hrliche Erkl\u00e4rung \u00fcber die Zahlung von Raten f\u00fcr die Einkommensteuer (Mod. 130).<br \/>\ne) J\u00e4hrliche Zusammenfassungen der vorherigen Formulare (390, 190, 180).<br \/>\nf) Informative Erkl\u00e4rung der Kunden oder Lieferanten, mit denen wir im Laufe des Jahres Transaktionen get\u00e4tigt haben, die den Betrag von 3005 Euro einschlie\u00dflich Mehrwertsteuer \u00fcbersteigen (Formular 347).<\/span><\/p>\n<p><span style=\"color: #141f65;\">Die B\u00fccher und Aufzeichnungen, die gef\u00fchrt werden m\u00fcssen, um den Steuergesetzen zu entsprechen, sind folgende:<\/span><\/p>\n<p><span style=\"color: #141f65;\">Verkaufs- und Einnahmebuch\u201c.<br \/>\n\u201eRegister der K\u00e4ufe und Ausgaben.<br \/>\n\u201eRegister der Investitionsg\u00fcter.<br \/>\n\u201eRegister der R\u00fcckstellungen f\u00fcr Finanzmittel und Lieferungen.<\/span>[\/vc_column_text][\/vc_column_inner][\/vc_row_inner][\/vc_tta_section][vc_tta_section title=&#8220;Soziale Sicherheit&#8220; tab_id=&#8220;1712650872562-4c874036-21a6&#8243;][vc_row_inner][vc_column_inner][vc_column_text css_animation=&#8220;bottom-to-top&#8220;]<span style=\"color: #141f65;\">1. die Eintragung in das Sonderregime f\u00fcr Selbstst\u00e4ndige durch Vorlage des Formulars mod. TA0521.<\/span><\/p>\n<p><span style=\"color: #141f65;\">2. Erhalt eines Besucherbuches, das in den B\u00fcros der Provinzialinspektion f\u00fcr Arbeit und soziale Sicherheit aufbewahrt wird.<\/span><\/p>\n<p><span style=\"color: #141f65;\">3. Im Falle der Besch\u00e4ftigung von Arbeitnehmern:<br \/>\nAnmeldung als Unternehmen im Sozialversicherungssystem unter Vorlage des Formulars TA-6.<br \/>\nAnmeldung der Er\u00f6ffnung eines Arbeitszentrums bei der Arbeitsbeh\u00f6rde (Ministerium f\u00fcr Wirtschaft, Finanzen und Besch\u00e4ftigung).<\/span>[\/vc_column_text][\/vc_column_inner][\/vc_row_inner][\/vc_tta_section][vc_tta_section title=&#8220;Andere&#8220; tab_id=&#8220;1712660337129-7892b266-9f04&#8243;][vc_row_inner][vc_column_inner][vc_column_text css_animation=&#8220;bottom-to-top&#8220;]<span style=\"color: #141f65;\">\u201eAntrag auf Mitgliedschaft in der C.O.A.P.I.<\/span><\/p>\n<p><span style=\"color: #141f65;\">\u201eEinstellung des Dienstes f\u00fcr die Verh\u00fctung von Berufsrisiken (wenn Sie Arbeitnehmer besch\u00e4ftigen).<\/span><\/p>\n<p><span style=\"color: #141f65;\">\u201eEintragung in das Register der staatlichen Agentur f\u00fcr den Schutz personenbezogener Daten.<\/span><\/p>\n<p><span style=\"color: #141f65;\">\u201eSobald das B\u00fcro ge\u00f6ffnet ist, ist es obligatorisch (Dekret 4\/2013 der valencianischen Regierung vom 26. M\u00e4rz 2013), dass in der Einrichtung Beschwerdeformulare zur Verf\u00fcgung stehen und ein Schild an gut sichtbarer Stelle darauf hinweist. Sie k\u00f6nnen bei der Abteilung f\u00fcr Verbraucherangelegenheiten &#8211; OICM &#8211; erworben werden.<\/span>[\/vc_column_text][\/vc_column_inner][\/vc_row_inner][\/vc_tta_section][\/vc_tta_tabs][\/vc_column][\/vc_row]<\/p>\n<\/div>","protected":false},"excerpt":{"rendered":"<p>[vc_row full_width=&#8220;stretch_row&#8220; css=&#8220;.vc_custom_1712646890303{margin-bottom: 0px !important;background-image: url(http:\/\/www.apialicante.com\/wp-content\/uploads\/2024\/04\/img_banner_todos_apartados_recuadro.jpg?id=1870) !important;background-position: center !important;background-repeat: no-repeat !important;background-size: cover !important;}&#8220; custom_css_code=&#8220;JTQwbWVkaWElMjAlMjhtYXgtd2lkdGglM0ElMjAxMTk5cHglMjklN0IlMEElMjAlMjAlMjAlMjAlNDBpZC53cGJfcm93JTIwJTdCJTBBJTIwJTIwJTIwJTIwJTIwJTIwJTIwJTIwbWFyZ2luLXRvcCUzQSUyMDAlM0IlMEElMjAlMjAlMjAlMjAlN0QlMEElN0Q=&#8220; el_class=&#8220;has-margin&#8220;][vc_column offset=&#8220;vc_col-lg-12 vc_col-md-12 vc_col-xs-12&#8243;][vc_row_inner][vc_column_inner el_class=&#8220;responsive&#8220; offset=&#8220;vc_col-lg-12&#8230;<\/p>\n","protected":false},"author":1,"featured_media":0,"parent":13808,"menu_order":0,"comment_status":"closed","ping_status":"closed","template":"","meta":{"_acf_changed":false,"footnotes":""},"class_list":["post-13630","page","type-page","status-publish"],"acf":[],"_links":{"self":[{"href":"https:\/\/www.apialicante.com\/de\/wp-json\/wp\/v2\/pages\/13630","targetHints":{"allow":["GET"]}}],"collection":[{"href":"https:\/\/www.apialicante.com\/de\/wp-json\/wp\/v2\/pages"}],"about":[{"href":"https:\/\/www.apialicante.com\/de\/wp-json\/wp\/v2\/types\/page"}],"author":[{"embeddable":true,"href":"https:\/\/www.apialicante.com\/de\/wp-json\/wp\/v2\/users\/1"}],"replies":[{"embeddable":true,"href":"https:\/\/www.apialicante.com\/de\/wp-json\/wp\/v2\/comments?post=13630"}],"version-history":[{"count":2,"href":"https:\/\/www.apialicante.com\/de\/wp-json\/wp\/v2\/pages\/13630\/revisions"}],"predecessor-version":[{"id":13632,"href":"https:\/\/www.apialicante.com\/de\/wp-json\/wp\/v2\/pages\/13630\/revisions\/13632"}],"up":[{"embeddable":true,"href":"https:\/\/www.apialicante.com\/de\/wp-json\/wp\/v2\/pages\/13808"}],"wp:attachment":[{"href":"https:\/\/www.apialicante.com\/de\/wp-json\/wp\/v2\/media?parent=13630"}],"curies":[{"name":"wp","href":"https:\/\/api.w.org\/{rel}","templated":true}]}}