{"id":13642,"date":"2024-04-29T12:40:41","date_gmt":"2024-04-29T10:40:41","guid":{"rendered":"http:\/\/www.apialicante.com\/one-stop-shop\/"},"modified":"2024-05-03T10:40:51","modified_gmt":"2024-05-03T08:40:51","slug":"one-stop-shop","status":"publish","type":"page","link":"https:\/\/www.apialicante.com\/de\/der-api-beruf\/one-stop-shop\/","title":{"rendered":"One Stop Shop"},"content":{"rendered":"<div class=\"wpb-content-wrapper\"><p>[vc_row full_width=&#8220;stretch_row&#8220; css=&#8220;.vc_custom_1712655138766{margin-bottom: 0px !important;background-image: url(http:\/\/www.apialicante.com\/wp-content\/uploads\/2024\/04\/img_banner_todos_apartados_recuadro.jpg?id=1870) !important;background-position: center !important;background-repeat: no-repeat !important;background-size: cover !important;}&#8220; custom_css_code=&#8220;JTQwbWVkaWElMjAlMjhtYXgtd2lkdGglM0ElMjAxMTk5cHglMjklN0IlMEElMjAlMjAlMjAlMjAlNDBpZC53cGJfcm93JTIwJTdCJTBBJTIwJTIwJTIwJTIwJTIwJTIwJTIwJTIwbWFyZ2luLXRvcCUzQSUyMDAlM0IlMEElMjAlMjAlMjAlMjAlN0QlMEElN0Q=&#8220; el_class=&#8220;has-margin&#8220;][vc_column offset=&#8220;vc_col-lg-12 vc_col-md-12 vc_col-xs-12&#8243;][\/vc_column][vc_column disable_custom_paddings_mobile=&#8220;true&#8220; css=&#8220;.vc_custom_1712742719460{margin-left: -40px !important;padding-left: 65px !important;background-position: 0 0 !important;background-repeat: no-repeat !important;}&#8220; el_class=&#8220;gem-custom-column-margin-none&#8220;][vc_row_inner][vc_column_inner offset=&#8220;vc_col-lg-12 vc_col-md-12 vc_hidden-md vc_hidden-sm vc_col-xs-12 vc_hidden-xs&#8220;]<div class=\"clearboth\"><\/div><style>#thegem-divider-69f1e697e2546 {margin-top: 72px !important;}<\/style><div id=\"thegem-divider-69f1e697e2546\" class=\"gem-divider  \" style=\"\" ><\/div>[\/vc_column_inner][vc_column_inner offset=&#8220;vc_hidden-lg vc_col-md-12 vc_col-xs-12&#8243;]<div class=\"clearboth\"><\/div><div id=\"thegem-divider-69f1e697e2671\" class=\"gem-divider  \" style=\"\" ><\/div>[\/vc_column_inner][vc_column_inner]<div class=\"thegem-te-heading thegem-custom-69f1e697e28b51826\" ><script type=\"text\/javascript\">(function() {function TheGemHeading() {this.animateClass = 'thegem-heading-animate';this.animatedClass = 'thegem-heading-animated';}TheGemHeading.prototype = {initialize: function () {let items =document.querySelectorAll('.'+this.animateClass);items.forEach((item)=>{if (this.isElementVisible(item)) {this.prepareAnimation(item);this.startAnimation(item);}});if ('ResizeObserver' in window) {const resizeObserver = new ResizeObserver((entries) => {entries.forEach((entry) => {this.prepareAnimation(entry.target);});});items.forEach((item) => {resizeObserver.observe(item);});}if ('IntersectionObserver' in window) {let intersectionObserver = new IntersectionObserver((entries)=>{entries.forEach((entry)=> {if (entry.isIntersecting) {this.startAnimation(entry.target);intersectionObserver.unobserve(entry.target);}});});items.forEach((item)=>{intersectionObserver.observe(item);this.prepareAnimation(item);});} else {items.forEach((item)=>{this.prepareAnimation(item);this.startAnimation(item);});}},isElementVisible: function (element) {let rect= element.getBoundingClientRect(),width= window.innerWidth || document.documentElement.clientWidth,height = window.innerHeight || document.documentElement.clientHeight,efp= (x, y) => document.elementFromPoint(x, y);if (rect.right < 0 || rect.bottom < 0 || rect.left > width || rect.top > height) return false;return (element.contains(efp(rect.left,rect.top)) ||element.contains(efp(rect.right, rect.top)) ||element.contains(efp(rect.right, rect.bottom)) ||element.contains(efp(rect.left,rect.bottom)));},startAnimation: function (element) {if (element && !element.classList.contains(this.animatedClass)) {element.classList.add(this.animatedClass);element.classList.remove(this.animateClass);element.dispatchEvent(new Event('theGemHeading.startAnimation', {bubbles: true}));}},prepareAnimation: function (element) {if (element\/* && !element.isPreparedAnimation*\/) {element.dispatchEvent(new Event('theGemHeading.prepareAnimation', {bubbles: true}));\/*element.isPreparedAnimation = true;*\/}}};window.theGemHeading = new TheGemHeading();document.addEventListener('DOMContentLoaded', function() {window.theGemHeading.initialize();});})();<\/script><div id=\"thegem-heading-69f1e697e2722\" class=\"thegem-heading thegem-custom-heading-69f1e697e271f8031 title-h4 words-slide-right thegem-heading-animate\" style=\"text-align: left;\" ><span class=\"thegem-heading-word-wrap\"><span class=\"colored thegem-heading-word\" style=\"color: #ffffff; animation-delay: 40ms\">DIENSTLEISTUNGEN<\/span><\/span><\/div><style type=\"text\/css\">#thegem-heading-69f1e697e2722 {margin: 0;}#thegem-heading-69f1e697e2722 a:hover, #thegem-heading-69f1e697e2722 a:hover span.colored {color: var(--thegem-to-menu-level1-color-hover, #00BCD4) !important;}<\/style><\/div><style>@media screen and (max-width: 1023px) {.thegem-heading.thegem-custom-heading-69f1e697e271f8031{display: block!important;}}@media screen and (max-width: 767px) {.thegem-heading.thegem-custom-heading-69f1e697e271f8031{display: block!important;}}@media screen and (max-width: 1023px) {.thegem-heading.thegem-custom-heading-69f1e697e271f8031{position: relative !important;}}@media screen and (max-width: 767px) {.thegem-heading.thegem-custom-heading-69f1e697e271f8031{position: relative !important;}}<\/style>[\/vc_column_inner][vc_column_inner el_class=&#8220;gem-custom-mobile-column-margin&#8220;]<div class=\"thegem-te-heading thegem-custom-69f1e697e297a9008\" ><h1 id=\"thegem-heading-69f1e697e295a\" class=\"thegem-heading thegem-custom-heading-69f1e697e29597533 title-h1 words-slide-right thegem-heading-animate\" style=\"text-align: left;\" ><span class=\"thegem-heading-word-wrap\"><span class=\"colored thegem-heading-word\" style=\"color: #ffffff; animation-delay: 40ms\">One<\/span><\/span> <span class=\"thegem-heading-word-wrap\"><span class=\"colored thegem-heading-word\" style=\"color: #ffffff; animation-delay: 80ms\">Stop<\/span><\/span> <span class=\"thegem-heading-word-wrap\"><span class=\"colored thegem-heading-word\" style=\"color: #ffffff; animation-delay: 120ms\">Shop<\/span><\/span><\/h1><style type=\"text\/css\">#thegem-heading-69f1e697e295a {margin: 0;}#thegem-heading-69f1e697e295a a:hover, #thegem-heading-69f1e697e295a a:hover span.colored {color: var(--thegem-to-menu-level1-color-hover, #00BCD4) !important;}<\/style><\/div><style>@media screen and (max-width: 1023px) {.thegem-heading.thegem-custom-heading-69f1e697e29597533{display: block!important;}}@media screen and (max-width: 767px) {.thegem-heading.thegem-custom-heading-69f1e697e29597533{display: block!important;}}@media screen and (max-width: 1023px) {.thegem-heading.thegem-custom-heading-69f1e697e29597533{position: relative !important;}}@media screen and (max-width: 767px) {.thegem-heading.thegem-custom-heading-69f1e697e29597533{position: relative !important;}}<\/style>[\/vc_column_inner][vc_column_inner offset=&#8220;vc_col-lg-12 vc_col-md-12 vc_hidden-md vc_hidden-sm vc_hidden-xs&#8220;]<div class=\"clearboth\"><\/div><style>#thegem-divider-69f1e697e29a6 {margin-top: 100px !important;}<\/style><div id=\"thegem-divider-69f1e697e29a6\" class=\"gem-divider  \" style=\"\" ><\/div>[\/vc_column_inner][vc_column_inner offset=&#8220;vc_hidden-lg vc_col-md-12 vc_col-xs-12 vc_hidden-xs&#8220;]<div class=\"clearboth\"><\/div><style>#thegem-divider-69f1e697e29c3 {margin-top: 90px !important;}<\/style><div id=\"thegem-divider-69f1e697e29c3\" class=\"gem-divider  \" style=\"\" ><\/div>[\/vc_column_inner][\/vc_row_inner][\/vc_column][vc_column offset=&#8220;vc_col-lg-12&#8243;][vc_row_inner][vc_column_inner offset=&#8220;vc_col-lg-12 vc_hidden-md vc_hidden-sm vc_hidden-xs&#8220;]<div class=\"clearboth\"><\/div><style>#thegem-divider-69f1e697e29dc {margin-top: 96px !important;}<\/style><div id=\"thegem-divider-69f1e697e29dc\" class=\"gem-divider  \" style=\"\" ><\/div>[\/vc_column_inner][\/vc_row_inner][\/vc_column][\/vc_row][vc_row full_width=&#8220;stretch_row_content&#8220; css=&#8220;.vc_custom_1603047092148{margin-top: -150px !important;}&#8220; el_class=&#8220;gem-custom-responsive-margin-row&#8220;][vc_column width=&#8220;1\/2&#8243;][\/vc_column][vc_column width=&#8220;1\/2&#8243; css=&#8220;.vc_custom_1603048768990{padding-top: 0px !important;padding-left: 67px !important;}&#8220; offset=&#8220;vc_col-lg-6 vc_hidden-md vc_hidden-sm vc_hidden-xs&#8220;][vc_row_inner css=&#8220;.vc_custom_1601975776217{margin-bottom: 0px !important;}&#8220;][vc_column_inner css=&#8220;.vc_custom_1601975823162{padding-top: 0px !important;background-color: #ffffff !important;}&#8220;]<div class=\"clearboth\"><\/div><style>#thegem-divider-69f1e697e29f2 {margin-top: 150px !important;}<\/style><div id=\"thegem-divider-69f1e697e29f2\" class=\"gem-divider  \" style=\"\" ><\/div>[\/vc_column_inner][\/vc_row_inner][\/vc_column][\/vc_row][vc_row el_id=&#8220;Fenster&#8220;][vc_column offset=&#8220;vc_col-lg-12 vc_hidden-md vc_hidden-sm&#8220;]<div class=\"clearboth\"><\/div><style>#thegem-divider-69f1e697e2a0a {margin-top: 50px !important;}<\/style><div id=\"thegem-divider-69f1e697e2a0a\" class=\"gem-divider  \" style=\"\" ><\/div>[\/vc_column][vc_column offset=&#8220;vc_col-lg-6 vc_col-md-6 vc_col-xs-12&#8243;][vc_row_inner][vc_column_inner][vc_column_text css_animation=&#8220;bottom-to-top&#8220;]<\/p>\n<div class=\"title-h2\">One Stop Shop.<\/div>\n<p>[\/vc_column_text][\/vc_column_inner][vc_column_inner offset=&#8220;vc_col-lg-12 vc_col-md-12 vc_hidden-sm vc_hidden-xs&#8220;]<div class=\"clearboth\"><\/div><style>#thegem-divider-69f1e697e2a21 {margin-top: 30px !important;}<\/style><div id=\"thegem-divider-69f1e697e2a21\" class=\"gem-divider  \" style=\"\" ><\/div>[\/vc_column_inner][\/vc_row_inner][vc_row_inner][vc_column_inner width=&#8220;1\/6&#8243; disable_custom_paddings_mobile=&#8220;true&#8220; css=&#8220;.vc_custom_1603185862828{padding-right: 0px !important;}&#8220;]<div class=\"clearboth\"><\/div><style>#thegem-divider-69f1e697e2a36 {margin-top: 11px !important;}<\/style><div id=\"thegem-divider-69f1e697e2a36\" class=\"gem-divider  \" style=\"\" ><\/div><div class=\"clearboth\"><\/div><div id=\"thegem-divider-69f1e697e2a4f\" class=\"gem-divider   gem-divider-style-2\" style=\"border-color: #ff6c30;\" ><\/div>[\/vc_column_inner][vc_column_inner width=&#8220;5\/6&#8243; disable_custom_paddings_tablet=&#8220;true&#8220; disable_custom_paddings_mobile=&#8220;true&#8220; css=&#8220;.vc_custom_1603177981334{padding-right: 21% !important;padding-left: 20px !important;}&#8220;][vc_column_text css_animation=&#8220;bottom-to-top&#8220;]<\/p>\n<p class=\"title-h4\" style=\"color: #141f65;\">Hier finden Sie die gesamte Dokumentation.<\/p>\n<p>[\/vc_column_text][vc_column_text]Die Richtlinie 2006\/123\/EG des Europ\u00e4ischen Parlaments und des Rates vom 12. Dezember 2006 \u00fcber Dienstleistungen im Binnenmarkt (Dienstleistungsrichtlinie) regelt in Artikel 6 die Einrichtung eines Systems der einzigen Anlaufstelle zur weiteren Vereinfachung der Verwaltungsverfahren.[\/vc_column_text][vc_column_text]<a id=\"toggleLink\" href=\"#\"><strong><span style=\"color: #84abd8;\">+ Informationen<\/span><\/strong><\/a>[\/vc_column_text][vc_column_text css_animation=&#8220;bottom-to-top&#8220;]<\/p>\n<div id=\"info\" style=\"display: none;\">\n<p><span style=\"color: #141f65;\">Gesetz 25\/2009 vom 22. Dezember zur \u00c4nderung verschiedener Gesetze, um sie an das Gesetz \u00fcber den freien Zugang zu Dienstleistungst\u00e4tigkeiten und deren Aus\u00fcbung anzupassen, das die staatlichen Regelungen des gesetzlichen Ranges an die Bestimmungen des oben genannten Gesetzes 17\/2009 vom 23. November anpasst, und zwar aufgrund des in seiner f\u00fcnften Schlussbestimmung enthaltenen Auftrags.<\/span><\/p>\n<p><span style=\"color: #141f65;\">Artikel 5 zur \u00c4nderung des Gesetzes 2\/1974 vom 13. Februar \u00fcber die Berufsverb\u00e4nde sieht die Aufnahme eines neuen Artikels 10 vor, der festlegt, dass die Berufsverb\u00e4nde \u00fcber eine Website verf\u00fcgen m\u00fcssen, damit die Berufsangeh\u00f6rigen \u00fcber dieses Fenster alle erforderlichen Verfahren f\u00fcr die Mitgliedschaft, die Aus\u00fcbung und die Abmeldung im Verband \u00fcber eine einzige Stelle elektronisch und aus der Ferne abwickeln k\u00f6nnen.<\/span><\/p>\n<p><span style=\"color: #141f65;\">UM DEN ONE-STOP-SHOP NUTZEN ZU K\u00d6NNEN, M\u00dcSSEN SIE EINE BESCHEINIGUNG VON DER NATIONALEN M\u00dcNZANSTALT HERUNTERLADEN.<br \/>\n<a href=\"https:\/\/www.cert.fnmt.es\" target=\"_blank\" rel=\"noopener\">https:\/\/www.cert.fnmt.es<\/a><\/span><\/p>\n<p><span style=\"color: #141f65;\">HIER K\u00d6NNEN SIE DIE ANLEITUNG ZUM <a href=\"http:\/\/www.apialicante.com\/wp-content\/uploads\/2024\/04\/guia-cert_fnmt.pdf\" target=\"_blank\" rel=\"noopener\">DOWNLOAD <\/a> DES BENUTZERZERTIFIKATS HERUNTERLADEN<\/span><\/p>\n<p><span style=\"color: #141f65;\">WENN SIE EINEN ANTRAG AUF MITGLIEDSCHAFT STELLEN M\u00d6CHTEN, K\u00d6NNEN SIE HIER DIE ERFORDERLICHEN FORMULARE HERUNTERLADEN, AUSF\u00dcLLEN UND AN COAPI SENDEN<\/span><\/p>\n<\/div>\n<p>[\/vc_column_text][\/vc_column_inner][\/vc_row_inner][\/vc_column][vc_column width=&#8220;5\/6&#8243; offset=&#8220;vc_col-lg-offset-0 vc_col-lg-6 vc_col-md-offset-0 vc_col-md-6 vc_col-sm-offset-2 vc_col-xs-12&#8243;]<div class=\"gem-image gem-wrapbox gem-wrapbox-style-default gem-wrapbox-position-left lazy-loading  thegem-custom-69f1e697e2a6c2544\"  style=\"\" ><div class=\"gem-wrapbox-inner  lazy-loading-item\"  data-ll-effect=\"move-up\"><img class=\"gem-wrapbox-element img-responsive\" src=\"https:\/\/www.apialicante.com\/wp-content\/uploads\/2024\/04\/img_ventanilla-1.jpg\" alt=\"Fenster\"\/><\/div><style type=\"text\/css\">.thegem-custom-69f1e697e2a6c2544.gem-image a:hover img {filter: brightness( 100% ) contrast( 100% ) saturate( 100% ) blur( 0px ) hue-rotate( 0deg );}<\/style><\/div>[\/vc_column][\/vc_row][vc_row][vc_column]<div class=\"clearboth\"><\/div><style>#thegem-divider-69f1e697e2d3b {margin-top: 50px !important;}<\/style><div id=\"thegem-divider-69f1e697e2d3b\" class=\"gem-divider  \" style=\"\" ><\/div><div class=\"thegem-te-heading thegem-custom-69f1e697e2dd13528\" ><h2 id=\"thegem-heading-69f1e697e2dbb\" class=\"thegem-heading thegem-custom-heading-69f1e697e2dba720 title-h2\" style=\"text-align: center;\" ><span class=\"colored\" style=\"color: #bd102d;\">Die folgenden Dokumente m\u00fcssen eingereicht werden:<\/span><\/h2><style type=\"text\/css\">#thegem-heading-69f1e697e2dbb {margin: 0;}#thegem-heading-69f1e697e2dbb {margin-left: auto; margin-right: auto;}#thegem-heading-69f1e697e2dbb > * {justify-content: center;}#thegem-heading-69f1e697e2dbb a:hover, #thegem-heading-69f1e697e2dbb a:hover span.colored {color: var(--thegem-to-menu-level1-color-hover, #00BCD4) !important;}<\/style><\/div><style>@media screen and (max-width: 1023px) {.thegem-heading.thegem-custom-heading-69f1e697e2dba720{display: block!important;}}@media screen and (max-width: 767px) {.thegem-heading.thegem-custom-heading-69f1e697e2dba720{display: block!important;}}@media screen and (max-width: 1023px) {.thegem-heading.thegem-custom-heading-69f1e697e2dba720{position: relative !important;}}@media screen and (max-width: 767px) {.thegem-heading.thegem-custom-heading-69f1e697e2dba720{position: relative !important;}}<\/style><div class=\"clearboth\"><\/div><style>#thegem-divider-69f1e697e2df7 {margin-top: 50px !important;}<\/style><div id=\"thegem-divider-69f1e697e2df7\" class=\"gem-divider  \" style=\"\" ><\/div>[vc_row_inner][vc_column_inner width=&#8220;1\/5&#8243; offset=&#8220;vc_hidden-md vc_hidden-sm vc_hidden-xs&#8220;][\/vc_column_inner][vc_column_inner width=&#8220;1\/3&#8243; offset=&#8220;vc_col-lg-1\/5&#8243;][vc_column_text css_animation=&#8220;bottom-to-top&#8220;]<\/p>\n<p class=\"title-h3\" style=\"color: #141f65; text-align: center;\">1<\/p>\n<p>[\/vc_column_text][vc_column_text css_animation=&#8220;bottom-to-top&#8220;]<\/p>\n<p style=\"text-align: center;\"><span style=\"color: #141f65;\">Offizieller Titel<br \/>\nUniversit\u00e4t<\/span><\/p>\n<p>[\/vc_column_text][\/vc_column_inner][vc_column_inner width=&#8220;1\/3&#8243; offset=&#8220;vc_col-lg-1\/5&#8243;][vc_column_text css_animation=&#8220;bottom-to-top&#8220;]<\/p>\n<p class=\"title-h3\" style=\"color: #141f65; text-align: center;\">2<\/p>\n<p>[\/vc_column_text][vc_column_text css_animation=&#8220;bottom-to-top&#8220;]<\/p>\n<p style=\"text-align: center;\"><span style=\"color: #141f65;\">Bescheinigung \u00fcber<br \/>\nStrafregister<\/span><\/p>\n<p>[\/vc_column_text][\/vc_column_inner][vc_column_inner width=&#8220;1\/3&#8243; offset=&#8220;vc_col-lg-1\/5&#8243;][vc_column_text css_animation=&#8220;bottom-to-top&#8220;]<\/p>\n<p class=\"title-h3\" style=\"color: #141f65; text-align: center;\">3<\/p>\n<p>[\/vc_column_text][vc_column_text css_animation=&#8220;bottom-to-top&#8220;]<\/p>\n<p style=\"text-align: center;\"><span style=\"color: #141f65;\">Passfotos<\/span><\/p>\n<p>[\/vc_column_text][\/vc_column_inner][vc_column_inner width=&#8220;1\/5&#8243; offset=&#8220;vc_hidden-md vc_hidden-sm vc_hidden-xs&#8220;][\/vc_column_inner][\/vc_row_inner][\/vc_column][\/vc_row][vc_row][vc_column][vc_row_inner][vc_column_inner width=&#8220;1\/5&#8243; offset=&#8220;vc_col-lg-1\/5 vc_col-md-1\/5 vc_hidden-md vc_hidden-sm vc_col-xs-12 vc_hidden-xs&#8220;][\/vc_column_inner][vc_column_inner width=&#8220;1\/3&#8243; offset=&#8220;vc_col-lg-1\/5&#8243;][vc_column_text css_animation=&#8220;bottom-to-top&#8220;]<\/p>\n<p class=\"title-h3\" style=\"color: #141f65; text-align: center;\">4<\/p>\n<p>[\/vc_column_text][vc_column_text css_animation=&#8220;bottom-to-top&#8220;]<\/p>\n<p style=\"text-align: center;\"><span style=\"color: #141f65;\">Kontonummer f\u00fcr die Abbuchung der Einnahmen aus gesetzlichen Beitr\u00e4gen<\/span><\/p>\n<p>[\/vc_column_text][\/vc_column_inner][vc_column_inner width=&#8220;1\/3&#8243; offset=&#8220;vc_col-lg-1\/5&#8243;][vc_column_text css_animation=&#8220;bottom-to-top&#8220;]<\/p>\n<p class=\"title-h3\" style=\"color: #141f65; text-align: center;\">5<\/p>\n<p>[\/vc_column_text][vc_column_text css_animation=&#8220;bottom-to-top&#8220;]<\/p>\n<p style=\"text-align: center;\"><span style=\"color: #141f65;\">Ratenzahlung vornehmen<br \/>\nKolegiales<\/span><\/p>\n<p>[\/vc_column_text][\/vc_column_inner][vc_column_inner width=&#8220;1\/5&#8243; offset=&#8220;vc_col-lg-1\/5 vc_col-md-1\/5 vc_col-xs-12&#8243;][\/vc_column_inner][vc_column_inner width=&#8220;1\/5&#8243; offset=&#8220;vc_col-lg-1\/5 vc_col-md-1\/5 vc_hidden-md vc_hidden-sm vc_col-xs-12 vc_hidden-xs&#8220;][\/vc_column_inner][\/vc_row_inner][\/vc_column][\/vc_row][vc_row equal_height=&#8220;yes&#8220;][vc_column]<div class=\"clearboth\"><\/div><style>#thegem-divider-69f1e697e2e0c {margin-top: 50px !important;}<\/style><div id=\"thegem-divider-69f1e697e2e0c\" class=\"gem-divider  \" style=\"\" ><\/div><div class=\"thegem-te-heading thegem-custom-69f1e697e2e925035\" ><h3 id=\"thegem-heading-69f1e697e2e81\" class=\"thegem-heading thegem-custom-heading-69f1e697e2e806016 title-h3\" style=\"text-align: left;\" ><span class=\"colored\" style=\"color: #bd102d;\">Erforderliche Unterlagen:<\/span><\/h3><style type=\"text\/css\">#thegem-heading-69f1e697e2e81 {margin: 0;}#thegem-heading-69f1e697e2e81 a:hover, #thegem-heading-69f1e697e2e81 a:hover span.colored {color: var(--thegem-to-menu-level1-color-hover, #00BCD4) !important;}<\/style><\/div><style>@media screen and (max-width: 1023px) {.thegem-heading.thegem-custom-heading-69f1e697e2e806016{display: block!important;}}@media screen and (max-width: 767px) {.thegem-heading.thegem-custom-heading-69f1e697e2e806016{display: block!important;}}@media screen and (max-width: 1023px) {.thegem-heading.thegem-custom-heading-69f1e697e2e806016{position: relative !important;}}@media screen and (max-width: 767px) {.thegem-heading.thegem-custom-heading-69f1e697e2e806016{position: relative !important;}}<\/style><div class=\"clearboth\"><\/div><style>#thegem-divider-69f1e697e2eb3 {margin-top: 20px !important;}<\/style><div id=\"thegem-divider-69f1e697e2eb3\" class=\"gem-divider  \" style=\"\" ><\/div>[\/vc_column][vc_column width=&#8220;1\/3&#8243;][vc_column_text]Schritte zur Er\u00f6ffnung eines professionellen Immobilienmaklerb\u00fcros:[\/vc_column_text]<div class=\"clearboth\"><\/div><style>#thegem-divider-69f1e697e2ec7 {margin-top: 30px !important;}<\/style><div id=\"thegem-divider-69f1e697e2ec7\" class=\"gem-divider  \" style=\"\" ><\/div>[\/vc_column][vc_column width=&#8220;2\/3&#8243;][\/vc_column][vc_column width=&#8220;1\/3&#8243;]<div class=\"thegem-te-heading thegem-custom-69f1e697e2f405061\" ><h4 id=\"thegem-heading-69f1e697e2f33\" class=\"thegem-heading thegem-custom-heading-69f1e697e2f327968 title-h4\" style=\"text-align: left;\" ><span class=\"colored\" style=\"color: #141f65;\">Antrag auf Mitgliedschaft<\/span><\/h4><style type=\"text\/css\">#thegem-heading-69f1e697e2f33 {margin: 0;}#thegem-heading-69f1e697e2f33 a:hover, #thegem-heading-69f1e697e2f33 a:hover span.colored {color: var(--thegem-to-menu-level1-color-hover, #00BCD4) !important;}<\/style><\/div><style>@media screen and (max-width: 1023px) {.thegem-heading.thegem-custom-heading-69f1e697e2f327968{display: block!important;}}@media screen and (max-width: 767px) {.thegem-heading.thegem-custom-heading-69f1e697e2f327968{display: block!important;}}@media screen and (max-width: 1023px) {.thegem-heading.thegem-custom-heading-69f1e697e2f327968{position: relative !important;}}@media screen and (max-width: 767px) {.thegem-heading.thegem-custom-heading-69f1e697e2f327968{position: relative !important;}}<\/style><div class=\"gem-button-container gem-button-position-fullwidth thegem-button-69f1e697e2f9e9694    \"  ><a class=\"gem-button gem-button-size-small gem-button-style-outline gem-button-text-weight-normal gem-button-border-2\" data-ll-effect=\"drop-right-without-wrap\" style=\"border-radius: 0px;\" onmouseleave=\"\" onmouseenter=\"\" href=\"https:\/\/apialicante.difusion.org\/wp-content\/uploads\/2024\/04\/SOLICITUD-ALTA-2016.doc\" target=\"_blank\">DOWNLOAD PDF<\/a><\/div> [\/vc_column][vc_column width=&#8220;1\/3&#8243;]<div class=\"thegem-te-heading thegem-custom-69f1e697e302d7365\" ><h4 id=\"thegem-heading-69f1e697e301e\" class=\"thegem-heading thegem-custom-heading-69f1e697e301d8001 title-h4\" style=\"text-align: left;\" ><span class=\"colored\" style=\"color: #141f65;\">Formular f\u00fcr die Mitgliedschaft<\/span><\/h4><style type=\"text\/css\">#thegem-heading-69f1e697e301e {margin: 0;}#thegem-heading-69f1e697e301e a:hover, #thegem-heading-69f1e697e301e a:hover span.colored {color: var(--thegem-to-menu-level1-color-hover, #00BCD4) !important;}<\/style><\/div><style>@media screen and (max-width: 1023px) {.thegem-heading.thegem-custom-heading-69f1e697e301d8001{display: block!important;}}@media screen and (max-width: 767px) {.thegem-heading.thegem-custom-heading-69f1e697e301d8001{display: block!important;}}@media screen and (max-width: 1023px) {.thegem-heading.thegem-custom-heading-69f1e697e301d8001{position: relative !important;}}@media screen and (max-width: 767px) {.thegem-heading.thegem-custom-heading-69f1e697e301d8001{position: relative !important;}}<\/style><div class=\"gem-button-container gem-button-position-fullwidth thegem-button-69f1e697e30702990    \"  ><a class=\"gem-button gem-button-size-small gem-button-style-outline gem-button-text-weight-normal gem-button-border-2\" data-ll-effect=\"drop-right-without-wrap\" style=\"border-radius: 3px;\" onmouseleave=\"\" onmouseenter=\"\" href=\"https:\/\/apialicante.difusion.org\/wp-content\/uploads\/2024\/04\/Formulario-Colegiacion-Consejo-General-con-Clausula-colegiados.docx\" target=\"_blank\">DOWNLOAD PDF<\/a><\/div> [\/vc_column][vc_column width=&#8220;1\/3&#8243;]<div class=\"thegem-te-heading thegem-custom-69f1e697e30f56344\" ><h4 id=\"thegem-heading-69f1e697e30e7\" class=\"thegem-heading thegem-custom-heading-69f1e697e30e66043 title-h4\" style=\"text-align: left;\" ><span class=\"colored\" style=\"color: #141f65;\">Datenschutz COAPI<\/span><\/h4><style type=\"text\/css\">#thegem-heading-69f1e697e30e7 {margin: 0;}#thegem-heading-69f1e697e30e7 a:hover, #thegem-heading-69f1e697e30e7 a:hover span.colored {color: var(--thegem-to-menu-level1-color-hover, #00BCD4) !important;}<\/style><\/div><style>@media screen and (max-width: 1023px) {.thegem-heading.thegem-custom-heading-69f1e697e30e66043{display: block!important;}}@media screen and (max-width: 767px) {.thegem-heading.thegem-custom-heading-69f1e697e30e66043{display: block!important;}}@media screen and (max-width: 1023px) {.thegem-heading.thegem-custom-heading-69f1e697e30e66043{position: relative !important;}}@media screen and (max-width: 767px) {.thegem-heading.thegem-custom-heading-69f1e697e30e66043{position: relative !important;}}<\/style><div class=\"gem-button-container gem-button-position-fullwidth thegem-button-69f1e697e3132534    \"  ><a class=\"gem-button gem-button-size-small gem-button-style-outline gem-button-text-weight-normal gem-button-border-2\" data-ll-effect=\"drop-right-without-wrap\" style=\"border-radius: 3px;\" onmouseleave=\"\" onmouseenter=\"\" href=\"https:\/\/apialicante.difusion.org\/wp-content\/uploads\/2024\/04\/INFORMACION-TRATAMIENTO-COLEGIADO.pdf\" target=\"_blank\">DOWNLOAD PDF<\/a><\/div> [\/vc_column][\/vc_row]<\/p>\n<\/div>","protected":false},"excerpt":{"rendered":"<p>[vc_row full_width=&#8220;stretch_row&#8220; css=&#8220;.vc_custom_1712655138766{margin-bottom: 0px !important;background-image: url(http:\/\/www.apialicante.com\/wp-content\/uploads\/2024\/04\/img_banner_todos_apartados_recuadro.jpg?id=1870) !important;background-position: center !important;background-repeat: no-repeat !important;background-size: cover !important;}&#8220; custom_css_code=&#8220;JTQwbWVkaWElMjAlMjhtYXgtd2lkdGglM0ElMjAxMTk5cHglMjklN0IlMEElMjAlMjAlMjAlMjAlNDBpZC53cGJfcm93JTIwJTdCJTBBJTIwJTIwJTIwJTIwJTIwJTIwJTIwJTIwbWFyZ2luLXRvcCUzQSUyMDAlM0IlMEElMjAlMjAlMjAlMjAlN0QlMEElN0Q=&#8220; el_class=&#8220;has-margin&#8220;][vc_column offset=&#8220;vc_col-lg-12 vc_col-md-12 vc_col-xs-12&#8243;][\/vc_column][vc_column disable_custom_paddings_mobile=&#8220;true&#8220; css=&#8220;.vc_custom_1712742719460{margin-left:&#8230;<\/p>\n","protected":false},"author":1,"featured_media":0,"parent":13808,"menu_order":0,"comment_status":"closed","ping_status":"closed","template":"","meta":{"_acf_changed":false,"footnotes":""},"class_list":["post-13642","page","type-page","status-publish"],"acf":[],"_links":{"self":[{"href":"https:\/\/www.apialicante.com\/de\/wp-json\/wp\/v2\/pages\/13642","targetHints":{"allow":["GET"]}}],"collection":[{"href":"https:\/\/www.apialicante.com\/de\/wp-json\/wp\/v2\/pages"}],"about":[{"href":"https:\/\/www.apialicante.com\/de\/wp-json\/wp\/v2\/types\/page"}],"author":[{"embeddable":true,"href":"https:\/\/www.apialicante.com\/de\/wp-json\/wp\/v2\/users\/1"}],"replies":[{"embeddable":true,"href":"https:\/\/www.apialicante.com\/de\/wp-json\/wp\/v2\/comments?post=13642"}],"version-history":[{"count":2,"href":"https:\/\/www.apialicante.com\/de\/wp-json\/wp\/v2\/pages\/13642\/revisions"}],"predecessor-version":[{"id":13644,"href":"https:\/\/www.apialicante.com\/de\/wp-json\/wp\/v2\/pages\/13642\/revisions\/13644"}],"up":[{"embeddable":true,"href":"https:\/\/www.apialicante.com\/de\/wp-json\/wp\/v2\/pages\/13808"}],"wp:attachment":[{"href":"https:\/\/www.apialicante.com\/de\/wp-json\/wp\/v2\/media?parent=13642"}],"curies":[{"name":"wp","href":"https:\/\/api.w.org\/{rel}","templated":true}]}}