{"id":13654,"date":"2024-04-29T12:58:54","date_gmt":"2024-04-29T10:58:54","guid":{"rendered":"http:\/\/www.apialicante.com\/schiedsgerichtshof\/"},"modified":"2024-05-03T09:49:29","modified_gmt":"2024-05-03T07:49:29","slug":"schiedsgerichtshof","status":"publish","type":"page","link":"https:\/\/www.apialicante.com\/de\/dienstleistungen\/schiedsgerichtshof\/","title":{"rendered":"Schiedsgerichtshof"},"content":{"rendered":"<div class=\"wpb-content-wrapper\"><p>[vc_row full_width=&#8220;stretch_row&#8220; css=&#8220;.vc_custom_1712646890303{margin-bottom: 0px !important;background-image: url(http:\/\/www.apialicante.com\/wp-content\/uploads\/2024\/04\/img_banner_todos_apartados_recuadro.jpg?id=1870) !important;background-position: center !important;background-repeat: no-repeat !important;background-size: cover !important;}&#8220; custom_css_code=&#8220;JTQwbWVkaWElMjAlMjhtYXgtd2lkdGglM0ElMjAxMTk5cHglMjklN0IlMEElMjAlMjAlMjAlMjAlNDBpZC53cGJfcm93JTIwJTdCJTBBJTIwJTIwJTIwJTIwJTIwJTIwJTIwJTIwbWFyZ2luLXRvcCUzQSUyMDAlM0IlMEElMjAlMjAlMjAlMjAlN0QlMEElN0Q=&#8220; el_class=&#8220;has-margin&#8220;][vc_column offset=&#8220;vc_col-lg-12 vc_col-md-12 vc_col-xs-12&#8243;][vc_row_inner][vc_column_inner el_class=&#8220;responsive&#8220; offset=&#8220;vc_col-lg-12 vc_hidden-md vc_hidden-sm vc_hidden-xs&#8220;]<div class=\"clearboth\"><\/div><style>#thegem-divider-69d9f95fee74e {margin-top: 5px !important;}<\/style><div id=\"thegem-divider-69d9f95fee74e\" class=\"gem-divider  \" style=\"\" ><\/div>[\/vc_column_inner][vc_column_inner offset=&#8220;vc_hidden-lg vc_col-md-12 vc_col-xs-12&#8243;]<div class=\"clearboth\"><\/div><style>#thegem-divider-69d9f95fee89a {margin-top: 20px !important;}<\/style><div id=\"thegem-divider-69d9f95fee89a\" class=\"gem-divider  \" style=\"\" ><\/div>[\/vc_column_inner][\/vc_row_inner][\/vc_column][vc_column disable_custom_paddings_mobile=&#8220;true&#8220; css=&#8220;.vc_custom_1712742437826{margin-left: -40px !important;padding-left: 65px !important;background-position: 0 0 !important;background-repeat: no-repeat !important;}&#8220; el_class=&#8220;gem-custom-column-margin-none&#8220;][vc_row_inner][vc_column_inner offset=&#8220;vc_col-lg-12 vc_col-md-12 vc_hidden-md vc_hidden-sm vc_col-xs-12 vc_hidden-xs&#8220;]<div class=\"clearboth\"><\/div><style>#thegem-divider-69d9f95fee8c2 {margin-top: 72px !important;}<\/style><div id=\"thegem-divider-69d9f95fee8c2\" class=\"gem-divider  \" style=\"\" ><\/div>[\/vc_column_inner][vc_column_inner offset=&#8220;vc_hidden-lg vc_col-md-12 vc_col-xs-12&#8243;]<div class=\"clearboth\"><\/div><div id=\"thegem-divider-69d9f95fee8e0\" class=\"gem-divider  \" style=\"\" ><\/div>[\/vc_column_inner][vc_column_inner]<div class=\"thegem-te-heading thegem-custom-69d9f95feea428959\" ><script type=\"text\/javascript\">(function() {function TheGemHeading() {this.animateClass = 'thegem-heading-animate';this.animatedClass = 'thegem-heading-animated';}TheGemHeading.prototype = {initialize: function () {let items =document.querySelectorAll('.'+this.animateClass);items.forEach((item)=>{if (this.isElementVisible(item)) {this.prepareAnimation(item);this.startAnimation(item);}});if ('ResizeObserver' in window) {const resizeObserver = new ResizeObserver((entries) => {entries.forEach((entry) => {this.prepareAnimation(entry.target);});});items.forEach((item) => {resizeObserver.observe(item);});}if ('IntersectionObserver' in window) {let intersectionObserver = new IntersectionObserver((entries)=>{entries.forEach((entry)=> {if (entry.isIntersecting) {this.startAnimation(entry.target);intersectionObserver.unobserve(entry.target);}});});items.forEach((item)=>{intersectionObserver.observe(item);this.prepareAnimation(item);});} else {items.forEach((item)=>{this.prepareAnimation(item);this.startAnimation(item);});}},isElementVisible: function (element) {let rect= element.getBoundingClientRect(),width= window.innerWidth || document.documentElement.clientWidth,height = window.innerHeight || document.documentElement.clientHeight,efp= (x, y) => document.elementFromPoint(x, y);if (rect.right < 0 || rect.bottom < 0 || rect.left > width || rect.top > height) return false;return (element.contains(efp(rect.left,rect.top)) ||element.contains(efp(rect.right, rect.top)) ||element.contains(efp(rect.right, rect.bottom)) ||element.contains(efp(rect.left,rect.bottom)));},startAnimation: function (element) {if (element && !element.classList.contains(this.animatedClass)) {element.classList.add(this.animatedClass);element.classList.remove(this.animateClass);element.dispatchEvent(new Event('theGemHeading.startAnimation', {bubbles: true}));}},prepareAnimation: function (element) {if (element\/* && !element.isPreparedAnimation*\/) {element.dispatchEvent(new Event('theGemHeading.prepareAnimation', {bubbles: true}));\/*element.isPreparedAnimation = true;*\/}}};window.theGemHeading = new TheGemHeading();document.addEventListener('DOMContentLoaded', function() {window.theGemHeading.initialize();});})();<\/script><div id=\"thegem-heading-69d9f95fee998\" class=\"thegem-heading thegem-custom-heading-69d9f95fee9914984 title-h4 letters-scale-out thegem-heading-animate\" style=\"text-align: left;\" ><span class=\"colored thegem-heading-word\" style=\"color: #ffffff;\"><span class=\"thegem-heading-letter\" style=\"animation-delay: 430ms\">D<\/span><span class=\"thegem-heading-letter\" style=\"animation-delay: 460ms\">I<\/span><span class=\"thegem-heading-letter\" style=\"animation-delay: 490ms\">E<\/span><span class=\"thegem-heading-letter\" style=\"animation-delay: 520ms\">N<\/span><span class=\"thegem-heading-letter\" style=\"animation-delay: 550ms\">S<\/span><span class=\"thegem-heading-letter\" style=\"animation-delay: 580ms\">T<\/span><span class=\"thegem-heading-letter\" style=\"animation-delay: 610ms\">L<\/span><span class=\"thegem-heading-letter\" style=\"animation-delay: 640ms\">E<\/span><span class=\"thegem-heading-letter\" style=\"animation-delay: 670ms\">I<\/span><span class=\"thegem-heading-letter\" style=\"animation-delay: 700ms\">S<\/span><span class=\"thegem-heading-letter\" style=\"animation-delay: 730ms\">T<\/span><span class=\"thegem-heading-letter\" style=\"animation-delay: 760ms\">U<\/span><span class=\"thegem-heading-letter\" style=\"animation-delay: 790ms\">N<\/span><span class=\"thegem-heading-letter\" style=\"animation-delay: 820ms\">G<\/span><span class=\"thegem-heading-letter\" style=\"animation-delay: 850ms\">E<\/span><span class=\"thegem-heading-letter\" style=\"animation-delay: 880ms\">N<\/span><\/span><\/div><style type=\"text\/css\">#thegem-heading-69d9f95fee998 {margin: 0;}#thegem-heading-69d9f95fee998 {letter-spacing: 3px;}#thegem-heading-69d9f95fee998, #thegem-heading-69d9f95fee998 .light {text-transform: uppercase;}#thegem-heading-69d9f95fee998 a:hover, #thegem-heading-69d9f95fee998 a:hover span.colored {color: var(--thegem-to-menu-level1-color-hover, #00BCD4) !important;}<\/style><\/div><style>@media screen and (max-width: 1023px) {.thegem-heading.thegem-custom-heading-69d9f95fee9914984{display: block!important;}}@media screen and (max-width: 767px) {.thegem-heading.thegem-custom-heading-69d9f95fee9914984{display: block!important;}}@media screen and (max-width: 1023px) {.thegem-heading.thegem-custom-heading-69d9f95fee9914984{position: relative !important;}}@media screen and (max-width: 767px) {.thegem-heading.thegem-custom-heading-69d9f95fee9914984{position: relative !important;}}<\/style>[\/vc_column_inner][vc_column_inner el_class=&#8220;gem-custom-mobile-column-margin&#8220; tablet_margin_top=&#8220;10&#8243; mobile_margin_top=&#8220;10&#8243; offset=&#8220;vc_col-xs-12&#8243;]<div class=\"thegem-te-heading thegem-custom-69d9f95feeb165644\" ><h1 id=\"thegem-heading-69d9f95feeaf6\" class=\"thegem-heading thegem-custom-heading-69d9f95feeaf57091 title-h1 words-slide-right thegem-heading-animate\" style=\"text-align: left;\" ><span class=\"thegem-heading-word-wrap\"><span class=\"colored thegem-heading-word\" style=\"color: #ffffff; animation-delay: 40ms\">Schiedsgericht.<\/span><\/span><\/h1><style type=\"text\/css\">#thegem-heading-69d9f95feeaf6 {margin: 0;}#thegem-heading-69d9f95feeaf6, #thegem-heading-69d9f95feeaf6 .light {text-transform: none;}#thegem-heading-69d9f95feeaf6 a:hover, #thegem-heading-69d9f95feeaf6 a:hover span.colored {color: var(--thegem-to-menu-level1-color-hover, #00BCD4) !important;}<\/style><\/div><style>@media screen and (max-width: 1023px) {.thegem-heading.thegem-custom-heading-69d9f95feeaf57091{display: block!important;}}@media screen and (max-width: 767px) {.thegem-heading.thegem-custom-heading-69d9f95feeaf57091{display: block!important;}}@media screen and (max-width: 1023px) {.thegem-heading.thegem-custom-heading-69d9f95feeaf57091{position: relative !important;}}@media screen and (max-width: 767px) {.thegem-heading.thegem-custom-heading-69d9f95feeaf57091{position: relative !important;}}<\/style>[\/vc_column_inner][vc_column_inner offset=&#8220;vc_col-lg-12 vc_col-md-12 vc_hidden-md vc_hidden-sm vc_hidden-xs&#8220;]<div class=\"clearboth\"><\/div><style>#thegem-divider-69d9f95feeb4d {margin-top: 100px !important;}<\/style><div id=\"thegem-divider-69d9f95feeb4d\" class=\"gem-divider  \" style=\"\" ><\/div>[\/vc_column_inner][vc_column_inner offset=&#8220;vc_hidden-lg vc_col-md-12 vc_col-xs-12 vc_hidden-xs&#8220;]<div class=\"clearboth\"><\/div><style>#thegem-divider-69d9f95feeb6c {margin-top: 90px !important;}<\/style><div id=\"thegem-divider-69d9f95feeb6c\" class=\"gem-divider  \" style=\"\" ><\/div>[\/vc_column_inner][\/vc_row_inner][\/vc_column][vc_column offset=&#8220;vc_col-lg-12&#8243;][vc_row_inner][vc_column_inner offset=&#8220;vc_col-lg-12 vc_hidden-md vc_hidden-sm vc_hidden-xs&#8220;]<div class=\"clearboth\"><\/div><style>#thegem-divider-69d9f95feeb85 {margin-top: 96px !important;}<\/style><div id=\"thegem-divider-69d9f95feeb85\" class=\"gem-divider  \" style=\"\" ><\/div>[\/vc_column_inner][\/vc_row_inner][\/vc_column][\/vc_row][vc_row full_width=&#8220;stretch_row_content&#8220; css=&#8220;.vc_custom_1603047092148{margin-top: -150px !important;}&#8220; el_class=&#8220;gem-custom-responsive-margin-row&#8220;][vc_column width=&#8220;1\/2&#8243;][\/vc_column][vc_column width=&#8220;1\/2&#8243; css=&#8220;.vc_custom_1603048768990{padding-top: 0px !important;padding-left: 67px !important;}&#8220; offset=&#8220;vc_col-lg-6 vc_hidden-md vc_hidden-sm vc_hidden-xs&#8220;][vc_row_inner css=&#8220;.vc_custom_1601975776217{margin-bottom: 0px !important;}&#8220;][vc_column_inner css=&#8220;.vc_custom_1601975823162{padding-top: 0px !important;background-color: #ffffff !important;}&#8220;]<div class=\"clearboth\"><\/div><style>#thegem-divider-69d9f95feeb9c {margin-top: 150px !important;}<\/style><div id=\"thegem-divider-69d9f95feeb9c\" class=\"gem-divider  \" style=\"\" ><\/div>[\/vc_column_inner][\/vc_row_inner][\/vc_column][\/vc_row][vc_row][vc_column offset=&#8220;vc_hidden-lg vc_col-md-12 vc_col-xs-12&#8243;]<div class=\"clearboth\"><\/div><style>#thegem-divider-69d9f95feebb5 {margin-top: 30px !important;}@media screen and (max-width: 767px) {#thegem-divider-69d9f95feebb5 {display: none;}}<\/style><div id=\"thegem-divider-69d9f95feebb5\" class=\"gem-divider  \" style=\"\" ><\/div>[\/vc_column][vc_column offset=&#8220;vc_col-lg-6 vc_col-md-6 vc_col-xs-12&#8243; css=&#8220;.vc_custom_1712647777985{margin-top: 22px !important;}&#8220;]<div class=\"gem-image gem-wrapbox gem-wrapbox-style-default gem-wrapbox-position-right lazy-loading  thegem-custom-69d9f95feebd58023\"  style=\"\" ><div class=\"gem-wrapbox-inner  lazy-loading-item\"  data-ll-effect=\"move-up\"><img class=\"gem-wrapbox-element img-responsive\" src=\"https:\/\/www.apialicante.com\/wp-content\/uploads\/2024\/04\/img_corte_arbitraje.jpg\" alt=\"COAPI-Gerichtshof\"\/><\/div><\/div>[\/vc_column][vc_column width=&#8220;5\/6&#8243; offset=&#8220;vc_col-lg-offset-0 vc_col-lg-6 vc_col-md-offset-0 vc_col-md-6 vc_col-sm-offset-2 vc_col-xs-12&#8243; css=&#8220;.vc_custom_1712647821258{margin-top: 22px !important;}&#8220;][vc_row_inner][vc_column_inner el_id=&#8220;corte-de-arbitraje&#8220;][vc_column_text css_animation=&#8220;bottom-to-top&#8220; css=&#8220;.vc_custom_1712760384010{margin-bottom: -2px !important;}&#8220;]<\/p>\n<div class=\"title-h3\" style=\"color: #141f65;\">Schneiden von<br \/>\nSchlichtung.<\/div>\n<p>[\/vc_column_text][\/vc_column_inner][\/vc_row_inner][vc_row_inner][vc_column_inner width=&#8220;1\/6&#8243; disable_custom_paddings_mobile=&#8220;true&#8220; css=&#8220;.vc_custom_1603185862828{padding-right: 0px !important;}&#8220;]<div class=\"clearboth\"><\/div><style>#thegem-divider-69d9f95feef0c {margin-top: 11px !important;}<\/style><div id=\"thegem-divider-69d9f95feef0c\" class=\"gem-divider  \" style=\"\" ><\/div><div class=\"clearboth\"><\/div><div id=\"thegem-divider-69d9f95feef2d\" class=\"gem-divider   gem-divider-style-2\" style=\"border-color: #ff6c30;\" ><\/div>[\/vc_column_inner][vc_column_inner width=&#8220;5\/6&#8243; disable_custom_paddings_tablet=&#8220;true&#8220; disable_custom_paddings_mobile=&#8220;true&#8220; css=&#8220;.vc_custom_1603177981334{padding-right: 21% !important;padding-left: 20px !important;}&#8220;][vc_column_text css_animation=&#8220;bottom-to-top&#8220;]<\/p>\n<p class=\"title-h4\" style=\"color: #141f65;\">Der Schiedsgerichtshof wurde<br \/>\ndie von der COAPI gebildet werden<\/p>\n<p>[\/vc_column_text][vc_column_text css_animation=&#8220;bottom-to-top&#8220;]<span style=\"color: #141f65;\">Am 31\/03\/09 und hat die Beilegung von Konflikten zwischen Mietern und Vermietern wegen Nichtzahlung der Miete oder aus anderen Gr\u00fcnden zum Gegenstand, die ihre Unstimmigkeiten zuvor dem Schiedsgericht vorgelegt haben.<\/span>[\/vc_column_text][\/vc_column_inner][\/vc_row_inner][\/vc_column][\/vc_row][vc_row][vc_column]<div class=\"clearboth\"><\/div><style>#thegem-divider-69d9f95feef44 {margin-top: 40px !important;}<\/style><div id=\"thegem-divider-69d9f95feef44\" class=\"gem-divider  \" style=\"\" ><\/div>[vc_column_text]<\/p>\n<div class=\"title-h3\"><span style=\"color: #bd102d;\">Entschlie\u00dfungen:<\/span><\/div>\n<p>[\/vc_column_text][\/vc_column][\/vc_row][vc_row][vc_column width=&#8220;1\/3&#8243;][vc_column_text css_animation=&#8220;bottom-to-top&#8220;]<\/p>\n<p class=\"title-h4\" style=\"color: #141f65;\">1.Schiedsgerichtsvereinbarung<\/p>\n<p>[\/vc_column_text][vc_column_text]<a id=\"toggleLink\" href=\"#\"><strong><span style=\"color: #84abd8;\">+ Informationen<\/span><\/strong><\/a>[\/vc_column_text][vc_column_text css_animation=&#8220;bottom-to-top&#8220;]<\/p>\n<div id=\"resolucion1\" style=\"display: none;\">\n<p><span style=\"color: #141f65;\">Um das Schiedsverfahren in Anspruch nehmen zu k\u00f6nnen, m\u00fcssen die Vertragsparteien zuvor eine KLAUSEL ZUR UNTERWERFUNG DES SCHIEDSGERICHTS in Form einer dem Mietvertrag beigef\u00fcgten Klausel unterzeichnet haben. Eine solche Klausel kann in bestehende oder neue Vertr\u00e4ge aufgenommen werden.<\/span><\/p>\n<p><span style=\"color: #141f65;\">Das Schiedsverfahren ist sehr einfach und wird durch eine Klage einer der Vertragsparteien mittels eines Formulars eingeleitet, \u00fcber die innerhalb von h\u00f6chstens zwei Monaten durch einen Schiedsspruch entschieden wird, der zwingend und vollstreckbar ist.<\/span><\/p>\n<\/div>\n<p>[\/vc_column_text]<div class=\"gem-button-container gem-button-position-fullwidth thegem-button-69d9f95feefb02928    \"  ><a class=\"gem-button gem-button-size-small gem-button-style-outline gem-button-text-weight-normal gem-button-border-2\" data-ll-effect=\"drop-right-without-wrap\" style=\"border-radius: 0px;\" onmouseleave=\"\" onmouseenter=\"\" href=\"https:\/\/apialicante.difusion.org\/wp-content\/uploads\/2024\/04\/CONVENIO-ARBITRAL-MODIFICADO-1.doc\" target=\"_self\" id=\"botonDescarga\">DOWNLOAD PDF<\/a><\/div> [\/vc_column][vc_column width=&#8220;1\/3&#8243;][vc_column_text css_animation=&#8220;bottom-to-top&#8220;]<\/p>\n<p class=\"title-h4\" style=\"color: #141f65;\">2. schiedsgerichtliche Regeln<\/p>\n<p>[\/vc_column_text][vc_column_text]<a id=\"toggleLink2\" href=\"#\"><strong><span style=\"color: #84abd8;\">+ Informationen<\/span><\/strong><\/a>[\/vc_column_text][vc_column_text css_animation=&#8220;bottom-to-top&#8220;]<\/p>\n<div id=\"resolucion2\" style=\"display: none;\">\n<p><span style=\"color: #141f65;\">Das Schiedsverfahren ist sehr einfach und wird durch eine Klage einer der Vertragsparteien mittels eines Formulars eingeleitet, \u00fcber die innerhalb von h\u00f6chstens zwei Monaten durch einen Schiedsspruch entschieden wird, der zwingend und vollstreckbar ist.<\/span><\/p>\n<p><span style=\"color: #141f65;\">Das COAPI-Schiedsgericht unterliegt dem Gesetz 60\/2003 vom 23. Dezember 2003 \u00fcber die Schiedsgerichtsbarkeit. Die Verfahrensordnung des Schiedsgerichtshofs kann eingesehen und heruntergeladen werden.<\/span><\/p>\n<\/div>\n<p>[\/vc_column_text]<div class=\"gem-button-container gem-button-position-fullwidth thegem-button-69d9f95fef0025309    \"  ><a class=\"gem-button gem-button-size-small gem-button-style-outline gem-button-text-weight-normal gem-button-border-2\" data-ll-effect=\"drop-right-without-wrap\" style=\"border-radius: 0px;\" onmouseleave=\"\" onmouseenter=\"\" href=\"https:\/\/apialicante.difusion.org\/wp-content\/uploads\/2024\/04\/REGLAMENTO-CORTE-ARBITRAJE-ACTUALIZADO-2020-1.doc\" target=\"_self\" id=\"botonDescarga\">DOWNLOAD PDF<\/a><\/div> [\/vc_column][vc_column width=&#8220;1\/3&#8243;][vc_column_text css_animation=&#8220;bottom-to-top&#8220;]<\/p>\n<p class=\"title-h4\" style=\"color: #141f65;\">3. schiedsgerichtliche Forderung<\/p>\n<p>[\/vc_column_text][vc_column_text]<a id=\"toggleLink3\" href=\"#\"><strong><span style=\"color: #84abd8;\">+ Informationen<\/span><\/strong><\/a>[\/vc_column_text][vc_column_text css_animation=&#8220;bottom-to-top&#8220;]<\/p>\n<div id=\"resolucion3\" style=\"display: none;\">\n<p><span style=\"color: #141f65;\">Wenn Sie beim Schiedsgericht eine KLAGE in Bezug auf einen Mietvertrag einreichen m\u00f6chten, k\u00f6nnen Sie das entsprechende Dokument herunterladen.<\/span><\/p>\n<\/div>\n<p>[\/vc_column_text]<div class=\"gem-button-container gem-button-position-fullwidth thegem-button-69d9f95fef03c4494    \"  ><a class=\"gem-button gem-button-size-small gem-button-style-outline gem-button-text-weight-normal gem-button-border-2\" data-ll-effect=\"drop-right-without-wrap\" style=\"border-radius: 0px;\" onmouseleave=\"\" onmouseenter=\"\" href=\"https:\/\/apialicante.difusion.org\/wp-content\/uploads\/2024\/04\/demanda-corte-arbitraje-arrendamientos-1.doc\" target=\"_self\" id=\"botonDescarga\">DOWNLOAD PDF<\/a><\/div> [\/vc_column][\/vc_row][vc_row][vc_column width=&#8220;1\/3&#8243;][vc_column_text css_animation=&#8220;bottom-to-top&#8220;]<\/p>\n<p class=\"title-h4\" style=\"color: #141f65;\">4. schiedsgerichtliche Forderung<\/p>\n<p>[\/vc_column_text][vc_column_text]<a id=\"toggleLink4\" href=\"#\"><strong><span style=\"color: #84abd8;\">+ Informationen<\/span><\/strong><\/a>[\/vc_column_text][vc_column_text css_animation=&#8220;bottom-to-top&#8220;]<\/p>\n<div id=\"resolucion4\" style=\"display: none;\">\n<p><span style=\"color: #141f65;\">Wenn Ihre Beschwerde eine andere Art von Vertrag betrifft, k\u00f6nnen Sie das Beschwerdeformular herunterladen.<\/span><\/p>\n<\/div>\n<p>[\/vc_column_text]<div class=\"gem-button-container gem-button-position-fullwidth thegem-button-69d9f95fef0726826    \"  ><a class=\"gem-button gem-button-size-small gem-button-style-outline gem-button-text-weight-normal gem-button-border-2\" data-ll-effect=\"drop-right-without-wrap\" style=\"border-radius: 0px;\" onmouseleave=\"\" onmouseenter=\"\" href=\"https:\/\/apialicante.difusion.org\/wp-content\/uploads\/2024\/04\/demanda-corte-arbitraje-1.doc\" target=\"_self\" id=\"botonDescarga\">DOWNLOAD PDF<\/a><\/div> [\/vc_column][vc_column width=&#8220;1\/3&#8243;][vc_column_text css_animation=&#8220;bottom-to-top&#8220;]<\/p>\n<p class=\"title-h4\" style=\"color: #141f65;\">5.Allgemeines Schiedsverfahrensrecht<\/p>\n<p>[\/vc_column_text][vc_column_text]<a id=\"toggleLink5\" href=\"#\"><strong><span style=\"color: #84abd8;\">+ Informationen<\/span><\/strong><\/a>[\/vc_column_text][vc_column_text css_animation=&#8220;bottom-to-top&#8220;]<\/p>\n<div id=\"resolucion5\" style=\"display: none;\">\n<p><span style=\"color: #141f65;\">F\u00fcr weitere Informationen k\u00f6nnen Sie den vollst\u00e4ndigen Text des ALLGEMEINEN SCHIEDSRICHTSGESETZES herunterladen<\/span><\/p>\n<\/div>\n<p>[\/vc_column_text]<div class=\"gem-button-container gem-button-position-fullwidth thegem-button-69d9f95fef0a38928    \"  ><a class=\"gem-button gem-button-size-small gem-button-style-outline gem-button-text-weight-normal gem-button-border-2\" data-ll-effect=\"drop-right-without-wrap\" style=\"border-radius: 0px;\" onmouseleave=\"\" onmouseenter=\"\" href=\"https:\/\/apialicante.difusion.org\/wp-content\/uploads\/2024\/04\/BOE-A-2003-23646-consolidado.pdf\" target=\"_self\" id=\"botonDescarga\">DOWNLOAD PDF<\/a><\/div> [\/vc_column][vc_column width=&#8220;1\/3&#8243;][\/vc_column][\/vc_row]<\/p>\n<\/div>","protected":false},"excerpt":{"rendered":"<p>[vc_row full_width=&#8220;stretch_row&#8220; css=&#8220;.vc_custom_1712646890303{margin-bottom: 0px !important;background-image: url(http:\/\/www.apialicante.com\/wp-content\/uploads\/2024\/04\/img_banner_todos_apartados_recuadro.jpg?id=1870) !important;background-position: center !important;background-repeat: no-repeat !important;background-size: cover !important;}&#8220; custom_css_code=&#8220;JTQwbWVkaWElMjAlMjhtYXgtd2lkdGglM0ElMjAxMTk5cHglMjklN0IlMEElMjAlMjAlMjAlMjAlNDBpZC53cGJfcm93JTIwJTdCJTBBJTIwJTIwJTIwJTIwJTIwJTIwJTIwJTIwbWFyZ2luLXRvcCUzQSUyMDAlM0IlMEElMjAlMjAlMjAlMjAlN0QlMEElN0Q=&#8220; el_class=&#8220;has-margin&#8220;][vc_column offset=&#8220;vc_col-lg-12 vc_col-md-12 vc_col-xs-12&#8243;][vc_row_inner][vc_column_inner el_class=&#8220;responsive&#8220; offset=&#8220;vc_col-lg-12&#8230;<\/p>\n","protected":false},"author":1,"featured_media":0,"parent":13776,"menu_order":0,"comment_status":"closed","ping_status":"closed","template":"","meta":{"_acf_changed":false,"footnotes":""},"class_list":["post-13654","page","type-page","status-publish"],"acf":[],"_links":{"self":[{"href":"https:\/\/www.apialicante.com\/de\/wp-json\/wp\/v2\/pages\/13654","targetHints":{"allow":["GET"]}}],"collection":[{"href":"https:\/\/www.apialicante.com\/de\/wp-json\/wp\/v2\/pages"}],"about":[{"href":"https:\/\/www.apialicante.com\/de\/wp-json\/wp\/v2\/types\/page"}],"author":[{"embeddable":true,"href":"https:\/\/www.apialicante.com\/de\/wp-json\/wp\/v2\/users\/1"}],"replies":[{"embeddable":true,"href":"https:\/\/www.apialicante.com\/de\/wp-json\/wp\/v2\/comments?post=13654"}],"version-history":[{"count":2,"href":"https:\/\/www.apialicante.com\/de\/wp-json\/wp\/v2\/pages\/13654\/revisions"}],"predecessor-version":[{"id":13656,"href":"https:\/\/www.apialicante.com\/de\/wp-json\/wp\/v2\/pages\/13654\/revisions\/13656"}],"up":[{"embeddable":true,"href":"https:\/\/www.apialicante.com\/de\/wp-json\/wp\/v2\/pages\/13776"}],"wp:attachment":[{"href":"https:\/\/www.apialicante.com\/de\/wp-json\/wp\/v2\/media?parent=13654"}],"curies":[{"name":"wp","href":"https:\/\/api.w.org\/{rel}","templated":true}]}}