{"id":13752,"date":"2024-04-10T10:55:24","date_gmt":"2024-04-10T08:55:24","guid":{"rendered":"http:\/\/www.apialicante.com\/katasterinformationspunkt\/"},"modified":"2024-05-03T09:49:29","modified_gmt":"2024-05-03T07:49:29","slug":"katasterinformationspunkt","status":"publish","type":"page","link":"https:\/\/www.apialicante.com\/de\/dienstleistungen\/katasterinformationspunkt\/","title":{"rendered":"Katasterinformationspunkt"},"content":{"rendered":"<div class=\"wpb-content-wrapper\"><p>[vc_row full_width=&#8220;stretch_row&#8220; css=&#8220;.vc_custom_1712646890303{margin-bottom: 0px !important;background-image: url(http:\/\/www.apialicante.com\/wp-content\/uploads\/2024\/04\/img_banner_todos_apartados_recuadro.jpg?id=1870) !important;background-position: center !important;background-repeat: no-repeat !important;background-size: cover !important;}&#8220; custom_css_code=&#8220;JTQwbWVkaWElMjAlMjhtYXgtd2lkdGglM0ElMjAxMTk5cHglMjklN0IlMEElMjAlMjAlMjAlMjAlNDBpZC53cGJfcm93JTIwJTdCJTBBJTIwJTIwJTIwJTIwJTIwJTIwJTIwJTIwbWFyZ2luLXRvcCUzQSUyMDAlM0IlMEElMjAlMjAlMjAlMjAlN0QlMEElN0Q=&#8220; el_class=&#8220;has-margin&#8220;][vc_column offset=&#8220;vc_col-lg-12 vc_col-md-12 vc_col-xs-12&#8243;][vc_row_inner][vc_column_inner el_class=&#8220;responsive&#8220; offset=&#8220;vc_col-lg-12 vc_hidden-md vc_hidden-sm vc_hidden-xs&#8220;]<div class=\"clearboth\"><\/div><style>#thegem-divider-69d9f92472cda {margin-top: 5px !important;}<\/style><div id=\"thegem-divider-69d9f92472cda\" class=\"gem-divider  \" style=\"\" ><\/div>[\/vc_column_inner][vc_column_inner offset=&#8220;vc_hidden-lg vc_col-md-12 vc_col-xs-12&#8243;]<div class=\"clearboth\"><\/div><style>#thegem-divider-69d9f92472e7a {margin-top: 20px !important;}<\/style><div id=\"thegem-divider-69d9f92472e7a\" class=\"gem-divider  \" style=\"\" ><\/div>[\/vc_column_inner][\/vc_row_inner][\/vc_column][vc_column disable_custom_paddings_mobile=&#8220;true&#8220; css=&#8220;.vc_custom_1712742437826{margin-left: -40px !important;padding-left: 65px !important;background-position: 0 0 !important;background-repeat: no-repeat !important;}&#8220; el_class=&#8220;gem-custom-column-margin-none&#8220;][vc_row_inner][vc_column_inner offset=&#8220;vc_col-lg-12 vc_col-md-12 vc_hidden-md vc_hidden-sm vc_col-xs-12 vc_hidden-xs&#8220;]<div class=\"clearboth\"><\/div><style>#thegem-divider-69d9f92472e9b {margin-top: 72px !important;}<\/style><div id=\"thegem-divider-69d9f92472e9b\" class=\"gem-divider  \" style=\"\" ><\/div>[\/vc_column_inner][vc_column_inner offset=&#8220;vc_hidden-lg vc_col-md-12 vc_col-xs-12&#8243;]<div class=\"clearboth\"><\/div><div id=\"thegem-divider-69d9f92472eb6\" class=\"gem-divider  \" style=\"\" ><\/div>[\/vc_column_inner][vc_column_inner]<div class=\"thegem-te-heading thegem-custom-69d9f92472fe36794\" ><script type=\"text\/javascript\">(function() {function TheGemHeading() {this.animateClass = 'thegem-heading-animate';this.animatedClass = 'thegem-heading-animated';}TheGemHeading.prototype = {initialize: function () {let items =document.querySelectorAll('.'+this.animateClass);items.forEach((item)=>{if (this.isElementVisible(item)) {this.prepareAnimation(item);this.startAnimation(item);}});if ('ResizeObserver' in window) {const resizeObserver = new ResizeObserver((entries) => {entries.forEach((entry) => {this.prepareAnimation(entry.target);});});items.forEach((item) => {resizeObserver.observe(item);});}if ('IntersectionObserver' in window) {let intersectionObserver = new IntersectionObserver((entries)=>{entries.forEach((entry)=> {if (entry.isIntersecting) {this.startAnimation(entry.target);intersectionObserver.unobserve(entry.target);}});});items.forEach((item)=>{intersectionObserver.observe(item);this.prepareAnimation(item);});} else {items.forEach((item)=>{this.prepareAnimation(item);this.startAnimation(item);});}},isElementVisible: function (element) {let rect= element.getBoundingClientRect(),width= window.innerWidth || document.documentElement.clientWidth,height = window.innerHeight || document.documentElement.clientHeight,efp= (x, y) => document.elementFromPoint(x, y);if (rect.right < 0 || rect.bottom < 0 || rect.left > width || rect.top > height) return false;return (element.contains(efp(rect.left,rect.top)) ||element.contains(efp(rect.right, rect.top)) ||element.contains(efp(rect.right, rect.bottom)) ||element.contains(efp(rect.left,rect.bottom)));},startAnimation: function (element) {if (element && !element.classList.contains(this.animatedClass)) {element.classList.add(this.animatedClass);element.classList.remove(this.animateClass);element.dispatchEvent(new Event('theGemHeading.startAnimation', {bubbles: true}));}},prepareAnimation: function (element) {if (element\/* && !element.isPreparedAnimation*\/) {element.dispatchEvent(new Event('theGemHeading.prepareAnimation', {bubbles: true}));\/*element.isPreparedAnimation = true;*\/}}};window.theGemHeading = new TheGemHeading();document.addEventListener('DOMContentLoaded', function() {window.theGemHeading.initialize();});})();<\/script><div id=\"thegem-heading-69d9f92472f6a\" class=\"thegem-heading thegem-custom-heading-69d9f92472f677343 title-h4 letters-scale-out thegem-heading-animate\" style=\"text-align: left;\" ><span class=\"colored thegem-heading-word\" style=\"color: #ffffff;\"><span class=\"thegem-heading-letter\" style=\"animation-delay: 430ms\">D<\/span><span class=\"thegem-heading-letter\" style=\"animation-delay: 460ms\">I<\/span><span class=\"thegem-heading-letter\" style=\"animation-delay: 490ms\">E<\/span><span class=\"thegem-heading-letter\" style=\"animation-delay: 520ms\">N<\/span><span class=\"thegem-heading-letter\" style=\"animation-delay: 550ms\">S<\/span><span class=\"thegem-heading-letter\" style=\"animation-delay: 580ms\">T<\/span><span class=\"thegem-heading-letter\" style=\"animation-delay: 610ms\">L<\/span><span class=\"thegem-heading-letter\" style=\"animation-delay: 640ms\">E<\/span><span class=\"thegem-heading-letter\" style=\"animation-delay: 670ms\">I<\/span><span class=\"thegem-heading-letter\" style=\"animation-delay: 700ms\">S<\/span><span class=\"thegem-heading-letter\" style=\"animation-delay: 730ms\">T<\/span><span class=\"thegem-heading-letter\" style=\"animation-delay: 760ms\">U<\/span><span class=\"thegem-heading-letter\" style=\"animation-delay: 790ms\">N<\/span><span class=\"thegem-heading-letter\" style=\"animation-delay: 820ms\">G<\/span><span class=\"thegem-heading-letter\" style=\"animation-delay: 850ms\">E<\/span><span class=\"thegem-heading-letter\" style=\"animation-delay: 880ms\">N<\/span><\/span><\/div><style type=\"text\/css\">#thegem-heading-69d9f92472f6a {margin: 0;}#thegem-heading-69d9f92472f6a {letter-spacing: 3px;}#thegem-heading-69d9f92472f6a, #thegem-heading-69d9f92472f6a .light {text-transform: uppercase;}#thegem-heading-69d9f92472f6a a:hover, #thegem-heading-69d9f92472f6a a:hover span.colored {color: var(--thegem-to-menu-level1-color-hover, #00BCD4) !important;}<\/style><\/div><style>@media screen and (max-width: 1023px) {.thegem-heading.thegem-custom-heading-69d9f92472f677343{display: block!important;}}@media screen and (max-width: 767px) {.thegem-heading.thegem-custom-heading-69d9f92472f677343{display: block!important;}}@media screen and (max-width: 1023px) {.thegem-heading.thegem-custom-heading-69d9f92472f677343{position: relative !important;}}@media screen and (max-width: 767px) {.thegem-heading.thegem-custom-heading-69d9f92472f677343{position: relative !important;}}<\/style>[\/vc_column_inner][vc_column_inner el_class=&#8220;gem-custom-mobile-column-margin&#8220; tablet_margin_top=&#8220;10&#8243; mobile_margin_top=&#8220;10&#8243; offset=&#8220;vc_col-xs-12&#8243;]<div class=\"thegem-te-heading thegem-custom-69d9f924730a59404\" ><h1 id=\"thegem-heading-69d9f92473089\" class=\"thegem-heading thegem-custom-heading-69d9f924730881177 title-h1 words-slide-right thegem-heading-animate\" style=\"text-align: left;\" ><span class=\"thegem-heading-word-wrap\"><span class=\"colored thegem-heading-word\" style=\"color: #ffffff; animation-delay: 40ms\">Katasterinformationspunkt<\/span><\/span><\/h1><style type=\"text\/css\">#thegem-heading-69d9f92473089 {margin: 0;}#thegem-heading-69d9f92473089, #thegem-heading-69d9f92473089 .light {text-transform: none;}#thegem-heading-69d9f92473089 a:hover, #thegem-heading-69d9f92473089 a:hover span.colored {color: var(--thegem-to-menu-level1-color-hover, #00BCD4) !important;}<\/style><\/div><style>@media screen and (max-width: 1023px) {.thegem-heading.thegem-custom-heading-69d9f924730881177{display: block!important;}}@media screen and (max-width: 767px) {.thegem-heading.thegem-custom-heading-69d9f924730881177{display: block!important;}}@media screen and (max-width: 1023px) {.thegem-heading.thegem-custom-heading-69d9f924730881177{position: relative !important;}}@media screen and (max-width: 767px) {.thegem-heading.thegem-custom-heading-69d9f924730881177{position: relative !important;}}<\/style>[\/vc_column_inner][vc_column_inner offset=&#8220;vc_col-lg-12 vc_col-md-12 vc_hidden-md vc_hidden-sm vc_hidden-xs&#8220;]<div class=\"clearboth\"><\/div><style>#thegem-divider-69d9f924730cf {margin-top: 100px !important;}<\/style><div id=\"thegem-divider-69d9f924730cf\" class=\"gem-divider  \" style=\"\" ><\/div>[\/vc_column_inner][vc_column_inner offset=&#8220;vc_hidden-lg vc_col-md-12 vc_col-xs-12 vc_hidden-xs&#8220;]<div class=\"clearboth\"><\/div><style>#thegem-divider-69d9f924730ee {margin-top: 90px !important;}<\/style><div id=\"thegem-divider-69d9f924730ee\" class=\"gem-divider  \" style=\"\" ><\/div>[\/vc_column_inner][\/vc_row_inner][\/vc_column][vc_column offset=&#8220;vc_col-lg-12&#8243;][vc_row_inner][vc_column_inner offset=&#8220;vc_col-lg-12 vc_hidden-md vc_hidden-sm vc_hidden-xs&#8220;]<div class=\"clearboth\"><\/div><style>#thegem-divider-69d9f92473109 {margin-top: 96px !important;}<\/style><div id=\"thegem-divider-69d9f92473109\" class=\"gem-divider  \" style=\"\" ><\/div>[\/vc_column_inner][\/vc_row_inner][\/vc_column][\/vc_row][vc_row full_width=&#8220;stretch_row_content&#8220; css=&#8220;.vc_custom_1603047092148{margin-top: -150px !important;}&#8220; el_class=&#8220;gem-custom-responsive-margin-row&#8220;][vc_column width=&#8220;1\/2&#8243;][\/vc_column][vc_column width=&#8220;1\/2&#8243; css=&#8220;.vc_custom_1603048768990{padding-top: 0px !important;padding-left: 67px !important;}&#8220; offset=&#8220;vc_col-lg-6 vc_hidden-md vc_hidden-sm vc_hidden-xs&#8220;][vc_row_inner css=&#8220;.vc_custom_1601975776217{margin-bottom: 0px !important;}&#8220;][vc_column_inner css=&#8220;.vc_custom_1601975823162{padding-top: 0px !important;background-color: #ffffff !important;}&#8220;]<div class=\"clearboth\"><\/div><style>#thegem-divider-69d9f92473122 {margin-top: 150px !important;}<\/style><div id=\"thegem-divider-69d9f92473122\" class=\"gem-divider  \" style=\"\" ><\/div>[\/vc_column_inner][\/vc_row_inner][\/vc_column][\/vc_row][vc_row][vc_column offset=&#8220;vc_col-lg-12 vc_hidden-md vc_hidden-sm&#8220;]<div class=\"clearboth\"><\/div><style>#thegem-divider-69d9f92473138 {margin-top: 70px !important;}@media screen and (max-width: 767px) {#thegem-divider-69d9f92473138 {display: none;}}<\/style><div id=\"thegem-divider-69d9f92473138\" class=\"gem-divider  \" style=\"\" ><\/div>[\/vc_column][vc_column offset=&#8220;vc_hidden-lg vc_col-md-12 vc_col-xs-12&#8243;]<div class=\"clearboth\"><\/div><style>#thegem-divider-69d9f9247314d {margin-top: 30px !important;}@media screen and (max-width: 767px) {#thegem-divider-69d9f9247314d {display: none;}}<\/style><div id=\"thegem-divider-69d9f9247314d\" class=\"gem-divider  \" style=\"\" ><\/div>[\/vc_column][vc_column width=&#8220;5\/6&#8243; offset=&#8220;vc_col-lg-offset-0 vc_col-lg-6 vc_col-md-offset-0 vc_col-md-6 vc_col-sm-offset-2 vc_col-xs-12&#8243;][vc_row_inner][vc_column_inner el_id=&#8220;catastro&#8220;][vc_column_text css_animation=&#8220;bottom-to-top&#8220; css=&#8220;.vc_custom_1712739953522{margin-bottom: -2px !important;}&#8220;]<\/p>\n<div class=\"title-h2\" style=\"color: #141f65;\">Punkt<br \/>\nInformation<br \/>\nKataster.<\/div>\n<p>[\/vc_column_text][\/vc_column_inner][\/vc_row_inner][vc_row_inner][vc_column_inner width=&#8220;1\/6&#8243; disable_custom_paddings_mobile=&#8220;true&#8220; css=&#8220;.vc_custom_1603185862828{padding-right: 0px !important;}&#8220;]<div class=\"clearboth\"><\/div><style>#thegem-divider-69d9f92473161 {margin-top: 11px !important;}<\/style><div id=\"thegem-divider-69d9f92473161\" class=\"gem-divider  \" style=\"\" ><\/div><div class=\"clearboth\"><\/div><div id=\"thegem-divider-69d9f92473177\" class=\"gem-divider   gem-divider-style-2\" style=\"border-color: #ff6c30;\" ><\/div>[\/vc_column_inner][vc_column_inner width=&#8220;5\/6&#8243; disable_custom_paddings_tablet=&#8220;true&#8220; disable_custom_paddings_mobile=&#8220;true&#8220; css=&#8220;.vc_custom_1603177981334{padding-right: 21% !important;padding-left: 20px !important;}&#8220;][vc_column_text css_animation=&#8220;bottom-to-top&#8220;]<\/p>\n<p class=\"title-h4\" style=\"color: #141f65;\">C\/Arzobispo Loaces,5<br \/>\nAlicante<\/p>\n<p>[\/vc_column_text][vc_column_text css_animation=&#8220;bottom-to-top&#8220;]<span style=\"color: #141f65;\">Dank dieser Initiative k\u00f6nnen die B\u00fcrger von Alicante auf die folgenden Dienste zugreifen.<\/span>[\/vc_column_text][\/vc_column_inner][\/vc_row_inner][\/vc_column][vc_column offset=&#8220;vc_col-lg-6 vc_col-md-6 vc_col-xs-12&#8243; css=&#8220;.vc_custom_1712587576518{margin-top: 22px !important;}&#8220;]<div class=\"gem-image gem-wrapbox gem-wrapbox-style-default gem-wrapbox-position-left lazy-loading  thegem-custom-69d9f924731924736\"  style=\"\" ><div class=\"gem-wrapbox-inner  lazy-loading-item\"  data-ll-effect=\"move-up\"><img class=\"gem-wrapbox-element img-responsive\" src=\"https:\/\/www.apialicante.com\/wp-content\/uploads\/2024\/04\/img_punto_catastral.jpg\" alt=\"Gericht\"\/><\/div><\/div>[\/vc_column][vc_column][vc_row_inner][vc_column_inner offset=&#8220;vc_col-lg-6 vc_col-md-12 vc_col-xs-12&#8243;]<div class=\"clearboth\"><\/div><style>#thegem-divider-69d9f924734cb {margin-top: 20px !important;}<\/style><div id=\"thegem-divider-69d9f924734cb\" class=\"gem-divider  \" style=\"\" ><\/div>[vc_column_text]<\/p>\n<div class=\"title-h3\"><span style=\"color: #bd102d;\">Dienstleistungen<br \/>\nverf\u00fcgbar:<\/span><\/div>\n<p>[\/vc_column_text][\/vc_column_inner][vc_column_inner offset=&#8220;vc_col-lg-6 vc_col-md-12 vc_col-xs-12&#8243;][\/vc_column_inner][\/vc_row_inner][\/vc_column][\/vc_row][vc_row][vc_column][vc_tta_tabs title_tag=&#8220;h6&#8243; shape=&#8220;square&#8220; spacing=&#8220;3&#8243; active_section=&#8220;1&#8243; css=&#8220;.vc_custom_1712661568282{background-color: #ffffff !important;}&#8220; el_id=&#8220;documentacion&#8220;][vc_tta_section title=&#8220;Beratung und Zertifizierung&#8220; tab_id=&#8220;1712650870132-5e54833a-0de3&#8243;][vc_row_inner][vc_column_inner offset=&#8220;vc_col-lg-6 vc_col-md-12 vc_col-xs-12&#8243;][vc_column_text css_animation=&#8220;bottom-to-top&#8220;]<span style=\"color: #141f65;\">Vom PIC aus k\u00f6nnen alle B\u00fcrger die gesch\u00fctzten Daten \u00fcber Immobilien, die in der Nationalen Katasterdatenbank enthalten sind, einsehen und eine elektronische Bescheinigung derselben beantragen.<\/span>[\/vc_column_text][\/vc_column_inner][vc_column_inner offset=&#8220;vc_col-lg-6 vc_col-md-12 vc_col-xs-12&#8243;][\/vc_column_inner][\/vc_row_inner][vc_row_inner][vc_column_inner offset=&#8220;vc_col-lg-6 vc_col-md-12 vc_col-xs-12&#8243;][vc_column_text css_animation=&#8220;bottom-to-top&#8220;]<strong><span style=\"color: #141f65;\">Sie k\u00f6nnen auf diesen Dienst zugreifen<\/span><\/strong><\/p>\n<ul style=\"list-style-type: disc;\">\n<li><span style=\"color: #141f65;\">Die Katastereigent\u00fcmer der Verm\u00f6genswerte, die als solche im Kataster erscheinen.<\/span><\/li>\n<li><span style=\"color: #141f65;\">Zahlung der Verwaltungskosten f\u00fcr die Mitgliedschaft.<\/span><\/li>\n<li><span style=\"color: #141f65;\">Ihre gesetzlichen oder freiwilligen Vertreter, die ihre Vertretung nachweisen m\u00fcssen.<\/span><\/li>\n<li><span style=\"color: #141f65;\">Die von den Katastereigent\u00fcmern autorisierten Personen.<\/span><\/li>\n<\/ul>\n<p>[\/vc_column_text][\/vc_column_inner][vc_column_inner offset=&#8220;vc_col-lg-6 vc_col-md-12 vc_col-xs-12&#8243;][vc_column_text css_animation=&#8220;bottom-to-top&#8220;]<strong><span style=\"color: #141f65;\">Interessenten k\u00f6nnen eine Anfrage stellen<\/span><\/strong><\/p>\n<ul style=\"list-style-type: disc;\">\n<li><span style=\"color: #141f65;\">W\u00f6rtliche Zertifizierungen.<\/span><\/li>\n<li><span style=\"color: #141f65;\">Beschreibende und grafische Zertifizierungen<\/span><\/li>\n<li><span style=\"color: #141f65;\">Negativbescheinigungen dar\u00fcber, dass sie nicht als Katastereigent\u00fcmer einer Immobilie in der Katasterdatenbank aufgef\u00fchrt sind.<\/span><\/li>\n<\/ul>\n<p>[\/vc_column_text][\/vc_column_inner][\/vc_row_inner][\/vc_tta_section][vc_tta_section title=&#8220;G\u00fcltigkeit und Wirksamkeit&#8220; tab_id=&#8220;1712650871330-e0e5ea92-a03c&#8220;][vc_row_inner][vc_column_inner offset=&#8220;vc_col-lg-6 vc_col-md-12 vc_col-xs-12&#8243;][vc_column_text css_animation=&#8220;bottom-to-top&#8220;]<span style=\"color: #141f65;\">Die von der Katasterinformationsstelle erstellten Dokumente enthalten das Datum ihrer Ausstellung und einen elektronischen Code, der die \u00dcberpr\u00fcfung ihrer Integrit\u00e4t und Authentizit\u00e4t erm\u00f6glicht, und genie\u00dfen volle G\u00fcltigkeit und Wirksamkeit gem\u00e4\u00df den Bestimmungen von Artikel 96 des Gesetzes 58\/2003 17. Dezember, Allgemeine Steuer, und durch Artikel 41 des konsolidierten Textes des Immobilienkatastergesetzes.<\/span>[\/vc_column_text][\/vc_column_inner][vc_column_inner offset=&#8220;vc_col-lg-6 vc_col-md-12 vc_col-xs-12&#8243;][\/vc_column_inner][\/vc_row_inner][vc_row_inner][vc_column_inner offset=&#8220;vc_col-lg-6 vc_col-md-6 vc_col-xs-12&#8243;][vc_column_text css_animation=&#8220;bottom-to-top&#8220;]<strong><span style=\"color: #141f65;\">\u00d6ffnungszeiten:<\/span><\/strong><\/p>\n<ul style=\"list-style-type: disc;\">\n<li><span style=\"color: #141f65;\">Montag bis Freitag, von 9:00 bis 14:00 Uhr.<\/span><\/li>\n<\/ul>\n<p>[\/vc_column_text][\/vc_column_inner][vc_column_inner offset=&#8220;vc_col-lg-6 vc_col-md-12 vc_col-xs-12&#8243;][vc_column_text css_animation=&#8220;bottom-to-top&#8220;]<strong><span style=\"color: #141f65;\">Anzahl Zertifizierungen:<\/span><\/strong><\/p>\n<ul style=\"list-style-type: disc;\">\n<li><span style=\"color: #141f65;\">W\u00f6rtliche oder negative Beglaubigung 10,00 \u20ac + MwSt<\/span><\/li>\n<li><span style=\"color: #141f65;\">Beschreibende und grafische Zertifizierung 12,00 \u20ac + MwSt<\/span><\/li>\n<\/ul>\n<p>[\/vc_column_text][\/vc_column_inner][\/vc_row_inner][\/vc_tta_section][\/vc_tta_tabs][vc_row_inner][vc_column_inner]<div class=\"clearboth\"><\/div><style>#thegem-divider-69d9f924734e4 {margin-top: 20px !important;}<\/style><div id=\"thegem-divider-69d9f924734e4\" class=\"gem-divider  \" style=\"\" ><\/div>[\/vc_column_inner][\/vc_row_inner][vc_row_inner][vc_column_inner width=&#8220;1\/3&#8243;][vc_column_text css_animation=&#8220;bottom-to-top&#8220;]<\/p>\n<h4 style=\"color: #141f65;\">Autorisierungsmodell<\/h4>\n<p><span style=\"color: #141f65;\">Wenn Sie nicht Katastereigent\u00fcmer sind, k\u00f6nnen Sie das Berechtigungsmodell hier herunterladen.<\/span>[\/vc_column_text][\/vc_column_inner][vc_column_inner width=&#8220;1\/3&#8243;][\/vc_column_inner][vc_column_inner width=&#8220;1\/3&#8243;]<div class=\"gem-button-container gem-button-position-fullwidth thegem-button-69d9f924735393565    \"  ><a class=\"gem-button gem-button-size-small gem-button-style-outline gem-button-text-weight-normal gem-button-border-2\" data-ll-effect=\"drop-right-without-wrap\" style=\"border-radius: 0px;\" onmouseleave=\"\" onmouseenter=\"\" href=\"https:\/\/apialicante.difusion.org\/wp-content\/uploads\/2024\/04\/210713-MODELO-AUTORIZACION-TITULAR-CATASTRAL.pdf\" target=\"_self\" id=\"botonDescarga\">DOWNLOAD PDF<\/a><\/div> [\/vc_column_inner][\/vc_row_inner][\/vc_column][\/vc_row]<\/p>\n<\/div>","protected":false},"excerpt":{"rendered":"<p>[vc_row full_width=&#8220;stretch_row&#8220; css=&#8220;.vc_custom_1712646890303{margin-bottom: 0px !important;background-image: url(http:\/\/www.apialicante.com\/wp-content\/uploads\/2024\/04\/img_banner_todos_apartados_recuadro.jpg?id=1870) !important;background-position: center !important;background-repeat: no-repeat !important;background-size: cover !important;}&#8220; custom_css_code=&#8220;JTQwbWVkaWElMjAlMjhtYXgtd2lkdGglM0ElMjAxMTk5cHglMjklN0IlMEElMjAlMjAlMjAlMjAlNDBpZC53cGJfcm93JTIwJTdCJTBBJTIwJTIwJTIwJTIwJTIwJTIwJTIwJTIwbWFyZ2luLXRvcCUzQSUyMDAlM0IlMEElMjAlMjAlMjAlMjAlN0QlMEElN0Q=&#8220; el_class=&#8220;has-margin&#8220;][vc_column offset=&#8220;vc_col-lg-12 vc_col-md-12 vc_col-xs-12&#8243;][vc_row_inner][vc_column_inner el_class=&#8220;responsive&#8220; offset=&#8220;vc_col-lg-12&#8230;<\/p>\n","protected":false},"author":1,"featured_media":0,"parent":13776,"menu_order":0,"comment_status":"closed","ping_status":"closed","template":"","meta":{"_acf_changed":false,"footnotes":""},"class_list":["post-13752","page","type-page","status-publish"],"acf":[],"_links":{"self":[{"href":"https:\/\/www.apialicante.com\/de\/wp-json\/wp\/v2\/pages\/13752","targetHints":{"allow":["GET"]}}],"collection":[{"href":"https:\/\/www.apialicante.com\/de\/wp-json\/wp\/v2\/pages"}],"about":[{"href":"https:\/\/www.apialicante.com\/de\/wp-json\/wp\/v2\/types\/page"}],"author":[{"embeddable":true,"href":"https:\/\/www.apialicante.com\/de\/wp-json\/wp\/v2\/users\/1"}],"replies":[{"embeddable":true,"href":"https:\/\/www.apialicante.com\/de\/wp-json\/wp\/v2\/comments?post=13752"}],"version-history":[{"count":2,"href":"https:\/\/www.apialicante.com\/de\/wp-json\/wp\/v2\/pages\/13752\/revisions"}],"predecessor-version":[{"id":13754,"href":"https:\/\/www.apialicante.com\/de\/wp-json\/wp\/v2\/pages\/13752\/revisions\/13754"}],"up":[{"embeddable":true,"href":"https:\/\/www.apialicante.com\/de\/wp-json\/wp\/v2\/pages\/13776"}],"wp:attachment":[{"href":"https:\/\/www.apialicante.com\/de\/wp-json\/wp\/v2\/media?parent=13752"}],"curies":[{"name":"wp","href":"https:\/\/api.w.org\/{rel}","templated":true}]}}