{"id":20199,"date":"2024-09-26T13:11:52","date_gmt":"2024-09-26T11:11:52","guid":{"rendered":"https:\/\/www.apialicante.com\/rechtlicher-hinweis\/"},"modified":"2025-12-09T15:29:50","modified_gmt":"2025-12-09T14:29:50","slug":"rechtlicher-hinweis","status":"publish","type":"page","link":"https:\/\/www.apialicante.com\/de\/rechtlicher-hinweis\/","title":{"rendered":"Rechtlicher Hinweis"},"content":{"rendered":"<div class=\"wpb-content-wrapper\"><p>[vc_section][vc_row][vc_column][vc_column_text css=&#8220;&#8220;][\/vc_column_text]<div class=\"thegem-te-heading thegem-custom-69ef18698fa913630\" ><h1 id=\"thegem-heading-69ef18698fa59\" class=\"thegem-heading thegem-custom-heading-69ef18698fa5590\" style=\"text-align: left;\" ><span>Rechtlicher Hinweis<\/span><\/h1><style type=\"text\/css\">#thegem-heading-69ef18698fa59 {margin: 0;}#thegem-heading-69ef18698fa59 a:hover, #thegem-heading-69ef18698fa59 a:hover span.colored {color: var(--thegem-to-menu-level1-color-hover, #00BCD4) !important;}<\/style><\/div><style>@media screen and (max-width: 1023px) {.thegem-heading.thegem-custom-heading-69ef18698fa5590{display: block!important;}}@media screen and (max-width: 767px) {.thegem-heading.thegem-custom-heading-69ef18698fa5590{display: block!important;}}@media screen and (max-width: 1023px) {.thegem-heading.thegem-custom-heading-69ef18698fa5590{position: relative !important;}}@media screen and (max-width: 767px) {.thegem-heading.thegem-custom-heading-69ef18698fa5590{position: relative !important;}}<\/style>[vc_column_text css=&#8220;&#8220;]<\/p>\n<h2>Informationen zum Unternehmen und Angaben zum Eigent\u00fcmer der Website<\/h2>\n<p>In \u00dcbereinstimmung mit Artikel 10 des Gesetzes 34\/2002 \u00fcber Dienste der Informationsgesellschaft und des elektronischen Handels (LSSI) wird darauf hingewiesen, dass diese Website Eigentum von:<\/p>\n<p>Offizielle Kammer der Immobilienmakler von Alicante (COAPI Alicante). K\u00f6rperschaft des \u00f6ffentlichen Rechts, gegr\u00fcndet gem\u00e4\u00df dem Gesetz 2\/1974 vom 13. Februar \u00fcber Berufsverb\u00e4nde und den in der Autonomen Gemeinschaft Valencia geltenden Vorschriften. <\/p>\n<p>Steuernummer: Q0375007B<br \/>\nAnschrift: C\/ Arzobispo Loaces, 5 \u2013 03003 Alicante<br \/>\nTelefon: 965 98 41 25<br \/>\nE-Mail-Adresse der Einrichtung: coapi@apialicante.com<br \/>\nWebsite: https:\/\/apialicante.com<\/p>\n<p>Die Kammer \u00fcbt gesetzlich vorgesehene \u00f6ffentliche Aufgaben aus und handelt dabei nach den Grunds\u00e4tzen der Transparenz, Unparteilichkeit und des Dienstes am Allgemeinwohl.<\/p>\n<h2>Rechtliche Natur der Berufsvereinigung<\/h2>\n<p>Die Kammer ist eine K\u00f6rperschaft des \u00f6ffentlichen Rechts mit folgenden Befugnissen:<\/p>\n<p>&nbsp;<\/p>\n<ul>\n<li>Eigene Rechtspers\u00f6nlichkeit<\/li>\n<li>Volle Handlungsf\u00e4higkeit<\/li>\n<li>\u00dcbertragene \u00f6ffentliche Aufgaben<\/li>\n<li>Eigenes Rechtssystem gem\u00e4\u00df Gesetz 2\/1974 und Berufsstatuten<\/li>\n<\/ul>\n<p>Ihre Handlungen unterliegen nicht nur dem Privatrecht, sondern auch spezifischen Verwaltungs- und Berufsordnungen sowie den geltenden Rechtsvorschriften der Autonomen Gemeinschaft Valencia.<\/p>\n<h2>Nutzungsbedingungen der Website<\/h2>\n<p>Der Nutzer verpflichtet sich zu Folgendem: Der Zugriff auf die Website begr\u00fcndet die Eigenschaft als Nutzer und setzt die Annahme der vorliegenden Bedingungen voraus.<\/p>\n<ul>\n<li>Die Website gem\u00e4\u00df den gesetzlichen Bestimmungen, nach Treu und Glauben und im Einklang mit den institutionellen Aufgaben der Kammer zu nutzen.<\/li>\n<li>Keine betr\u00fcgerischen, illegalen oder das Portal sch\u00e4digenden Nutzungen vornehmen.<\/li>\n<li>Inhalte nicht ver\u00e4ndern, keine sch\u00e4dliche Software einf\u00fchren und nicht ohne Genehmigung auf eingeschr\u00e4nkte Bereiche zugreifen.<\/li>\n<\/ul>\n<p>Die Schule kann jederzeit den Inhalt der Website sowie die Zugangsbedingungen ohne vorherige Ank\u00fcndigung \u00e4ndern.<\/p>\n<h2>\u00d6ffentliche \u00c4mter und Berufsverzeichnis<\/h2>\n<p>Die Schule ver\u00f6ffentlicht Informationen zu folgenden Themen:<\/p>\n<ul>\n<li>Aktive Mitglieder<\/li>\n<li>Registrierte Fachleute<\/li>\n<li>Erforderliche Angaben zur \u00dcberpr\u00fcfung der beruflichen Qualifikation<\/li>\n<\/ul>\n<p><span data-contrast=\"auto\">Diese Informationen werden in \u00dcbereinstimmung mit folgenden Bestimmungen ver\u00f6ffentlicht:<\/span><span data-ccp-props=\"{\"335551550\":1,\"335551620\":1,\"335559685\":141,\"335559731\":0,\"335559737\":0,\"335559738\":67}\"> <\/span><\/p>\n<p><span data-contrast=\"auto\">\u2714 <span data-contrast=\"auto\">Das Gesetz 2\/1974 \u00fcber Berufsverb\u00e4nde<\/span><\/span><span data-ccp-props=\"{\"335551550\":1,\"335551620\":1,\"335559685\":141,\"335559731\":0,\"335559737\":0,\"335559738\":0}\"> <\/span><\/p>\n<p><span data-contrast=\"auto\">\u2714 <span data-contrast=\"auto\">Die valencianischen Vorschriften f\u00fcr Berufsverb\u00e4nde<\/span><\/span><span data-ccp-props=\"{\"335551550\":1,\"335551620\":1,\"335559685\":141,\"335559731\":0,\"335559737\":0,\"335559738\":8}\"> <\/span><\/p>\n<p><span data-contrast=\"auto\">\u2714 <span data-contrast=\"auto\">Die Grunds\u00e4tze der Transparenz und des Zugangs zu Informationen<\/span><\/span><span data-ccp-props=\"{\"335551550\":1,\"335551620\":1,\"335559685\":141,\"335559731\":0,\"335559737\":0,\"335559738\":9}\"> <\/span><\/p>\n<p><span data-contrast=\"auto\">\u2714 <span data-contrast=\"auto\">Die dem Kollegium \u00fcbertragenen \u00f6ffentlichen Aufgaben<\/span><\/span><span data-ccp-props=\"{\"335551550\":1,\"335551620\":1,\"335559685\":141,\"335559731\":0,\"335559737\":0,\"335559738\":8}\"> <\/span><\/p>\n<p><b><span data-contrast=\"auto\">Eingeschr\u00e4nkte Nutzung und ausdr\u00fcckliches Verbot der kommerziellen Nutzung<\/span><\/b><span data-ccp-props=\"{\"335551550\":1,\"335551620\":1,\"335559685\":141,\"335559731\":0,\"335559737\":0,\"335559738\":0}\"> <\/span><\/p>\n<p><span data-ccp-props=\"{\"335559738\":69}\"> <\/span><span data-contrast=\"auto\">Die auf dieser Website ver\u00f6ffentlichten Daten von Mitgliedern und assoziierten Mitgliedern d\u00fcrfen nicht verwendet werden f\u00fcr:<\/span><span data-ccp-props=\"{\"335551550\":1,\"335551620\":1,\"335559685\":141,\"335559731\":0,\"335559737\":0,\"335559738\":0}\"> <\/span><\/p>\n<ul>\n<li aria-setsize=\"-1\" data-leveltext=\"\u2013\" data-font=\"Arial MT\" data-listid=\"1\" data-list-defn-props=\"{\"134224900\":false,\"335551671\":0,\"335552541\":1,\"335559685\":308,\"335559991\":167,\"469769226\":\"Arial MT\",\"469769242\":[9675],\"469777803\":\"left\",\"469777804\":\"\u2013\",\"469777815\":\"hybridMultilevel\"}\" data-aria-posinset=\"3\" data-aria-level=\"2\"><span data-contrast=\"auto\">Versand von Werbung<\/span><span data-ccp-props=\"{\"201341983\":0,\"335551550\":1,\"335551620\":1,\"335559685\":306,\"335559737\":0,\"335559738\":0,\"335559739\":0,\"335559740\":240,\"335559991\":165,\"469777462\":[306],\"469777927\":[0],\"469777928\":[1]}\"> <\/span><\/li>\n<li aria-setsize=\"-1\" data-leveltext=\"\u2013\" data-font=\"Arial MT\" data-listid=\"1\" data-list-defn-props=\"{\"134224900\":false,\"335551671\":0,\"335552541\":1,\"335559685\":308,\"335559991\":167,\"469769226\":\"Arial MT\",\"469769242\":[9675],\"469777803\":\"left\",\"469777804\":\"\u2013\",\"469777815\":\"hybridMultilevel\"}\" data-aria-posinset=\"3\" data-aria-level=\"2\"><span data-contrast=\"auto\">Akquisitionsanrufe<\/span><span data-ccp-props=\"{\"201341983\":0,\"335551550\":1,\"335551620\":1,\"335559685\":306,\"335559737\":0,\"335559738\":35,\"335559739\":0,\"335559740\":240,\"335559991\":165,\"469777462\":[306],\"469777927\":[0],\"469777928\":[1]}\"> <\/span><\/li>\n<li aria-setsize=\"-1\" data-leveltext=\"\u2013\" data-font=\"Arial MT\" data-listid=\"1\" data-list-defn-props=\"{\"134224900\":false,\"335551671\":0,\"335552541\":1,\"335559685\":308,\"335559991\":167,\"469769226\":\"Arial MT\",\"469769242\":[9675],\"469777803\":\"left\",\"469777804\":\"\u2013\",\"469777815\":\"hybridMultilevel\"}\" data-aria-posinset=\"3\" data-aria-level=\"2\"><span data-contrast=\"auto\">Spam<\/span><span data-ccp-props=\"{\"201341983\":0,\"335551550\":1,\"335551620\":1,\"335559685\":306,\"335559737\":0,\"335559738\":34,\"335559739\":0,\"335559740\":240,\"335559991\":165,\"469777462\":[306],\"469777927\":[0],\"469777928\":[1]}\"> <\/span><\/li>\n<li aria-setsize=\"-1\" data-leveltext=\"\u2013\" data-font=\"Arial MT\" data-listid=\"1\" data-list-defn-props=\"{\"134224900\":false,\"335551671\":0,\"335552541\":1,\"335559685\":308,\"335559991\":167,\"469769226\":\"Arial MT\",\"469769242\":[9675],\"469777803\":\"left\",\"469777804\":\"\u2013\",\"469777815\":\"hybridMultilevel\"}\" data-aria-posinset=\"3\" data-aria-level=\"2\"><span data-contrast=\"auto\">Erstellung privater Datenbanken<\/span><span data-ccp-props=\"{\"201341983\":0,\"335551550\":1,\"335551620\":1,\"335559685\":306,\"335559737\":0,\"335559738\":35,\"335559739\":0,\"335559740\":240,\"335559991\":165,\"469777462\":[306],\"469777927\":[0],\"469777928\":[1]}\"> <\/span><\/li>\n<li aria-setsize=\"-1\" data-leveltext=\"\u2013\" data-font=\"Arial MT\" data-listid=\"1\" data-list-defn-props=\"{\"134224900\":false,\"335551671\":0,\"335552541\":1,\"335559685\":308,\"335559991\":167,\"469769226\":\"Arial MT\",\"469769242\":[9675],\"469777803\":\"left\",\"469777804\":\"\u2013\",\"469777815\":\"hybridMultilevel\"}\" data-aria-posinset=\"3\" data-aria-level=\"2\"><span data-contrast=\"auto\">Marktforschung oder kommerzielle Forschung<\/span><span data-ccp-props=\"{\"201341983\":0,\"335551550\":1,\"335551620\":1,\"335559685\":306,\"335559737\":0,\"335559738\":34,\"335559739\":0,\"335559740\":240,\"335559991\":165,\"469777462\":[306],\"469777927\":[0],\"469777928\":[1]}\"> <\/span><\/li>\n<li aria-setsize=\"-1\" data-leveltext=\"\u2013\" data-font=\"Arial MT\" data-listid=\"1\" data-list-defn-props=\"{\"134224900\":false,\"335551671\":0,\"335552541\":1,\"335559685\":308,\"335559991\":167,\"469769226\":\"Arial MT\",\"469769242\":[9675],\"469777803\":\"left\",\"469777804\":\"\u2013\",\"469777815\":\"hybridMultilevel\"}\" data-aria-posinset=\"3\" data-aria-level=\"2\"><span data-contrast=\"auto\">Weiterverkauf oder Weitergabe von Informationen<\/span><span data-ccp-props=\"{\"201341983\":0,\"335551550\":1,\"335551620\":1,\"335559685\":306,\"335559737\":0,\"335559738\":35,\"335559739\":0,\"335559740\":240,\"335559991\":165,\"469777462\":[306],\"469777927\":[0],\"469777928\":[1]}\"> <\/span><\/li>\n<\/ul>\n<p><span data-contrast=\"auto\">Die Nutzung ist streng beschr\u00e4nkt auf:<\/span><span data-ccp-props=\"{\"335551550\":1,\"335551620\":1,\"335559685\":141,\"335559731\":0,\"335559737\":0,\"335559738\":0}\"> <\/span><\/p>\n<ul>\n<li aria-setsize=\"-1\" data-leveltext=\"\u2013\" data-font=\"Arial MT\" data-listid=\"1\" data-list-defn-props=\"{\"134224900\":false,\"335551671\":0,\"335552541\":1,\"335559685\":308,\"335559991\":167,\"469769226\":\"Arial MT\",\"469769242\":[9675],\"469777803\":\"left\",\"469777804\":\"\u2013\",\"469777815\":\"hybridMultilevel\"}\" data-aria-posinset=\"9\" data-aria-level=\"2\"><span data-contrast=\"auto\">Den Status der Mitgliedschaft \u00fcberpr\u00fcfen<\/span><span data-ccp-props=\"{\"201341983\":0,\"335551550\":1,\"335551620\":1,\"335559685\":306,\"335559737\":0,\"335559738\":0,\"335559739\":0,\"335559740\":240,\"335559991\":165,\"469777462\":[306],\"469777927\":[0],\"469777928\":[1]}\"> <\/span><\/li>\n<li aria-setsize=\"-1\" data-leveltext=\"\u2013\" data-font=\"Arial MT\" data-listid=\"1\" data-list-defn-props=\"{\"134224900\":false,\"335551671\":0,\"335552541\":1,\"335559685\":308,\"335559991\":167,\"469769226\":\"Arial MT\",\"469769242\":[9675],\"469777803\":\"left\",\"469777804\":\"\u2013\",\"469777815\":\"hybridMultilevel\"}\" data-aria-posinset=\"9\" data-aria-level=\"2\"><span data-contrast=\"auto\">Erleichterung des beruflichen Kontakts im Rahmen der eigenen Dienstleistungen der API<\/span><span data-ccp-props=\"{\"201341983\":0,\"335551550\":1,\"335551620\":1,\"335559685\":306,\"335559737\":0,\"335559738\":35,\"335559739\":0,\"335559740\":240,\"335559991\":165,\"469777462\":[306],\"469777927\":[0],\"469777928\":[1]}\"> <\/span><\/li>\n<li aria-setsize=\"-1\" data-leveltext=\"\u2013\" data-font=\"Arial MT\" data-listid=\"1\" data-list-defn-props=\"{\"134224900\":false,\"335551671\":0,\"335552541\":1,\"335559685\":308,\"335559991\":167,\"469769226\":\"Arial MT\",\"469769242\":[9675],\"469777803\":\"left\",\"469777804\":\"\u2013\",\"469777815\":\"hybridMultilevel\"}\" data-aria-posinset=\"9\" data-aria-level=\"2\"><span data-contrast=\"auto\">Institutionelle und gemeinn\u00fctzige Aufgaben<\/span><span data-ccp-props=\"{\"201341983\":0,\"335551550\":1,\"335551620\":1,\"335559685\":306,\"335559737\":0,\"335559738\":34,\"335559739\":0,\"335559740\":240,\"335559991\":165,\"469777462\":[306],\"469777927\":[0],\"469777928\":[1]}\"> <\/span><\/li>\n<\/ul>\n<p><span data-contrast=\"auto\">Jeder Missbrauch kann einen Versto\u00df gegen die DSGVO, das LOPDGDD, das Gesetz 3\/1991 \u00fcber unlauteren Wettbewerb und sogar eine verwaltungs- oder strafrechtliche Haftung darstellen.<\/span><span data-ccp-props=\"{\"201341983\":0,\"335551550\":1,\"335551620\":1,\"335559685\":141,\"335559731\":0,\"335559737\":0,\"335559738\":0,\"335559740\":276}\"> <\/span><\/p>\n<h2><span data-contrast=\"auto\">Geistiges und gewerbliches Eigentum<\/span><\/h2>\n<p><span data-contrast=\"auto\">Die Logos, Bilder, Texte, Dokumente, Datenbanken, Quellcodes und sonstigen Elemente der Website sind Eigentum der Kammer oder verf\u00fcgen \u00fcber eine rechtm\u00e4\u00dfige Lizenz.<\/span><span data-ccp-props=\"{\"201341983\":0,\"335551550\":1,\"335551620\":1,\"335559685\":141,\"335559731\":0,\"335559737\":0,\"335559738\":0,\"335559740\":276}\"> <\/span><\/p>\n<p><span data-contrast=\"auto\">Die Vervielf\u00e4ltigung, Verbreitung oder \u00c4nderung ohne ausdr\u00fcckliche Genehmigung ist untersagt.<\/span><span data-ccp-props=\"{\"335551550\":1,\"335551620\":1,\"335559685\":141,\"335559731\":0,\"335559737\":0,\"335559738\":0}\"> <\/span><\/p>\n<h2><span data-contrast=\"auto\">Externe Links<\/span><\/h2>\n<p><span data-contrast=\"auto\">Die Website kann Links zu Websites Dritter enthalten.<\/span><span data-ccp-props=\"{\"335551550\":1,\"335551620\":1,\"335559685\":141,\"335559731\":0,\"335559737\":0,\"335559738\":0}\"> <\/span><\/p>\n<p><span data-contrast=\"auto\">Die Schule \u00fcbernimmt keine Verantwortung f\u00fcr den Inhalt, die Richtlinien oder die Sicherheit dieser externen Websites.<\/span><span data-ccp-props=\"{\"335551550\":1,\"335551620\":1,\"335559685\":141,\"335559731\":0,\"335559737\":0,\"335559738\":35}\"> <\/span><\/p>\n<h2><span data-contrast=\"auto\">Verantwortung<\/span><span data-ccp-props=\"{\"201341983\":0,\"335551550\":1,\"335551620\":1,\"335559685\":361,\"335559737\":0,\"335559738\":0,\"335559739\":0,\"335559740\":240,\"335559991\":220,\"469777462\":[361],\"469777927\":[0],\"469777928\":[1]}\"> <\/span><span data-ccp-props=\"{\"335559738\":69}\"> <\/span><\/h2>\n<p><span data-contrast=\"auto\">Die Schule garantiert nicht, dass es zu keinen Unterbrechungen, technischen Fehlern oder Sch\u00e4den durch die Nutzung der Website kommt, wird jedoch die erforderlichen Ma\u00dfnahmen zu deren Verhinderung ergreifen.<\/span><span data-ccp-props=\"{\"201341983\":0,\"335551550\":1,\"335551620\":1,\"335559685\":141,\"335559731\":0,\"335559737\":0,\"335559738\":0,\"335559740\":276}\"> <\/span><\/p>\n<h2><span data-contrast=\"auto\">Anwendbares Recht und Gerichtsbarkeit <\/span><\/h2>\n<p><span data-contrast=\"auto\">Dieser rechtliche Hinweis unterliegt folgenden Bestimmungen:<\/span><span data-ccp-props=\"{\"201341983\":0,\"335551550\":1,\"335551620\":1,\"335559685\":141,\"335559731\":0,\"335559737\":7607,\"335559738\":0,\"335559739\":0,\"335559740\":552,\"469777462\":[361],\"469777927\":[0],\"469777928\":[1]}\"> <\/span><\/p>\n<ul>\n<li aria-setsize=\"-1\" data-leveltext=\"\u2013\" data-font=\"Arial MT\" data-listid=\"1\" data-list-defn-props=\"{\"134224900\":false,\"335551671\":0,\"335552541\":1,\"335559685\":308,\"335559991\":167,\"469769226\":\"Arial MT\",\"469769242\":[9675],\"469777803\":\"left\",\"469777804\":\"\u2013\",\"469777815\":\"hybridMultilevel\"}\" data-aria-posinset=\"0\" data-aria-level=\"2\"><span data-contrast=\"auto\">Gesetz 2\/1974 vom 13. Februar \u00fcber Berufsverb\u00e4nde<\/span><span data-ccp-props=\"{\"201341983\":0,\"335551550\":1,\"335551620\":1,\"335559685\":306,\"335559737\":0,\"335559738\":0,\"335559739\":0,\"335559740\":240,\"335559991\":165,\"469777462\":[306],\"469777927\":[0],\"469777928\":[1]}\"> <\/span><\/li>\n<li aria-setsize=\"-1\" data-leveltext=\"\u2013\" data-font=\"Arial MT\" data-listid=\"1\" data-list-defn-props=\"{\"134224900\":false,\"335551671\":0,\"335552541\":1,\"335559685\":308,\"335559991\":167,\"469769226\":\"Arial MT\",\"469769242\":[9675],\"469777803\":\"left\",\"469777804\":\"\u2013\",\"469777815\":\"hybridMultilevel\"}\" data-aria-posinset=\"0\" data-aria-level=\"2\"><span data-contrast=\"auto\">Regelungen der Autonomen Gemeinschaft Valencia in Bezug auf Berufsverb\u00e4nde<\/span><span data-ccp-props=\"{\"201341983\":0,\"335551550\":1,\"335551620\":1,\"335559685\":306,\"335559737\":0,\"335559738\":35,\"335559739\":0,\"335559740\":240,\"335559991\":165,\"469777462\":[306],\"469777927\":[0],\"469777928\":[1]}\"> <\/span><\/li>\n<li aria-setsize=\"-1\" data-leveltext=\"\u2013\" data-font=\"Arial MT\" data-listid=\"1\" data-list-defn-props=\"{\"134224900\":false,\"335551671\":0,\"335552541\":1,\"335559685\":308,\"335559991\":167,\"469769226\":\"Arial MT\",\"469769242\":[9675],\"469777803\":\"left\",\"469777804\":\"\u2013\",\"469777815\":\"hybridMultilevel\"}\" data-aria-posinset=\"0\" data-aria-level=\"2\"><span data-contrast=\"auto\">Gesetz 34\/2002 (LSSI)<\/span><span data-ccp-props=\"{\"201341983\":0,\"335551550\":1,\"335551620\":1,\"335559685\":306,\"335559737\":0,\"335559738\":34,\"335559739\":0,\"335559740\":240,\"335559991\":165,\"469777462\":[306],\"469777927\":[0],\"469777928\":[1]}\"> <\/span><\/li>\n<li aria-setsize=\"-1\" data-leveltext=\"\u2013\" data-font=\"Arial MT\" data-listid=\"1\" data-list-defn-props=\"{\"134224900\":false,\"335551671\":0,\"335552541\":1,\"335559685\":308,\"335559991\":167,\"469769226\":\"Arial MT\",\"469769242\":[9675],\"469777803\":\"left\",\"469777804\":\"\u2013\",\"469777815\":\"hybridMultilevel\"}\" data-aria-posinset=\"0\" data-aria-level=\"2\"><span data-contrast=\"auto\">Gesetz 39\/2015 und 40\/2015 (Verfahren und Rechtsordnung des \u00f6ffentlichen Sektors)<\/span><span data-ccp-props=\"{\"201341983\":0,\"335551550\":1,\"335551620\":1,\"335559685\":306,\"335559737\":0,\"335559738\":35,\"335559739\":0,\"335559740\":240,\"335559991\":165,\"469777462\":[306],\"469777927\":[0],\"469777928\":[1]}\"> <\/span><\/li>\n<li aria-setsize=\"-1\" data-leveltext=\"\u2013\" data-font=\"Arial MT\" data-listid=\"1\" data-list-defn-props=\"{\"134224900\":false,\"335551671\":0,\"335552541\":1,\"335559685\":308,\"335559991\":167,\"469769226\":\"Arial MT\",\"469769242\":[9675],\"469777803\":\"left\",\"469777804\":\"\u2013\",\"469777815\":\"hybridMultilevel\"}\" data-aria-posinset=\"0\" data-aria-level=\"2\"><span data-contrast=\"auto\">DSGVO und LOPDGDD<\/span><span data-ccp-props=\"{\"201341983\":0,\"335551550\":1,\"335551620\":1,\"335559685\":306,\"335559737\":0,\"335559738\":34,\"335559739\":0,\"335559740\":240,\"335559991\":165,\"469777462\":[306],\"469777927\":[0],\"469777928\":[1]}\"> <\/span><\/li>\n<li aria-setsize=\"-1\" data-leveltext=\"\u2013\" data-font=\"Arial MT\" data-listid=\"1\" data-list-defn-props=\"{\"134224900\":false,\"335551671\":0,\"335552541\":1,\"335559685\":308,\"335559991\":167,\"469769226\":\"Arial MT\",\"469769242\":[9675],\"469777803\":\"left\",\"469777804\":\"\u2013\",\"469777815\":\"hybridMultilevel\"}\" data-aria-posinset=\"0\" data-aria-level=\"2\"><span data-contrast=\"auto\">Satzung der Kammer<\/span><span data-ccp-props=\"{\"201341983\":0,\"335551550\":1,\"335551620\":1,\"335559685\":306,\"335559737\":0,\"335559738\":35,\"335559739\":0,\"335559740\":240,\"335559991\":165,\"469777462\":[306],\"469777927\":[0],\"469777928\":[1]}\"> <\/span><\/li>\n<\/ul>\n<p><span data-ccp-props=\"{\"335559738\":69}\"> <\/span><\/p>\n<p><span data-contrast=\"auto\">Der Nutzer unterwirft sich der Gerichtsbarkeit der Gerichte von Alicante, sofern keine zwingenden gegenteiligen Bestimmungen vorliegen.<\/span><span data-ccp-props=\"{\"201341983\":0,\"335551550\":1,\"335551620\":1,\"335559685\":141,\"335559731\":0,\"335559737\":0,\"335559738\":0,\"335559740\":276}\"> <\/span><\/p>\n<p><span data-ccp-props=\"{\"201341983\":0,\"335551550\":1,\"335551620\":1,\"335559739\":0,\"335559740\":276}\"> <\/span>[\/vc_column_text][\/vc_column][\/vc_row][\/vc_section]<\/p>\n<\/div>","protected":false},"excerpt":{"rendered":"<p>[vc_section][vc_row][vc_column][vc_column_text css=&#8220;&#8220;][\/vc_column_text][vc_column_text css=&#8220;&#8220;] Informationen zum Unternehmen und Angaben zum Eigent\u00fcmer der Website In \u00dcbereinstimmung mit Artikel 10 des Gesetzes 34\/2002&#8230;<\/p>\n","protected":false},"author":1,"featured_media":0,"parent":0,"menu_order":0,"comment_status":"closed","ping_status":"closed","template":"","meta":{"_acf_changed":false,"footnotes":""},"class_list":["post-20199","page","type-page","status-publish"],"acf":[],"_links":{"self":[{"href":"https:\/\/www.apialicante.com\/de\/wp-json\/wp\/v2\/pages\/20199","targetHints":{"allow":["GET"]}}],"collection":[{"href":"https:\/\/www.apialicante.com\/de\/wp-json\/wp\/v2\/pages"}],"about":[{"href":"https:\/\/www.apialicante.com\/de\/wp-json\/wp\/v2\/types\/page"}],"author":[{"embeddable":true,"href":"https:\/\/www.apialicante.com\/de\/wp-json\/wp\/v2\/users\/1"}],"replies":[{"embeddable":true,"href":"https:\/\/www.apialicante.com\/de\/wp-json\/wp\/v2\/comments?post=20199"}],"version-history":[{"count":2,"href":"https:\/\/www.apialicante.com\/de\/wp-json\/wp\/v2\/pages\/20199\/revisions"}],"predecessor-version":[{"id":20201,"href":"https:\/\/www.apialicante.com\/de\/wp-json\/wp\/v2\/pages\/20199\/revisions\/20201"}],"wp:attachment":[{"href":"https:\/\/www.apialicante.com\/de\/wp-json\/wp\/v2\/media?parent=20199"}],"curies":[{"name":"wp","href":"https:\/\/api.w.org\/{rel}","templated":true}]}}