{"id":13609,"date":"2024-04-29T12:09:29","date_gmt":"2024-04-29T10:09:29","guid":{"rendered":"http:\/\/www.apialicante.com\/commissions\/"},"modified":"2024-05-03T13:50:23","modified_gmt":"2024-05-03T11:50:23","slug":"commissions","status":"publish","type":"page","link":"https:\/\/www.apialicante.com\/fr\/le-college\/commissions\/","title":{"rendered":"Commissions"},"content":{"rendered":"<div class=\"wpb-content-wrapper\"><p>[vc_row full_width=\u00a0\u00bbstretch_row\u00a0\u00bb css=\u00a0\u00bb.vc_custom_1712732878326{margin-bottom: 0px !important;background-image: url(http:\/\/www.apialicante.com\/wp-content\/uploads\/2024\/04\/img_banner_todos_apartados_recuadro.jpg?id=1870) !important;background-position: center !important;background-repeat: no-repeat !important;background-size: cover !important;}\u00a0\u00bb custom_css_code=\u00a0\u00bbJTQwbWVkaWElMjAlMjhtYXgtd2lkdGglM0ElMjAxMTk5cHglMjklN0IlMEElMjAlMjAlMjAlMjAlNDBpZC53cGJfcm93JTIwJTdCJTBBJTIwJTIwJTIwJTIwJTIwJTIwJTIwJTIwbWFyZ2luLXRvcCUzQSUyMDAlM0IlMEElMjAlMjAlMjAlMjAlN0QlMEElN0Q=\u00a0\u00bb el_class=\u00a0\u00bbhas-margin\u00a0\u00bb][vc_column offset=\u00a0\u00bbvc_col-lg-12 vc_col-md-12 vc_col-xs-12&Prime;][vc_row_inner][vc_column_inner el_class=\u00a0\u00bbresponsive\u00a0\u00bb offset=\u00a0\u00bbvc_col-lg-12 vc_hidden-md vc_hidden-sm vc_hidden-xs\u00a0\u00bb]<div class=\"clearboth\"><\/div><style>#thegem-divider-69d9f979492f8 {margin-top: 50px !important;}<\/style><div id=\"thegem-divider-69d9f979492f8\" class=\"gem-divider  \" style=\"\" ><\/div>[\/vc_column_inner][vc_column_inner offset=\u00a0\u00bbvc_hidden-lg vc_col-md-12 vc_col-xs-12&Prime;]<div class=\"clearboth\"><\/div><style>#thegem-divider-69d9f979494ab {margin-top: 20px !important;}<\/style><div id=\"thegem-divider-69d9f979494ab\" class=\"gem-divider  \" style=\"\" ><\/div>[\/vc_column_inner][\/vc_row_inner][\/vc_column][vc_column disable_custom_paddings_mobile=\u00a0\u00bbtrue\u00a0\u00bb css=\u00a0\u00bb.vc_custom_1712742590455{margin-left: -40px !important;padding-left: 65px !important;background-position: 0 0 !important;background-repeat: no-repeat !important;}\u00a0\u00bb el_class=\u00a0\u00bbgem-custom-column-margin-none\u00a0\u00bb][vc_row_inner][vc_column_inner offset=\u00a0\u00bbvc_col-lg-12 vc_col-md-12 vc_hidden-md vc_hidden-sm vc_col-xs-12 vc_hidden-xs\u00a0\u00bb]<div class=\"clearboth\"><\/div><style>#thegem-divider-69d9f979494d8 {margin-top: 72px !important;}<\/style><div id=\"thegem-divider-69d9f979494d8\" class=\"gem-divider  \" style=\"\" ><\/div>[\/vc_column_inner][vc_column_inner offset=\u00a0\u00bbvc_hidden-lg vc_col-md-12 vc_col-xs-12&Prime;]<div class=\"clearboth\"><\/div><div id=\"thegem-divider-69d9f979494f0\" class=\"gem-divider  \" style=\"\" ><\/div>[\/vc_column_inner][vc_column_inner]<div class=\"thegem-te-heading thegem-custom-69d9f9794962d1888\" ><script type=\"text\/javascript\">(function() {function TheGemHeading() {this.animateClass = 'thegem-heading-animate';this.animatedClass = 'thegem-heading-animated';}TheGemHeading.prototype = {initialize: function () {let items =document.querySelectorAll('.'+this.animateClass);items.forEach((item)=>{if (this.isElementVisible(item)) {this.prepareAnimation(item);this.startAnimation(item);}});if ('ResizeObserver' in window) {const resizeObserver = new ResizeObserver((entries) => {entries.forEach((entry) => {this.prepareAnimation(entry.target);});});items.forEach((item) => {resizeObserver.observe(item);});}if ('IntersectionObserver' in window) {let intersectionObserver = new IntersectionObserver((entries)=>{entries.forEach((entry)=> {if (entry.isIntersecting) {this.startAnimation(entry.target);intersectionObserver.unobserve(entry.target);}});});items.forEach((item)=>{intersectionObserver.observe(item);this.prepareAnimation(item);});} else {items.forEach((item)=>{this.prepareAnimation(item);this.startAnimation(item);});}},isElementVisible: function (element) {let rect= element.getBoundingClientRect(),width= window.innerWidth || document.documentElement.clientWidth,height = window.innerHeight || document.documentElement.clientHeight,efp= (x, y) => document.elementFromPoint(x, y);if (rect.right < 0 || rect.bottom < 0 || rect.left > width || rect.top > height) return false;return (element.contains(efp(rect.left,rect.top)) ||element.contains(efp(rect.right, rect.top)) ||element.contains(efp(rect.right, rect.bottom)) ||element.contains(efp(rect.left,rect.bottom)));},startAnimation: function (element) {if (element && !element.classList.contains(this.animatedClass)) {element.classList.add(this.animatedClass);element.classList.remove(this.animateClass);element.dispatchEvent(new Event('theGemHeading.startAnimation', {bubbles: true}));}},prepareAnimation: function (element) {if (element\/* && !element.isPreparedAnimation*\/) {element.dispatchEvent(new Event('theGemHeading.prepareAnimation', {bubbles: true}));\/*element.isPreparedAnimation = true;*\/}}};window.theGemHeading = new TheGemHeading();document.addEventListener('DOMContentLoaded', function() {window.theGemHeading.initialize();});})();<\/script><div id=\"thegem-heading-69d9f97949599\" class=\"thegem-heading thegem-custom-heading-69d9f979495933645 title-h4 letters-scale-out thegem-heading-animate\" style=\"text-align: left;\" ><span class=\"colored thegem-heading-word\" style=\"color: #ffffff;\"><span class=\"thegem-heading-letter\" style=\"animation-delay: 430ms\">L<\/span><span class=\"thegem-heading-letter\" style=\"animation-delay: 460ms\">'<\/span><span class=\"thegem-heading-letter\" style=\"animation-delay: 490ms\">\u00c9<\/span><span class=\"thegem-heading-letter\" style=\"animation-delay: 520ms\">C<\/span><span class=\"thegem-heading-letter\" style=\"animation-delay: 550ms\">O<\/span><span class=\"thegem-heading-letter\" style=\"animation-delay: 580ms\">L<\/span><span class=\"thegem-heading-letter\" style=\"animation-delay: 610ms\">E<\/span><\/span><\/div><style type=\"text\/css\">#thegem-heading-69d9f97949599 {margin: 0;}#thegem-heading-69d9f97949599 {letter-spacing: 3px;}#thegem-heading-69d9f97949599, #thegem-heading-69d9f97949599 .light {text-transform: uppercase;}#thegem-heading-69d9f97949599 a:hover, #thegem-heading-69d9f97949599 a:hover span.colored {color: var(--thegem-to-menu-level1-color-hover, #00BCD4) !important;}<\/style><\/div><style>@media screen and (max-width: 1023px) {.thegem-heading.thegem-custom-heading-69d9f979495933645{display: block!important;}}@media screen and (max-width: 767px) {.thegem-heading.thegem-custom-heading-69d9f979495933645{display: block!important;}}@media screen and (max-width: 1023px) {.thegem-heading.thegem-custom-heading-69d9f979495933645{position: relative !important;}}@media screen and (max-width: 767px) {.thegem-heading.thegem-custom-heading-69d9f979495933645{position: relative !important;}}<\/style>[\/vc_column_inner][vc_column_inner el_class=\u00a0\u00bbgem-custom-mobile-column-margin\u00a0\u00bb]<div class=\"thegem-te-heading thegem-custom-69d9f979496e72828\" ><h1 id=\"thegem-heading-69d9f979496cb\" class=\"thegem-heading thegem-custom-heading-69d9f979496ca5545 title-h1 words-slide-right thegem-heading-animate\" style=\"text-align: left;\" ><span class=\"thegem-heading-word-wrap\"><span class=\"colored thegem-heading-word\" style=\"color: #ffffff; animation-delay: 40ms\">Commissions<\/span><\/span><\/h1><style type=\"text\/css\">#thegem-heading-69d9f979496cb {margin: 0;}#thegem-heading-69d9f979496cb a:hover, #thegem-heading-69d9f979496cb a:hover span.colored {color: var(--thegem-to-menu-level1-color-hover, #00BCD4) !important;}<\/style><\/div><style>@media screen and (max-width: 1023px) {.thegem-heading.thegem-custom-heading-69d9f979496ca5545{display: block!important;}}@media screen and (max-width: 767px) {.thegem-heading.thegem-custom-heading-69d9f979496ca5545{display: block!important;}}@media screen and (max-width: 1023px) {.thegem-heading.thegem-custom-heading-69d9f979496ca5545{position: relative !important;}}@media screen and (max-width: 767px) {.thegem-heading.thegem-custom-heading-69d9f979496ca5545{position: relative !important;}}<\/style>[\/vc_column_inner][vc_column_inner offset=\u00a0\u00bbvc_col-lg-12 vc_col-md-12 vc_hidden-md vc_hidden-sm vc_hidden-xs\u00a0\u00bb]<div class=\"clearboth\"><\/div><style>#thegem-divider-69d9f9794970e {margin-top: 50px !important;}<\/style><div id=\"thegem-divider-69d9f9794970e\" class=\"gem-divider  \" style=\"\" ><\/div>[\/vc_column_inner][vc_column_inner offset=\u00a0\u00bbvc_hidden-lg vc_col-md-12 vc_col-xs-12 vc_hidden-xs\u00a0\u00bb]<div class=\"clearboth\"><\/div><style>#thegem-divider-69d9f97949727 {margin-top: 90px !important;}<\/style><div id=\"thegem-divider-69d9f97949727\" class=\"gem-divider  \" style=\"\" ><\/div>[\/vc_column_inner][\/vc_row_inner][\/vc_column][vc_column offset=\u00a0\u00bbvc_col-lg-12&Prime;][vc_row_inner][vc_column_inner offset=\u00a0\u00bbvc_col-lg-12 vc_hidden-md vc_hidden-sm vc_hidden-xs\u00a0\u00bb]<div class=\"clearboth\"><\/div><style>#thegem-divider-69d9f9794973c {margin-top: 96px !important;}<\/style><div id=\"thegem-divider-69d9f9794973c\" class=\"gem-divider  \" style=\"\" ><\/div>[\/vc_column_inner][\/vc_row_inner][\/vc_column][\/vc_row][vc_row full_width=\u00a0\u00bbstretch_row_content\u00a0\u00bb css=\u00a0\u00bb.vc_custom_1603047092148{margin-top: -150px !important;}\u00a0\u00bb el_class=\u00a0\u00bbgem-custom-responsive-margin-row\u00a0\u00bb][vc_column width=\u00a0\u00bb1\/2&Prime;][\/vc_column][vc_column width=\u00a0\u00bb1\/2&Prime; css=\u00a0\u00bb.vc_custom_1603048768990{padding-top: 0px !important;padding-left: 67px !important;}\u00a0\u00bb offset=\u00a0\u00bbvc_col-lg-6 vc_hidden-md vc_hidden-sm vc_hidden-xs\u00a0\u00bb][vc_row_inner css=\u00a0\u00bb.vc_custom_1601975776217{margin-bottom: 0px !important;}\u00a0\u00bb][vc_column_inner css=\u00a0\u00bb.vc_custom_1601975823162{padding-top: 0px !important;background-color: #ffffff !important;}\u00a0\u00bb]<div class=\"clearboth\"><\/div><style>#thegem-divider-69d9f9794974f {margin-top: 150px !important;}<\/style><div id=\"thegem-divider-69d9f9794974f\" class=\"gem-divider  \" style=\"\" ><\/div>[\/vc_column_inner][\/vc_row_inner][\/vc_column][\/vc_row][vc_row][vc_column][vc_row_inner][vc_column_inner offset=\u00a0\u00bbvc_col-lg-12 vc_hidden-md vc_hidden-sm vc_hidden-xs\u00a0\u00bb]<div class=\"clearboth\"><\/div><style>#thegem-divider-69d9f97949762 {margin-top: 60px !important;}<\/style><div id=\"thegem-divider-69d9f97949762\" class=\"gem-divider  \" style=\"\" ><\/div>[\/vc_column_inner][vc_column_inner offset=\u00a0\u00bbvc_hidden-lg vc_col-md-12 vc_col-xs-12 vc_hidden-xs\u00a0\u00bb]<div class=\"clearboth\"><\/div><style>#thegem-divider-69d9f97949774 {margin-top: 30px !important;}<\/style><div id=\"thegem-divider-69d9f97949774\" class=\"gem-divider  \" style=\"\" ><\/div>[\/vc_column_inner][\/vc_row_inner][\/vc_column][\/vc_row][vc_row el_class=\u00a0\u00bbreverse-row\u00a0\u00bb][vc_column offset=\u00a0\u00bbvc_col-lg-6 vc_col-md-6 vc_col-xs-12&Prime;][vc_row_inner][vc_column_inner][vc_column_text css_animation=\u00a0\u00bbbottom-to-top\u00a0\u00bb]<\/p>\n<h2 style=\"color: #bd102d;\">Commissions<\/h2>\n<p>[\/vc_column_text][\/vc_column_inner][vc_column_inner offset=\u00a0\u00bbvc_col-lg-12 vc_hidden-md vc_hidden-sm vc_hidden-xs\u00a0\u00bb]<div class=\"clearboth\"><\/div><style>#thegem-divider-69d9f97949786 {margin-top: 25px !important;}<\/style><div id=\"thegem-divider-69d9f97949786\" class=\"gem-divider  \" style=\"\" ><\/div>[\/vc_column_inner][\/vc_row_inner][vc_row_inner][vc_column_inner disable_custom_paddings_mobile=\u00a0\u00bbtrue\u00a0\u00bb css=\u00a0\u00bb.vc_custom_1603173339120{padding-right: 0px !important;}\u00a0\u00bb][vc_column_text css_animation=\u00a0\u00bbbottom-to-top\u00a0\u00bb]<\/p>\n<h3 class=\"title-h3\" style=\"color: #141f65;\">D\u00e9l\u00e9gu\u00e9s \u00e0 la d\u00e9ontologie<\/h3>\n<p>[\/vc_column_text][vc_column_text]Philippe J. G. Blache<\/p>\n<p>D. Rafael Moreno Ubric<br \/>\n(Conseiller juridique)[\/vc_column_text][\/vc_column_inner][vc_column_inner][vc_column_text css_animation=\u00a0\u00bbbottom-to-top\u00a0\u00bb]<\/p>\n<h3 class=\"title-h3\" style=\"color: #141f65;\">D\u00e9l\u00e9gu\u00e9 \u00e0 la formation<\/h3>\n<p>[\/vc_column_text][vc_column_text]D\u00aa Marif\u00e9 Esteso Rubio[\/vc_column_text][\/vc_column_inner][vc_column_inner][vc_column_text css_animation=\u00a0\u00bbbottom-to-top\u00a0\u00bb]<\/p>\n<h3 class=\"title-h3\" style=\"color: #141f65;\">\u00c9valuation des d\u00e9l\u00e9gu\u00e9s<\/h3>\n<p>[\/vc_column_text][vc_column_text]D. Francisco J. P\u00e9rez Ojeda Chuecos[\/vc_column_text][\/vc_column_inner][vc_column_inner][vc_column_text css_animation=\u00a0\u00bbbottom-to-top\u00a0\u00bb]<\/p>\n<h3 class=\"title-h3\" style=\"color: #141f65;\">D\u00e9l\u00e9gu\u00e9 \u00e0 la m\u00e9diation<\/h3>\n<p>[\/vc_column_text][vc_column_text]D\u00aa Trinidad Marqu\u00e9s Linares[\/vc_column_text][\/vc_column_inner][\/vc_row_inner][\/vc_column][vc_column offset=\u00a0\u00bbvc_col-lg-6 vc_col-md-6 vc_col-xs-12&Prime;][vc_row_inner][vc_column_inner]<div class=\"gem-image gem-wrapbox gem-wrapbox-style-default gem-wrapbox-position-below  thegem-custom-69d9f9794979b9485\"  style=\"\" ><div class=\"gem-wrapbox-inner \" ><img class=\"gem-wrapbox-element img-responsive\" src=\"https:\/\/www.apialicante.com\/wp-content\/uploads\/2024\/04\/img_comisiones-1.jpg\" alt=\"\"\/><\/div><\/div>[\/vc_column_inner][\/vc_row_inner][\/vc_column][\/vc_row]<\/p>\n<\/div>","protected":false},"excerpt":{"rendered":"<p>[vc_row full_width=\u00a0\u00bbstretch_row\u00a0\u00bb css=\u00a0\u00bb.vc_custom_1712732878326{margin-bottom: 0px !important;background-image: url(http:\/\/www.apialicante.com\/wp-content\/uploads\/2024\/04\/img_banner_todos_apartados_recuadro.jpg?id=1870) !important;background-position: center !important;background-repeat: no-repeat !important;background-size: cover !important;}\u00a0\u00bb custom_css_code=\u00a0\u00bbJTQwbWVkaWElMjAlMjhtYXgtd2lkdGglM0ElMjAxMTk5cHglMjklN0IlMEElMjAlMjAlMjAlMjAlNDBpZC53cGJfcm93JTIwJTdCJTBBJTIwJTIwJTIwJTIwJTIwJTIwJTIwJTIwbWFyZ2luLXRvcCUzQSUyMDAlM0IlMEElMjAlMjAlMjAlMjAlN0QlMEElN0Q=\u00a0\u00bb el_class=\u00a0\u00bbhas-margin\u00a0\u00bb][vc_column offset=\u00a0\u00bbvc_col-lg-12 vc_col-md-12 vc_col-xs-12&Prime;][vc_row_inner][vc_column_inner el_class=\u00a0\u00bbresponsive\u00a0\u00bb offset=\u00a0\u00bbvc_col-lg-12&#8230;<\/p>\n","protected":false},"author":1,"featured_media":0,"parent":13936,"menu_order":0,"comment_status":"closed","ping_status":"closed","template":"","meta":{"_acf_changed":false,"footnotes":""},"class_list":["post-13609","page","type-page","status-publish"],"acf":[],"_links":{"self":[{"href":"https:\/\/www.apialicante.com\/fr\/wp-json\/wp\/v2\/pages\/13609","targetHints":{"allow":["GET"]}}],"collection":[{"href":"https:\/\/www.apialicante.com\/fr\/wp-json\/wp\/v2\/pages"}],"about":[{"href":"https:\/\/www.apialicante.com\/fr\/wp-json\/wp\/v2\/types\/page"}],"author":[{"embeddable":true,"href":"https:\/\/www.apialicante.com\/fr\/wp-json\/wp\/v2\/users\/1"}],"replies":[{"embeddable":true,"href":"https:\/\/www.apialicante.com\/fr\/wp-json\/wp\/v2\/comments?post=13609"}],"version-history":[{"count":2,"href":"https:\/\/www.apialicante.com\/fr\/wp-json\/wp\/v2\/pages\/13609\/revisions"}],"predecessor-version":[{"id":13611,"href":"https:\/\/www.apialicante.com\/fr\/wp-json\/wp\/v2\/pages\/13609\/revisions\/13611"}],"up":[{"embeddable":true,"href":"https:\/\/www.apialicante.com\/fr\/wp-json\/wp\/v2\/pages\/13936"}],"wp:attachment":[{"href":"https:\/\/www.apialicante.com\/fr\/wp-json\/wp\/v2\/media?parent=13609"}],"curies":[{"name":"wp","href":"https:\/\/api.w.org\/{rel}","templated":true}]}}