{"id":13621,"date":"2024-04-29T12:20:49","date_gmt":"2024-04-29T10:20:49","guid":{"rendered":"http:\/\/www.apialicante.com\/exigences\/"},"modified":"2024-05-03T10:44:08","modified_gmt":"2024-05-03T08:44:08","slug":"exigences","status":"publish","type":"page","link":"https:\/\/www.apialicante.com\/fr\/le-metier-des-api\/exigences\/","title":{"rendered":"Exigences"},"content":{"rendered":"<div class=\"wpb-content-wrapper\"><p>[vc_row full_width=\u00a0\u00bbstretch_row\u00a0\u00bb css=\u00a0\u00bb.vc_custom_1712646890303{margin-bottom: 0px !important;background-image: url(http:\/\/www.apialicante.com\/wp-content\/uploads\/2024\/04\/img_banner_todos_apartados_recuadro.jpg?id=1870) !important;background-position: center !important;background-repeat: no-repeat !important;background-size: cover !important;}\u00a0\u00bb custom_css_code=\u00a0\u00bbJTQwbWVkaWElMjAlMjhtYXgtd2lkdGglM0ElMjAxMTk5cHglMjklN0IlMEElMjAlMjAlMjAlMjAlNDBpZC53cGJfcm93JTIwJTdCJTBBJTIwJTIwJTIwJTIwJTIwJTIwJTIwJTIwbWFyZ2luLXRvcCUzQSUyMDAlM0IlMEElMjAlMjAlMjAlMjAlN0QlMEElN0Q=\u00a0\u00bb el_class=\u00a0\u00bbhas-margin\u00a0\u00bb][vc_column offset=\u00a0\u00bbvc_col-lg-12 vc_col-md-12 vc_col-xs-12&Prime;][vc_row_inner][vc_column_inner el_class=\u00a0\u00bbresponsive\u00a0\u00bb offset=\u00a0\u00bbvc_col-lg-12 vc_hidden-md vc_hidden-sm vc_hidden-xs\u00a0\u00bb]<div class=\"clearboth\"><\/div><style>#thegem-divider-69d9f97949298 {margin-top: 5px !important;}<\/style><div id=\"thegem-divider-69d9f97949298\" class=\"gem-divider  \" style=\"\" ><\/div>[\/vc_column_inner][vc_column_inner offset=\u00a0\u00bbvc_hidden-lg vc_col-md-12 vc_col-xs-12&Prime;]<div class=\"clearboth\"><\/div><style>#thegem-divider-69d9f9794947a {margin-top: 20px !important;}<\/style><div id=\"thegem-divider-69d9f9794947a\" class=\"gem-divider  \" style=\"\" ><\/div>[\/vc_column_inner][\/vc_row_inner][\/vc_column][vc_column disable_custom_paddings_mobile=\u00a0\u00bbtrue\u00a0\u00bb css=\u00a0\u00bb.vc_custom_1712742483527{margin-left: -40px !important;padding-left: 65px !important;background-position: 0 0 !important;background-repeat: no-repeat !important;}\u00a0\u00bb el_class=\u00a0\u00bbgem-custom-column-margin-none\u00a0\u00bb][vc_row_inner][vc_column_inner offset=\u00a0\u00bbvc_col-lg-12 vc_col-md-12 vc_hidden-md vc_hidden-sm vc_col-xs-12 vc_hidden-xs\u00a0\u00bb]<div class=\"clearboth\"><\/div><style>#thegem-divider-69d9f9794949e {margin-top: 72px !important;}<\/style><div id=\"thegem-divider-69d9f9794949e\" class=\"gem-divider  \" style=\"\" ><\/div>[\/vc_column_inner][vc_column_inner offset=\u00a0\u00bbvc_hidden-lg vc_col-md-12 vc_col-xs-12&Prime;]<div class=\"clearboth\"><\/div><div id=\"thegem-divider-69d9f979494b7\" class=\"gem-divider  \" style=\"\" ><\/div>[\/vc_column_inner][vc_column_inner]<div class=\"thegem-te-heading thegem-custom-69d9f979495d93364\" ><script type=\"text\/javascript\">(function() {function TheGemHeading() {this.animateClass = 'thegem-heading-animate';this.animatedClass = 'thegem-heading-animated';}TheGemHeading.prototype = {initialize: function () {let items =document.querySelectorAll('.'+this.animateClass);items.forEach((item)=>{if (this.isElementVisible(item)) {this.prepareAnimation(item);this.startAnimation(item);}});if ('ResizeObserver' in window) {const resizeObserver = new ResizeObserver((entries) => {entries.forEach((entry) => {this.prepareAnimation(entry.target);});});items.forEach((item) => {resizeObserver.observe(item);});}if ('IntersectionObserver' in window) {let intersectionObserver = new IntersectionObserver((entries)=>{entries.forEach((entry)=> {if (entry.isIntersecting) {this.startAnimation(entry.target);intersectionObserver.unobserve(entry.target);}});});items.forEach((item)=>{intersectionObserver.observe(item);this.prepareAnimation(item);});} else {items.forEach((item)=>{this.prepareAnimation(item);this.startAnimation(item);});}},isElementVisible: function (element) {let rect= element.getBoundingClientRect(),width= window.innerWidth || document.documentElement.clientWidth,height = window.innerHeight || document.documentElement.clientHeight,efp= (x, y) => document.elementFromPoint(x, y);if (rect.right < 0 || rect.bottom < 0 || rect.left > width || rect.top > height) return false;return (element.contains(efp(rect.left,rect.top)) ||element.contains(efp(rect.right, rect.top)) ||element.contains(efp(rect.right, rect.bottom)) ||element.contains(efp(rect.left,rect.bottom)));},startAnimation: function (element) {if (element && !element.classList.contains(this.animatedClass)) {element.classList.add(this.animatedClass);element.classList.remove(this.animateClass);element.dispatchEvent(new Event('theGemHeading.startAnimation', {bubbles: true}));}},prepareAnimation: function (element) {if (element\/* && !element.isPreparedAnimation*\/) {element.dispatchEvent(new Event('theGemHeading.prepareAnimation', {bubbles: true}));\/*element.isPreparedAnimation = true;*\/}}};window.theGemHeading = new TheGemHeading();document.addEventListener('DOMContentLoaded', function() {window.theGemHeading.initialize();});})();<\/script><div id=\"thegem-heading-69d9f97949563\" class=\"thegem-heading thegem-custom-heading-69d9f979495619789 title-h4 letters-scale-out thegem-heading-animate\" style=\"text-align: left;\" ><span class=\"colored thegem-heading-word\" style=\"color: #ffffff;\"><span class=\"thegem-heading-letter\" style=\"animation-delay: 430ms\">L<\/span><span class=\"thegem-heading-letter\" style=\"animation-delay: 460ms\">A<\/span><\/span> <span class=\"colored thegem-heading-word\" style=\"color: #ffffff;\"><span class=\"thegem-heading-letter\" style=\"animation-delay: 490ms\">P<\/span><span class=\"thegem-heading-letter\" style=\"animation-delay: 520ms\">R<\/span><span class=\"thegem-heading-letter\" style=\"animation-delay: 550ms\">O<\/span><span class=\"thegem-heading-letter\" style=\"animation-delay: 580ms\">F<\/span><span class=\"thegem-heading-letter\" style=\"animation-delay: 610ms\">E<\/span><span class=\"thegem-heading-letter\" style=\"animation-delay: 640ms\">S<\/span><span class=\"thegem-heading-letter\" style=\"animation-delay: 670ms\">S<\/span><span class=\"thegem-heading-letter\" style=\"animation-delay: 700ms\">I<\/span><span class=\"thegem-heading-letter\" style=\"animation-delay: 730ms\">O<\/span><span class=\"thegem-heading-letter\" style=\"animation-delay: 760ms\">N<\/span><\/span> <span class=\"colored thegem-heading-word\" style=\"color: #ffffff;\"><span class=\"thegem-heading-letter\" style=\"animation-delay: 790ms\">D<\/span><span class=\"thegem-heading-letter\" style=\"animation-delay: 820ms\">'<\/span><span class=\"thegem-heading-letter\" style=\"animation-delay: 850ms\">A<\/span><span class=\"thegem-heading-letter\" style=\"animation-delay: 880ms\">P<\/span><span class=\"thegem-heading-letter\" style=\"animation-delay: 910ms\">I<\/span><\/span><\/div><style type=\"text\/css\">#thegem-heading-69d9f97949563 {margin: 0;}#thegem-heading-69d9f97949563 {letter-spacing: 3px;}#thegem-heading-69d9f97949563, #thegem-heading-69d9f97949563 .light {text-transform: uppercase;}#thegem-heading-69d9f97949563 a:hover, #thegem-heading-69d9f97949563 a:hover span.colored {color: var(--thegem-to-menu-level1-color-hover, #00BCD4) !important;}<\/style><\/div><style>@media screen and (max-width: 1023px) {.thegem-heading.thegem-custom-heading-69d9f979495619789{display: block!important;}}@media screen and (max-width: 767px) {.thegem-heading.thegem-custom-heading-69d9f979495619789{display: block!important;}}@media screen and (max-width: 1023px) {.thegem-heading.thegem-custom-heading-69d9f979495619789{position: relative !important;}}@media screen and (max-width: 767px) {.thegem-heading.thegem-custom-heading-69d9f979495619789{position: relative !important;}}<\/style>[\/vc_column_inner][vc_column_inner el_class=\u00a0\u00bbgem-custom-mobile-column-margin\u00a0\u00bb tablet_margin_top=\u00a0\u00bb10&Prime; mobile_margin_top=\u00a0\u00bb10&Prime; offset=\u00a0\u00bbvc_col-xs-12&Prime;]<div class=\"thegem-te-heading thegem-custom-69d9f9794968e3386\" ><h1 id=\"thegem-heading-69d9f97949673\" class=\"thegem-heading thegem-custom-heading-69d9f979496724120 title-h1 words-slide-right thegem-heading-animate\" style=\"text-align: left;\" ><span class=\"thegem-heading-word-wrap\"><span class=\"colored thegem-heading-word\" style=\"color: #ffffff; animation-delay: 40ms\">Exigences.<\/span><\/span><\/h1><style type=\"text\/css\">#thegem-heading-69d9f97949673 {margin: 0;}#thegem-heading-69d9f97949673, #thegem-heading-69d9f97949673 .light {text-transform: none;}#thegem-heading-69d9f97949673 a:hover, #thegem-heading-69d9f97949673 a:hover span.colored {color: var(--thegem-to-menu-level1-color-hover, #00BCD4) !important;}<\/style><\/div><style>@media screen and (max-width: 1023px) {.thegem-heading.thegem-custom-heading-69d9f979496724120{display: block!important;}}@media screen and (max-width: 767px) {.thegem-heading.thegem-custom-heading-69d9f979496724120{display: block!important;}}@media screen and (max-width: 1023px) {.thegem-heading.thegem-custom-heading-69d9f979496724120{position: relative !important;}}@media screen and (max-width: 767px) {.thegem-heading.thegem-custom-heading-69d9f979496724120{position: relative !important;}}<\/style>[\/vc_column_inner][vc_column_inner offset=\u00a0\u00bbvc_col-lg-12 vc_col-md-12 vc_hidden-md vc_hidden-sm vc_hidden-xs\u00a0\u00bb]<div class=\"clearboth\"><\/div><style>#thegem-divider-69d9f979496b6 {margin-top: 100px !important;}<\/style><div id=\"thegem-divider-69d9f979496b6\" class=\"gem-divider  \" style=\"\" ><\/div>[\/vc_column_inner][vc_column_inner offset=\u00a0\u00bbvc_hidden-lg vc_col-md-12 vc_col-xs-12 vc_hidden-xs\u00a0\u00bb]<div class=\"clearboth\"><\/div><style>#thegem-divider-69d9f979496d0 {margin-top: 90px !important;}<\/style><div id=\"thegem-divider-69d9f979496d0\" class=\"gem-divider  \" style=\"\" ><\/div>[\/vc_column_inner][\/vc_row_inner][\/vc_column][vc_column offset=\u00a0\u00bbvc_col-lg-12&Prime;][vc_row_inner][vc_column_inner offset=\u00a0\u00bbvc_col-lg-12 vc_hidden-md vc_hidden-sm vc_hidden-xs\u00a0\u00bb]<div class=\"clearboth\"><\/div><style>#thegem-divider-69d9f979496e6 {margin-top: 96px !important;}<\/style><div id=\"thegem-divider-69d9f979496e6\" class=\"gem-divider  \" style=\"\" ><\/div>[\/vc_column_inner][\/vc_row_inner][\/vc_column][\/vc_row][vc_row full_width=\u00a0\u00bbstretch_row_content\u00a0\u00bb css=\u00a0\u00bb.vc_custom_1603047092148{margin-top: -150px !important;}\u00a0\u00bb el_class=\u00a0\u00bbgem-custom-responsive-margin-row\u00a0\u00bb][vc_column width=\u00a0\u00bb1\/2&Prime;][\/vc_column][vc_column width=\u00a0\u00bb1\/2&Prime; css=\u00a0\u00bb.vc_custom_1603048768990{padding-top: 0px !important;padding-left: 67px !important;}\u00a0\u00bb offset=\u00a0\u00bbvc_col-lg-6 vc_hidden-md vc_hidden-sm vc_hidden-xs\u00a0\u00bb][vc_row_inner css=\u00a0\u00bb.vc_custom_1601975776217{margin-bottom: 0px !important;}\u00a0\u00bb][vc_column_inner css=\u00a0\u00bb.vc_custom_1601975823162{padding-top: 0px !important;background-color: #ffffff !important;}\u00a0\u00bb]<div class=\"clearboth\"><\/div><style>#thegem-divider-69d9f979496fa {margin-top: 150px !important;}<\/style><div id=\"thegem-divider-69d9f979496fa\" class=\"gem-divider  \" style=\"\" ><\/div>[\/vc_column_inner][\/vc_row_inner][\/vc_column][\/vc_row][vc_row][vc_column offset=\u00a0\u00bbvc_hidden-lg vc_col-md-12 vc_col-xs-12&Prime;]<div class=\"clearboth\"><\/div><style>#thegem-divider-69d9f97949710 {margin-top: 30px !important;}@media screen and (max-width: 767px) {#thegem-divider-69d9f97949710 {display: none;}}<\/style><div id=\"thegem-divider-69d9f97949710\" class=\"gem-divider  \" style=\"\" ><\/div>[\/vc_column][vc_column offset=\u00a0\u00bbvc_col-lg-6 vc_col-md-6 vc_col-xs-12&Prime; css=\u00a0\u00bb.vc_custom_1712647777985{margin-top: 22px !important;}\u00a0\u00bb]<div class=\"gem-image gem-wrapbox gem-wrapbox-style-default gem-wrapbox-position-right lazy-loading  thegem-custom-69d9f979497295033\"  style=\"\" ><div class=\"gem-wrapbox-inner  lazy-loading-item\"  data-ll-effect=\"move-up\"><img class=\"gem-wrapbox-element img-responsive\" src=\"https:\/\/www.apialicante.com\/wp-content\/uploads\/2024\/04\/img_requisitos.jpg\" alt=\"Adh\u00e9sion \u00e0 l&#039;API\"\/><\/div><\/div>[\/vc_column][vc_column width=\u00a0\u00bb5\/6&Prime; offset=\u00a0\u00bbvc_col-lg-offset-0 vc_col-lg-6 vc_col-md-offset-0 vc_col-md-6 vc_col-sm-offset-2 vc_col-xs-12&Prime; css=\u00a0\u00bb.vc_custom_1712647821258{margin-top: 22px !important;}\u00a0\u00bb][vc_row_inner][vc_column_inner el_id=\u00a0\u00bbrequisitos\u00a0\u00bb][vc_column_text css_animation=\u00a0\u00bbbottom-to-top\u00a0\u00bb css=\u00a0\u00bb.vc_custom_1712675303763{margin-bottom: -2px !important;}\u00a0\u00bb]<\/p>\n<div class=\"title-h3\" style=\"color: #141f65;\">Exigences pour<br \/>\nL&rsquo;adh\u00e9sion<\/div>\n<p>[\/vc_column_text][\/vc_column_inner][\/vc_row_inner][vc_row_inner][vc_column_inner width=\u00a0\u00bb1\/6&Prime; disable_custom_paddings_mobile=\u00a0\u00bbtrue\u00a0\u00bb css=\u00a0\u00bb.vc_custom_1603185862828{padding-right: 0px !important;}\u00a0\u00bb]<div class=\"clearboth\"><\/div><style>#thegem-divider-69d9f97949cf0 {margin-top: 11px !important;}<\/style><div id=\"thegem-divider-69d9f97949cf0\" class=\"gem-divider  \" style=\"\" ><\/div><div class=\"clearboth\"><\/div><div id=\"thegem-divider-69d9f97949d0c\" class=\"gem-divider   gem-divider-style-2\" style=\"border-color: #ff6c30;\" ><\/div>[\/vc_column_inner][vc_column_inner width=\u00a0\u00bb5\/6&Prime; disable_custom_paddings_tablet=\u00a0\u00bbtrue\u00a0\u00bb disable_custom_paddings_mobile=\u00a0\u00bbtrue\u00a0\u00bb css=\u00a0\u00bb.vc_custom_1603177981334{padding-right: 21% !important;padding-left: 20px !important;}\u00a0\u00bb][vc_column_text css_animation=\u00a0\u00bbbottom-to-top\u00a0\u00bb]<\/p>\n<p class=\"title-h4\" style=\"color: #141f65;\">Il est important pour nous de<br \/>\nl&rsquo;API est reconnue par<br \/>\nla soci\u00e9t\u00e9.<\/p>\n<p>[\/vc_column_text][vc_column_text css_animation=\u00a0\u00bbbottom-to-top\u00a0\u00bb]<span style=\"color: #141f65;\">Compte tenu de l&rsquo;importance du travail qu&rsquo;elle accomplit et des cons\u00e9quences patrimoniales de son intervention.<\/span>[\/vc_column_text][vc_column_text css_animation=\u00a0\u00bbbottom-to-top\u00a0\u00bb]<a href=\"http:\/\/www.apialicante.com\/la-profesion-del-api\/ventanilla-unica\/\"><strong><span style=\"color: #84abd8;\">+ d&rsquo;informations<\/span><\/strong><\/a>[\/vc_column_text][\/vc_column_inner][\/vc_row_inner][\/vc_column][\/vc_row][vc_row][vc_column]<div class=\"clearboth\"><\/div><style>#thegem-divider-69d9f97949d21 {margin-top: 20px !important;}<\/style><div id=\"thegem-divider-69d9f97949d21\" class=\"gem-divider  \" style=\"\" ><\/div>[vc_tta_tabs title_tag=\u00a0\u00bbh6&Prime; shape=\u00a0\u00bbsquare\u00a0\u00bb spacing=\u00a0\u00bb3&Prime; active_section=\u00a0\u00bb1&Prime; css=\u00a0\u00bb.vc_custom_1712661568282{background-color: #ffffff !important;}\u00a0\u00bb el_id=\u00a0\u00bbdocumentacion\u00a0\u00bb][vc_tta_section title=\u00a0\u00bbConditions\u00a0\u00bb tab_id=\u00a0\u00bb1712650870132-5e54833a-0de3&Prime;][vc_row_inner][vc_column_inner width=\u00a0\u00bb1\/2&Prime;][vc_column_text css_animation=\u00a0\u00bbbottom-to-top\u00a0\u00bb]<\/p>\n<ul style=\"list-style-type: disc;\">\n<li><span style=\"color: #141f65;\">Avoir atteint l&rsquo;\u00e2ge de la majorit\u00e9 et ne pas \u00eatre frapp\u00e9 d&rsquo;incapacit\u00e9.<\/span><\/li>\n<li><span style=\"color: #141f65;\">\u00catre titulaire d&rsquo;un dipl\u00f4me d&rsquo;ing\u00e9nieur, d&rsquo;architecte, d&rsquo;architecte technique, d&rsquo;ing\u00e9nieur technique ou du titre officiel d&rsquo;agent immobilier d\u00e9livr\u00e9 par le minist\u00e8re.<\/span><\/li>\n<li><span style=\"color: #141f65;\">Ne pas avoir de casier judiciaire susceptible de l&#8217;emp\u00eacher d&rsquo;exercer la profession.<\/span><\/li>\n<\/ul>\n<p>[\/vc_column_text][\/vc_column_inner][vc_column_inner width=\u00a0\u00bb1\/2&Prime;][vc_column_text css_animation=\u00a0\u00bbbottom-to-top\u00a0\u00bb]<strong><span style=\"color: #141f65;\">Pour rejoindre efficacement le Coll\u00e8ge officiel, vous devrez :<\/span><\/strong><\/p>\n<ul style=\"list-style-type: disc;\">\n<li><span style=\"color: #141f65;\">Remplir et envoyer le formulaire de candidature adress\u00e9 au Pr\u00e9sident du Coll\u00e8ge.<\/span><\/li>\n<li><span style=\"color: #141f65;\">Payer les frais administratifs de l&rsquo;adh\u00e9sion.<\/span><\/li>\n<li><span style=\"color: #141f65;\">Payer la cotisation du Conseil g\u00e9n\u00e9ral.<\/span><\/li>\n<li><span style=\"color: #141f65;\">Affidavit \u00e0 soumettre au Conseil g\u00e9n\u00e9ral.<\/span><\/li>\n<\/ul>\n<p><span style=\"color: #bd102d;\">Cette documentation peut \u00eatre trouv\u00e9e \u00e0 <a href=\"\/ventanilla-convenios-y-enlaces\/\">Le guichet unique<\/a><\/span>[\/vc_column_text][\/vc_column_inner][\/vc_row_inner][\/vc_tta_section][vc_tta_section title=\u00a0\u00bbDocumentation\u00a0\u00bb tab_id=\u00a0\u00bb1712650871330-e0e5ea92-a03c\u00a0\u00bb][vc_row_inner][vc_column_inner width=\u00a0\u00bb1\/2&Prime;][vc_column_text css_animation=\u00a0\u00bbbottom-to-top\u00a0\u00bb]<strong><span style=\"color: #141f65;\">Documentation \u00e0 fournir :<\/span><\/strong><\/p>\n<ul style=\"list-style-type: disc;\">\n<li><span style=\"color: #141f65;\">Photocopie de la carte d&rsquo;identit\u00e9.<\/span><\/li>\n<li><span style=\"color: #141f65;\">Pr\u00e9sentation d&rsquo;un dipl\u00f4me officiel de l&rsquo;API ou d&rsquo;un dipl\u00f4me universitaire officiel qualifiant.<\/span><\/li>\n<li><span style=\"color: #141f65;\">Deux photos d&rsquo;identit\u00e9.<\/span><\/li>\n<li><span style=\"color: #141f65;\">Certificat de casier judiciaire.<\/span><\/li>\n<li><span style=\"color: #141f65;\">Lettre ordonnant le paiement des frais de scolarit\u00e9 par l&rsquo;interm\u00e9diaire de la banque de votre choix.<\/span><\/li>\n<\/ul>\n<p>[\/vc_column_text][\/vc_column_inner][vc_column_inner width=\u00a0\u00bb1\/2&Prime;][vc_column_text css_animation=\u00a0\u00bbbottom-to-top\u00a0\u00bb]<strong><span style=\"color: #141f65;\">Notes d&rsquo;int\u00e9r\u00eat pour les futurs membres :<\/span><\/strong><\/p>\n<ul style=\"list-style-type: disc;\">\n<li><span style=\"color: #141f65;\">Il est obligatoire de s&rsquo;inscrire au r\u00e9gime sp\u00e9cial de s\u00e9curit\u00e9 sociale des ind\u00e9pendants ou des travailleurs ind\u00e9pendants.<\/span><\/li>\n<li><span style=\"color: #141f65;\">Il est obligatoire de s&rsquo;enregistrer pour la taxe sur les activit\u00e9s \u00e9conomiques (Impuesto de Actividades Econ\u00f3micas).<\/span><\/li>\n<\/ul>\n<p><span style=\"color: #141f65;\">La demande et les autres documents doivent \u00eatre envoy\u00e9s par courrier \u00e0 coapi@apialicante.com. <\/span>[\/vc_column_text][\/vc_column_inner][\/vc_row_inner][\/vc_tta_section][\/vc_tta_tabs][\/vc_column][\/vc_row]<\/p>\n<\/div>","protected":false},"excerpt":{"rendered":"<p>[vc_row full_width=\u00a0\u00bbstretch_row\u00a0\u00bb css=\u00a0\u00bb.vc_custom_1712646890303{margin-bottom: 0px !important;background-image: url(http:\/\/www.apialicante.com\/wp-content\/uploads\/2024\/04\/img_banner_todos_apartados_recuadro.jpg?id=1870) !important;background-position: center !important;background-repeat: no-repeat !important;background-size: cover !important;}\u00a0\u00bb custom_css_code=\u00a0\u00bbJTQwbWVkaWElMjAlMjhtYXgtd2lkdGglM0ElMjAxMTk5cHglMjklN0IlMEElMjAlMjAlMjAlMjAlNDBpZC53cGJfcm93JTIwJTdCJTBBJTIwJTIwJTIwJTIwJTIwJTIwJTIwJTIwbWFyZ2luLXRvcCUzQSUyMDAlM0IlMEElMjAlMjAlMjAlMjAlN0QlMEElN0Q=\u00a0\u00bb el_class=\u00a0\u00bbhas-margin\u00a0\u00bb][vc_column offset=\u00a0\u00bbvc_col-lg-12 vc_col-md-12 vc_col-xs-12&Prime;][vc_row_inner][vc_column_inner el_class=\u00a0\u00bbresponsive\u00a0\u00bb offset=\u00a0\u00bbvc_col-lg-12&#8230;<\/p>\n","protected":false},"author":1,"featured_media":0,"parent":13811,"menu_order":0,"comment_status":"closed","ping_status":"closed","template":"","meta":{"_acf_changed":false,"footnotes":""},"class_list":["post-13621","page","type-page","status-publish"],"acf":[],"_links":{"self":[{"href":"https:\/\/www.apialicante.com\/fr\/wp-json\/wp\/v2\/pages\/13621","targetHints":{"allow":["GET"]}}],"collection":[{"href":"https:\/\/www.apialicante.com\/fr\/wp-json\/wp\/v2\/pages"}],"about":[{"href":"https:\/\/www.apialicante.com\/fr\/wp-json\/wp\/v2\/types\/page"}],"author":[{"embeddable":true,"href":"https:\/\/www.apialicante.com\/fr\/wp-json\/wp\/v2\/users\/1"}],"replies":[{"embeddable":true,"href":"https:\/\/www.apialicante.com\/fr\/wp-json\/wp\/v2\/comments?post=13621"}],"version-history":[{"count":2,"href":"https:\/\/www.apialicante.com\/fr\/wp-json\/wp\/v2\/pages\/13621\/revisions"}],"predecessor-version":[{"id":13623,"href":"https:\/\/www.apialicante.com\/fr\/wp-json\/wp\/v2\/pages\/13621\/revisions\/13623"}],"up":[{"embeddable":true,"href":"https:\/\/www.apialicante.com\/fr\/wp-json\/wp\/v2\/pages\/13811"}],"wp:attachment":[{"href":"https:\/\/www.apialicante.com\/fr\/wp-json\/wp\/v2\/media?parent=13621"}],"curies":[{"name":"wp","href":"https:\/\/api.w.org\/{rel}","templated":true}]}}