{"id":13633,"date":"2024-04-29T12:32:49","date_gmt":"2024-04-29T10:32:49","guid":{"rendered":"http:\/\/www.apialicante.com\/frais-et-documentation\/"},"modified":"2024-05-03T10:44:08","modified_gmt":"2024-05-03T08:44:08","slug":"frais-et-documentation","status":"publish","type":"page","link":"https:\/\/www.apialicante.com\/fr\/le-metier-des-api\/frais-et-documentation\/","title":{"rendered":"Frais et documentation"},"content":{"rendered":"<div class=\"wpb-content-wrapper\"><p>[vc_row full_width=\u00a0\u00bbstretch_row\u00a0\u00bb css=\u00a0\u00bb.vc_custom_1712646890303{margin-bottom: 0px !important;background-image: url(http:\/\/www.apialicante.com\/wp-content\/uploads\/2024\/04\/img_banner_todos_apartados_recuadro.jpg?id=1870) !important;background-position: center !important;background-repeat: no-repeat !important;background-size: cover !important;}\u00a0\u00bb custom_css_code=\u00a0\u00bbJTQwbWVkaWElMjAlMjhtYXgtd2lkdGglM0ElMjAxMTk5cHglMjklN0IlMEElMjAlMjAlMjAlMjAlNDBpZC53cGJfcm93JTIwJTdCJTBBJTIwJTIwJTIwJTIwJTIwJTIwJTIwJTIwbWFyZ2luLXRvcCUzQSUyMDAlM0IlMEElMjAlMjAlMjAlMjAlN0QlMEElN0Q=\u00a0\u00bb el_class=\u00a0\u00bbhas-margin\u00a0\u00bb][vc_column offset=\u00a0\u00bbvc_col-lg-12 vc_col-md-12 vc_col-xs-12&Prime;][vc_row_inner][vc_column_inner el_class=\u00a0\u00bbresponsive\u00a0\u00bb offset=\u00a0\u00bbvc_col-lg-12 vc_hidden-md vc_hidden-sm vc_hidden-xs\u00a0\u00bb]<div class=\"clearboth\"><\/div><style>#thegem-divider-69d9f96100963 {margin-top: 5px !important;}<\/style><div id=\"thegem-divider-69d9f96100963\" class=\"gem-divider  \" style=\"\" ><\/div>[\/vc_column_inner][vc_column_inner offset=\u00a0\u00bbvc_hidden-lg vc_col-md-12 vc_col-xs-12&Prime;]<div class=\"clearboth\"><\/div><style>#thegem-divider-69d9f96100a90 {margin-top: 20px !important;}<\/style><div id=\"thegem-divider-69d9f96100a90\" class=\"gem-divider  \" style=\"\" ><\/div>[\/vc_column_inner][\/vc_row_inner][\/vc_column][vc_column disable_custom_paddings_mobile=\u00a0\u00bbtrue\u00a0\u00bb css=\u00a0\u00bb.vc_custom_1712742494011{margin-left: -40px !important;padding-left: 65px !important;background-position: 0 0 !important;background-repeat: no-repeat !important;}\u00a0\u00bb el_class=\u00a0\u00bbgem-custom-column-margin-none\u00a0\u00bb][vc_row_inner][vc_column_inner offset=\u00a0\u00bbvc_col-lg-12 vc_col-md-12 vc_hidden-md vc_hidden-sm vc_col-xs-12 vc_hidden-xs\u00a0\u00bb]<div class=\"clearboth\"><\/div><style>#thegem-divider-69d9f96100ab3 {margin-top: 72px !important;}<\/style><div id=\"thegem-divider-69d9f96100ab3\" class=\"gem-divider  \" style=\"\" ><\/div>[\/vc_column_inner][vc_column_inner offset=\u00a0\u00bbvc_hidden-lg vc_col-md-12 vc_col-xs-12&Prime;]<div class=\"clearboth\"><\/div><div id=\"thegem-divider-69d9f96100ace\" class=\"gem-divider  \" style=\"\" ><\/div>[\/vc_column_inner][vc_column_inner]<div class=\"thegem-te-heading thegem-custom-69d9f96100c358920\" ><script type=\"text\/javascript\">(function() {function TheGemHeading() {this.animateClass = 'thegem-heading-animate';this.animatedClass = 'thegem-heading-animated';}TheGemHeading.prototype = {initialize: function () {let items =document.querySelectorAll('.'+this.animateClass);items.forEach((item)=>{if (this.isElementVisible(item)) {this.prepareAnimation(item);this.startAnimation(item);}});if ('ResizeObserver' in window) {const resizeObserver = new ResizeObserver((entries) => {entries.forEach((entry) => {this.prepareAnimation(entry.target);});});items.forEach((item) => {resizeObserver.observe(item);});}if ('IntersectionObserver' in window) {let intersectionObserver = new IntersectionObserver((entries)=>{entries.forEach((entry)=> {if (entry.isIntersecting) {this.startAnimation(entry.target);intersectionObserver.unobserve(entry.target);}});});items.forEach((item)=>{intersectionObserver.observe(item);this.prepareAnimation(item);});} else {items.forEach((item)=>{this.prepareAnimation(item);this.startAnimation(item);});}},isElementVisible: function (element) {let rect= element.getBoundingClientRect(),width= window.innerWidth || document.documentElement.clientWidth,height = window.innerHeight || document.documentElement.clientHeight,efp= (x, y) => document.elementFromPoint(x, y);if (rect.right < 0 || rect.bottom < 0 || rect.left > width || rect.top > height) return false;return (element.contains(efp(rect.left,rect.top)) ||element.contains(efp(rect.right, rect.top)) ||element.contains(efp(rect.right, rect.bottom)) ||element.contains(efp(rect.left,rect.bottom)));},startAnimation: function (element) {if (element && !element.classList.contains(this.animatedClass)) {element.classList.add(this.animatedClass);element.classList.remove(this.animateClass);element.dispatchEvent(new Event('theGemHeading.startAnimation', {bubbles: true}));}},prepareAnimation: function (element) {if (element\/* && !element.isPreparedAnimation*\/) {element.dispatchEvent(new Event('theGemHeading.prepareAnimation', {bubbles: true}));\/*element.isPreparedAnimation = true;*\/}}};window.theGemHeading = new TheGemHeading();document.addEventListener('DOMContentLoaded', function() {window.theGemHeading.initialize();});})();<\/script><div id=\"thegem-heading-69d9f96100b85\" class=\"thegem-heading thegem-custom-heading-69d9f96100b7d8849 title-h4 letters-scale-out thegem-heading-animate\" style=\"text-align: left;\" ><span class=\"colored thegem-heading-word\" style=\"color: #ffffff;\"><span class=\"thegem-heading-letter\" style=\"animation-delay: 430ms\">L<\/span><span class=\"thegem-heading-letter\" style=\"animation-delay: 460ms\">A<\/span><\/span> <span class=\"colored thegem-heading-word\" style=\"color: #ffffff;\"><span class=\"thegem-heading-letter\" style=\"animation-delay: 490ms\">P<\/span><span class=\"thegem-heading-letter\" style=\"animation-delay: 520ms\">R<\/span><span class=\"thegem-heading-letter\" style=\"animation-delay: 550ms\">O<\/span><span class=\"thegem-heading-letter\" style=\"animation-delay: 580ms\">F<\/span><span class=\"thegem-heading-letter\" style=\"animation-delay: 610ms\">E<\/span><span class=\"thegem-heading-letter\" style=\"animation-delay: 640ms\">S<\/span><span class=\"thegem-heading-letter\" style=\"animation-delay: 670ms\">S<\/span><span class=\"thegem-heading-letter\" style=\"animation-delay: 700ms\">I<\/span><span class=\"thegem-heading-letter\" style=\"animation-delay: 730ms\">O<\/span><span class=\"thegem-heading-letter\" style=\"animation-delay: 760ms\">N<\/span><\/span> <span class=\"colored thegem-heading-word\" style=\"color: #ffffff;\"><span class=\"thegem-heading-letter\" style=\"animation-delay: 790ms\">D<\/span><span class=\"thegem-heading-letter\" style=\"animation-delay: 820ms\">'<\/span><span class=\"thegem-heading-letter\" style=\"animation-delay: 850ms\">A<\/span><span class=\"thegem-heading-letter\" style=\"animation-delay: 880ms\">P<\/span><span class=\"thegem-heading-letter\" style=\"animation-delay: 910ms\">I<\/span><\/span><\/div><style type=\"text\/css\">#thegem-heading-69d9f96100b85 {margin: 0;}#thegem-heading-69d9f96100b85 {letter-spacing: 3px;}#thegem-heading-69d9f96100b85, #thegem-heading-69d9f96100b85 .light {text-transform: uppercase;}#thegem-heading-69d9f96100b85 a:hover, #thegem-heading-69d9f96100b85 a:hover span.colored {color: var(--thegem-to-menu-level1-color-hover, #00BCD4) !important;}<\/style><\/div><style>@media screen and (max-width: 1023px) {.thegem-heading.thegem-custom-heading-69d9f96100b7d8849{display: block!important;}}@media screen and (max-width: 767px) {.thegem-heading.thegem-custom-heading-69d9f96100b7d8849{display: block!important;}}@media screen and (max-width: 1023px) {.thegem-heading.thegem-custom-heading-69d9f96100b7d8849{position: relative !important;}}@media screen and (max-width: 767px) {.thegem-heading.thegem-custom-heading-69d9f96100b7d8849{position: relative !important;}}<\/style>[\/vc_column_inner][vc_column_inner el_class=\u00a0\u00bbgem-custom-mobile-column-margin\u00a0\u00bb tablet_margin_top=\u00a0\u00bb10&Prime; mobile_margin_top=\u00a0\u00bb10&Prime; offset=\u00a0\u00bbvc_col-xs-12&Prime;]<div class=\"thegem-te-heading thegem-custom-69d9f96100cfc8528\" ><div id=\"thegem-heading-69d9f96100cdb\" class=\"thegem-heading thegem-custom-heading-69d9f96100cda7512 title-h1 words-slide-right thegem-heading-animate\" style=\"text-align: left;\" ><span class=\"thegem-heading-word-wrap\"><span class=\"colored thegem-heading-word\" style=\"color: #ffffff; animation-delay: 40ms\">Frais<\/span><\/span> <span class=\"thegem-heading-word-wrap\"><span class=\"colored thegem-heading-word\" style=\"color: #ffffff; animation-delay: 80ms\">et<\/span><\/span> <span class=\"thegem-heading-word-wrap\"><span class=\"colored thegem-heading-word\" style=\"color: #ffffff; animation-delay: 120ms\">documentation.<\/span><\/span><\/div><style type=\"text\/css\">#thegem-heading-69d9f96100cdb {margin: 0;}#thegem-heading-69d9f96100cdb, #thegem-heading-69d9f96100cdb .light {text-transform: none;}#thegem-heading-69d9f96100cdb a:hover, #thegem-heading-69d9f96100cdb a:hover span.colored {color: var(--thegem-to-menu-level1-color-hover, #00BCD4) !important;}<\/style><\/div><style>@media screen and (max-width: 1023px) {.thegem-heading.thegem-custom-heading-69d9f96100cda7512{display: block!important;}}@media screen and (max-width: 767px) {.thegem-heading.thegem-custom-heading-69d9f96100cda7512{display: block!important;}}@media screen and (max-width: 1023px) {.thegem-heading.thegem-custom-heading-69d9f96100cda7512{position: relative !important;}}@media screen and (max-width: 767px) {.thegem-heading.thegem-custom-heading-69d9f96100cda7512{position: relative !important;}}<\/style>[\/vc_column_inner][vc_column_inner offset=\u00a0\u00bbvc_col-lg-12 vc_col-md-12 vc_hidden-md vc_hidden-sm vc_hidden-xs\u00a0\u00bb]<div class=\"clearboth\"><\/div><style>#thegem-divider-69d9f96100d2a {margin-top: 100px !important;}<\/style><div id=\"thegem-divider-69d9f96100d2a\" class=\"gem-divider  \" style=\"\" ><\/div>[\/vc_column_inner][vc_column_inner offset=\u00a0\u00bbvc_hidden-lg vc_col-md-12 vc_col-xs-12 vc_hidden-xs\u00a0\u00bb]<div class=\"clearboth\"><\/div><style>#thegem-divider-69d9f96100d49 {margin-top: 90px !important;}<\/style><div id=\"thegem-divider-69d9f96100d49\" class=\"gem-divider  \" style=\"\" ><\/div>[\/vc_column_inner][\/vc_row_inner][\/vc_column][vc_column offset=\u00a0\u00bbvc_col-lg-12&Prime;][vc_row_inner][vc_column_inner offset=\u00a0\u00bbvc_col-lg-12 vc_hidden-md vc_hidden-sm vc_hidden-xs\u00a0\u00bb]<div class=\"clearboth\"><\/div><style>#thegem-divider-69d9f96100d5f {margin-top: 96px !important;}<\/style><div id=\"thegem-divider-69d9f96100d5f\" class=\"gem-divider  \" style=\"\" ><\/div>[\/vc_column_inner][\/vc_row_inner][\/vc_column][\/vc_row][vc_row full_width=\u00a0\u00bbstretch_row_content\u00a0\u00bb css=\u00a0\u00bb.vc_custom_1603047092148{margin-top: -150px !important;}\u00a0\u00bb el_class=\u00a0\u00bbgem-custom-responsive-margin-row\u00a0\u00bb][vc_column width=\u00a0\u00bb1\/2&Prime;][\/vc_column][vc_column width=\u00a0\u00bb1\/2&Prime; css=\u00a0\u00bb.vc_custom_1603048768990{padding-top: 0px !important;padding-left: 67px !important;}\u00a0\u00bb offset=\u00a0\u00bbvc_col-lg-6 vc_hidden-md vc_hidden-sm vc_hidden-xs\u00a0\u00bb][vc_row_inner css=\u00a0\u00bb.vc_custom_1601975776217{margin-bottom: 0px !important;}\u00a0\u00bb][vc_column_inner css=\u00a0\u00bb.vc_custom_1601975823162{padding-top: 0px !important;background-color: #ffffff !important;}\u00a0\u00bb]<div class=\"clearboth\"><\/div><style>#thegem-divider-69d9f96100d74 {margin-top: 150px !important;}<\/style><div id=\"thegem-divider-69d9f96100d74\" class=\"gem-divider  \" style=\"\" ><\/div>[\/vc_column_inner][\/vc_row_inner][\/vc_column][\/vc_row][vc_row][vc_column offset=\u00a0\u00bbvc_col-lg-12 vc_hidden-md vc_hidden-sm\u00a0\u00bb]<div class=\"clearboth\"><\/div><style>#thegem-divider-69d9f96100d8c {margin-top: 70px !important;}@media screen and (max-width: 767px) {#thegem-divider-69d9f96100d8c {display: none;}}<\/style><div id=\"thegem-divider-69d9f96100d8c\" class=\"gem-divider  \" style=\"\" ><\/div>[\/vc_column][vc_column offset=\u00a0\u00bbvc_hidden-lg vc_col-md-12 vc_col-xs-12&Prime;]<div class=\"clearboth\"><\/div><style>#thegem-divider-69d9f96100da2 {margin-top: 30px !important;}@media screen and (max-width: 767px) {#thegem-divider-69d9f96100da2 {display: none;}}<\/style><div id=\"thegem-divider-69d9f96100da2\" class=\"gem-divider  \" style=\"\" ><\/div>[\/vc_column][vc_column width=\u00a0\u00bb5\/6&Prime; offset=\u00a0\u00bbvc_col-lg-offset-0 vc_col-lg-6 vc_col-md-offset-0 vc_col-md-12 vc_col-sm-offset-2 vc_col-xs-12&Prime;][vc_row_inner][vc_column_inner el_id=\u00a0\u00bbdocumentacion\u00a0\u00bb][vc_column_text css_animation=\u00a0\u00bbbottom-to-top\u00a0\u00bb css=\u00a0\u00bb.vc_custom_1712675593521{margin-bottom: -2px !important;}\u00a0\u00bb]<\/p>\n<div class=\"title-h2\" style=\"color: #141f65;\">Documentation<\/div>\n<p>[\/vc_column_text][\/vc_column_inner][\/vc_row_inner][vc_row_inner][vc_column_inner width=\u00a0\u00bb1\/6&Prime; disable_custom_paddings_mobile=\u00a0\u00bbtrue\u00a0\u00bb css=\u00a0\u00bb.vc_custom_1603185862828{padding-right: 0px !important;}\u00a0\u00bb]<div class=\"clearboth\"><\/div><style>#thegem-divider-69d9f96100db7 {margin-top: 11px !important;}<\/style><div id=\"thegem-divider-69d9f96100db7\" class=\"gem-divider  \" style=\"\" ><\/div><div class=\"clearboth\"><\/div><div id=\"thegem-divider-69d9f96100dce\" class=\"gem-divider   gem-divider-style-2\" style=\"border-color: #ff6c30;\" ><\/div>[\/vc_column_inner][vc_column_inner width=\u00a0\u00bb5\/6&Prime; disable_custom_paddings_tablet=\u00a0\u00bbtrue\u00a0\u00bb disable_custom_paddings_mobile=\u00a0\u00bbtrue\u00a0\u00bb css=\u00a0\u00bb.vc_custom_1603177981334{padding-right: 21% !important;padding-left: 20px !important;}\u00a0\u00bb][vc_column_text css_animation=\u00a0\u00bbbottom-to-top\u00a0\u00bb]<\/p>\n<p class=\"title-h4\" style=\"color: #141f65;\">Cotisations des membres<\/p>\n<p>[\/vc_column_text][vc_column_text css_animation=\u00a0\u00bbbottom-to-top\u00a0\u00bb]<span style=\"color: #141f65;\">Une fois que vous avez fait tout ce qui pr\u00e9c\u00e8de, f\u00e9licitations, vous \u00eates maintenant une API. En tant que membre, vous devrez payer une cotisation mensuelle \u00e0 l&rsquo;Association API qui variera selon que vous \u00eates un membre pratiquant, que vous avez un second bureau ou que vous \u00eates membre mais ne pratiquant pas :<\/span>[\/vc_column_text][\/vc_column_inner][\/vc_row_inner][\/vc_column][vc_column offset=\u00a0\u00bbvc_col-lg-6 vc_col-md-6 vc_col-xs-12&Prime; css=\u00a0\u00bb.vc_custom_1712587576518{margin-top: 22px !important;}\u00a0\u00bb][\/vc_column][vc_column]<div class=\"clearboth\"><\/div><style>#thegem-divider-69d9f96100de2 {margin-top: 40px !important;}<\/style><div id=\"thegem-divider-69d9f96100de2\" class=\"gem-divider  \" style=\"\" ><\/div>[vc_row_inner][vc_column_inner width=\u00a0\u00bb1\/2&Prime;]<div class=\"gem-table  gem-table-style-3\"><table id=\"cuotas\" style=\"width: 100%; border: 1px solid #84ABD8 !important;\">\n<thead>\n<tr>\n<th style=\"background: #141F65;\">\n<h3 style=\"color: white;\">Cotisations des membres<br \/>\npraticien<\/h3>\n<\/th>\n<\/tr>\n<\/thead>\n<tbody>\n<tr>\n<td style=\"background: white !important;\">\n<h3 style=\"color: #84abd8 !important; text-align: center;\">50\/mois<\/h3>\n<\/td>\n<\/tr>\n<\/tbody>\n<\/table>\n<\/div><div class=\"gem-table  gem-table-style-3\"><table id=\"cuotas\" style=\"width: 100%; border: 1px solid #84ABD8 !important;\">\n<thead>\n<tr>\n<th style=\"background: #141F65;\">\n<h3 style=\"color: white;\">Troisi\u00e8me et<br \/>\nenvois successifs<\/h3>\n<\/th>\n<\/tr>\n<\/thead>\n<tbody>\n<tr>\n<td style=\"background: white !important;\">\n<h3 style=\"color: #84abd8 !important; text-align: center;\">12,25\/mois<\/h3>\n<\/td>\n<\/tr>\n<\/tbody>\n<\/table>\n<\/div>[\/vc_column_inner][vc_column_inner width=\u00a0\u00bb1\/2&Prime;]<div class=\"gem-table  gem-table-style-3\"><table id=\"cuotas\" style=\"width: 100%; border: 1px solid #84ABD8 !important;\">\n<thead>\n<tr>\n<th style=\"background: #141F65;\">\n<h3 style=\"color: white;\">Quota deuxi\u00e8me<br \/>\nbureau<\/h3>\n<\/th>\n<\/tr>\n<\/thead>\n<tbody>\n<tr>\n<td style=\"background: white !important;\">\n<h3 style=\"color: #84abd8 !important; text-align: center;\">25\u20ac\/mois<\/h3>\n<\/td>\n<\/tr>\n<\/tbody>\n<\/table>\n<\/div><div class=\"gem-table  gem-table-style-3\"><table id=\"cuotas\" style=\"width: 100%; border: 1px solid #84ABD8 !important;\">\n<thead>\n<tr>\n<th style=\"background: #141F65;\">\n<h3 style=\"color: white;\">Cotisations des membres<br \/>\nnon pratiquant<\/h3>\n<\/th>\n<\/tr>\n<\/thead>\n<tbody>\n<tr>\n<td style=\"background: white !important;\">\n<h3 style=\"color: #84abd8 !important; text-align: center;\">35\/trimestre<\/h3>\n<\/td>\n<\/tr>\n<\/tbody>\n<\/table>\n<\/div>[\/vc_column_inner][\/vc_row_inner][vc_row_inner][vc_column_inner offset=\u00a0\u00bbvc_col-lg-6 vc_col-md-12 vc_col-xs-12&Prime;]<div class=\"clearboth\"><\/div><style>#thegem-divider-69d9f96100ee1 {margin-top: 20px !important;}<\/style><div id=\"thegem-divider-69d9f96100ee1\" class=\"gem-divider  \" style=\"\" ><\/div>[vc_column_text]<\/p>\n<div class=\"title-h3\"><span style=\"color: #bd102d;\">Documentation<br \/>\nn\u00e9cessaires :<\/span><\/div>\n<p>[\/vc_column_text]<div class=\"clearboth\"><\/div><style>#thegem-divider-69d9f96100ef7 {margin-bottom: 20px !important;}<\/style><div id=\"thegem-divider-69d9f96100ef7\" class=\"gem-divider  \" style=\"\" ><\/div>[\/vc_column_inner][vc_column_inner width=\u00a0\u00bb1\/2&Prime;][\/vc_column_inner][\/vc_row_inner][vc_tta_tabs title_tag=\u00a0\u00bbh6&Prime; shape=\u00a0\u00bbsquare\u00a0\u00bb spacing=\u00a0\u00bb3&Prime; active_section=\u00a0\u00bb1&Prime; css=\u00a0\u00bb.vc_custom_1712661568282{background-color: #ffffff !important;}\u00a0\u00bb el_id=\u00a0\u00bbdocumentacion\u00a0\u00bb][vc_tta_section title=\u00a0\u00bbConseil municipal\u00a0\u00bb tab_id=\u00a0\u00bb1712650870132-5e54833a-0de3&Prime;][vc_row_inner][vc_column_inner][vc_column_text css_animation=\u00a0\u00bbbottom-to-top\u00a0\u00bb]<span style=\"color: #141f65;\">Demande et obtention d&rsquo;une licence d&rsquo;ouverture.<\/span>[\/vc_column_text][\/vc_column_inner][\/vc_row_inner][\/vc_tta_section][vc_tta_section title=\u00a0\u00bbAgence fiscale\u00a0\u00bb tab_id=\u00a0\u00bb1712650871330-e0e5ea92-a03c\u00a0\u00bb][vc_row_inner][vc_column_inner][vc_column_text css_animation=\u00a0\u00bbbottom-to-top\u00a0\u00bb]<span style=\"color: #141f65;\">Inscription au recensement des entrepreneurs et des professionnels au moyen du formulaire 036, dans lequel les donn\u00e9es suivantes sont communiqu\u00e9es \u00e0 l&rsquo;AEAT :<\/span><\/p>\n<p><span style=\"color: #141f65;\">\u00ab Nom, DNI et adresse fiscale<\/span><\/p>\n<p><span style=\"color: #141f65;\">\u00ab Imp\u00f4t sur les activit\u00e9s \u00e9conomiques (\u00e9pigraphe 721. AGENTES COLEGIADOS DE LA PROPIEDAD INMOBILIARIA E INDUSTRIAL)<\/span><\/p>\n<p><span style=\"color: #141f65;\">\u00ab Les obligations fiscales p\u00e9riodiques du propri\u00e9taire de l&rsquo;entreprise, qui sont g\u00e9n\u00e9ralement les suivantes :<\/span><\/p>\n<p><span style=\"color: #141f65;\">a) D\u00e9claration trimestrielle de TVA (mod.303)<br \/>\nb) D\u00e9claration trimestrielle des retenues pour le travail personnel et les activit\u00e9s \u00e9conomiques (formulaire 110), en cas d&#8217;emploi de salari\u00e9s ou de paiement d&rsquo;honoraires \u00e0 des professionnels soumis \u00e0 la retenue \u00e0 la source de l&rsquo;imp\u00f4t sur le revenu des personnes physiques.<br \/>\nc) D\u00e9claration trimestrielle des retenues en cas de location et versement des retenues correspondantes au bailleur (mod. 115).<br \/>\nd) D\u00e9claration trimestrielle de paiement par acomptes de l&rsquo;imp\u00f4t sur le revenu des personnes physiques (mod. 130).<br \/>\ne) R\u00e9sum\u00e9s annuels des formulaires pr\u00e9c\u00e9dents (390, 190, 180).<br \/>\nf) D\u00e9claration informative des clients ou fournisseurs avec lesquels nous avons effectu\u00e9 des transactions au cours de l&rsquo;ann\u00e9e qui d\u00e9passent le montant de 3005 euros TTC (formulaire 347).<\/span><\/p>\n<p><span style=\"color: #141f65;\">Les livres et registres \u00e0 tenir pour se conformer \u00e0 la l\u00e9gislation fiscale sont les suivants :<\/span><\/p>\n<p><span style=\"color: #141f65;\">\u00ab Grand livre des ventes et des recettes.<br \/>\n\u00ab Registre des achats et des d\u00e9penses.<br \/>\n\u00ab Registre des biens d&rsquo;investissement.<br \/>\n\u00ab Registre des provisions de fonds et de fournitures.<\/span>[\/vc_column_text][\/vc_column_inner][\/vc_row_inner][\/vc_tta_section][vc_tta_section title=\u00a0\u00bbS\u00e9curit\u00e9 sociale\u00a0\u00bb tab_id=\u00a0\u00bb1712650872562-4c874036-21a6&Prime;][vc_row_inner][vc_column_inner][vc_column_text css_animation=\u00a0\u00bbbottom-to-top\u00a0\u00bb]<span style=\"color: #141f65;\">1. inscription au r\u00e9gime sp\u00e9cial des travailleurs ind\u00e9pendants, en pr\u00e9sentant le formulaire mod. TA0521.<\/span><\/p>\n<p><span style=\"color: #141f65;\">2. Obtenir un livret de visite, qui est conserv\u00e9 dans les bureaux de l&rsquo;inspection provinciale du travail et de la s\u00e9curit\u00e9 sociale.<\/span><\/p>\n<p><span style=\"color: #141f65;\">3. Dans le cas de travailleurs salari\u00e9s :<br \/>\nInscription en tant qu&rsquo;entreprise dans le syst\u00e8me de s\u00e9curit\u00e9 sociale, en pr\u00e9sentant le formulaire TA-6.<br \/>\nNotification de l&rsquo;ouverture d&rsquo;un centre de travail \u00e0 l&rsquo;Autorit\u00e9 du travail (D\u00e9partement de l&rsquo;\u00e9conomie, des finances et de l&#8217;emploi).<\/span>[\/vc_column_text][\/vc_column_inner][\/vc_row_inner][\/vc_tta_section][vc_tta_section title=\u00a0\u00bbAutres\u00a0\u00bb tab_id=\u00a0\u00bb1712660337129-7892b266-9f04&Prime;][vc_row_inner][vc_column_inner][vc_column_text css_animation=\u00a0\u00bbbottom-to-top\u00a0\u00bb]<span style=\"color: #141f65;\">\u00ab Demande d&rsquo;adh\u00e9sion au C.O.A.P.I.<\/span><\/p>\n<p><span style=\"color: #141f65;\">\u00ab Engagement du service de pr\u00e9vention des risques professionnels (dans le cas o\u00f9 il y a des employ\u00e9s).<\/span><\/p>\n<p><span style=\"color: #141f65;\">\u00ab Inscription au registre de l&rsquo;Agence nationale pour la protection des donn\u00e9es personnelles.<\/span><\/p>\n<p><span style=\"color: #141f65;\">\u00ab Une fois le bureau ouvert, il est obligatoire (d\u00e9cret 4\/2013 du 26 mars 2013 du gouvernement de Valence) de disposer de formulaires de plainte dans l&rsquo;\u00e9tablissement, ainsi que d&rsquo;un panneau l&rsquo;annon\u00e7ant \u00e0 un endroit clairement visible. Ils peuvent \u00eatre achet\u00e9s aupr\u00e8s du D\u00e9partement de la consommation &#8211; OICM.<\/span>[\/vc_column_text][\/vc_column_inner][\/vc_row_inner][\/vc_tta_section][\/vc_tta_tabs][\/vc_column][\/vc_row]<\/p>\n<\/div>","protected":false},"excerpt":{"rendered":"<p>[vc_row full_width=\u00a0\u00bbstretch_row\u00a0\u00bb css=\u00a0\u00bb.vc_custom_1712646890303{margin-bottom: 0px !important;background-image: url(http:\/\/www.apialicante.com\/wp-content\/uploads\/2024\/04\/img_banner_todos_apartados_recuadro.jpg?id=1870) !important;background-position: center !important;background-repeat: no-repeat !important;background-size: cover !important;}\u00a0\u00bb custom_css_code=\u00a0\u00bbJTQwbWVkaWElMjAlMjhtYXgtd2lkdGglM0ElMjAxMTk5cHglMjklN0IlMEElMjAlMjAlMjAlMjAlNDBpZC53cGJfcm93JTIwJTdCJTBBJTIwJTIwJTIwJTIwJTIwJTIwJTIwJTIwbWFyZ2luLXRvcCUzQSUyMDAlM0IlMEElMjAlMjAlMjAlMjAlN0QlMEElN0Q=\u00a0\u00bb el_class=\u00a0\u00bbhas-margin\u00a0\u00bb][vc_column offset=\u00a0\u00bbvc_col-lg-12 vc_col-md-12 vc_col-xs-12&Prime;][vc_row_inner][vc_column_inner el_class=\u00a0\u00bbresponsive\u00a0\u00bb offset=\u00a0\u00bbvc_col-lg-12&#8230;<\/p>\n","protected":false},"author":1,"featured_media":0,"parent":13811,"menu_order":0,"comment_status":"closed","ping_status":"closed","template":"","meta":{"_acf_changed":false,"footnotes":""},"class_list":["post-13633","page","type-page","status-publish"],"acf":[],"_links":{"self":[{"href":"https:\/\/www.apialicante.com\/fr\/wp-json\/wp\/v2\/pages\/13633","targetHints":{"allow":["GET"]}}],"collection":[{"href":"https:\/\/www.apialicante.com\/fr\/wp-json\/wp\/v2\/pages"}],"about":[{"href":"https:\/\/www.apialicante.com\/fr\/wp-json\/wp\/v2\/types\/page"}],"author":[{"embeddable":true,"href":"https:\/\/www.apialicante.com\/fr\/wp-json\/wp\/v2\/users\/1"}],"replies":[{"embeddable":true,"href":"https:\/\/www.apialicante.com\/fr\/wp-json\/wp\/v2\/comments?post=13633"}],"version-history":[{"count":2,"href":"https:\/\/www.apialicante.com\/fr\/wp-json\/wp\/v2\/pages\/13633\/revisions"}],"predecessor-version":[{"id":13635,"href":"https:\/\/www.apialicante.com\/fr\/wp-json\/wp\/v2\/pages\/13633\/revisions\/13635"}],"up":[{"embeddable":true,"href":"https:\/\/www.apialicante.com\/fr\/wp-json\/wp\/v2\/pages\/13811"}],"wp:attachment":[{"href":"https:\/\/www.apialicante.com\/fr\/wp-json\/wp\/v2\/media?parent=13633"}],"curies":[{"name":"wp","href":"https:\/\/api.w.org\/{rel}","templated":true}]}}