{"id":13657,"date":"2024-04-29T12:58:54","date_gmt":"2024-04-29T10:58:54","guid":{"rendered":"http:\/\/www.apialicante.com\/cour-darbitrage\/"},"modified":"2024-05-03T09:55:19","modified_gmt":"2024-05-03T07:55:19","slug":"cour-darbitrage","status":"publish","type":"page","link":"https:\/\/www.apialicante.com\/fr\/services\/cour-darbitrage\/","title":{"rendered":"Cour d&rsquo;arbitrage"},"content":{"rendered":"<div class=\"wpb-content-wrapper\"><p>[vc_row full_width=\u00a0\u00bbstretch_row\u00a0\u00bb css=\u00a0\u00bb.vc_custom_1712646890303{margin-bottom: 0px !important;background-image: url(http:\/\/www.apialicante.com\/wp-content\/uploads\/2024\/04\/img_banner_todos_apartados_recuadro.jpg?id=1870) !important;background-position: center !important;background-repeat: no-repeat !important;background-size: cover !important;}\u00a0\u00bb custom_css_code=\u00a0\u00bbJTQwbWVkaWElMjAlMjhtYXgtd2lkdGglM0ElMjAxMTk5cHglMjklN0IlMEElMjAlMjAlMjAlMjAlNDBpZC53cGJfcm93JTIwJTdCJTBBJTIwJTIwJTIwJTIwJTIwJTIwJTIwJTIwbWFyZ2luLXRvcCUzQSUyMDAlM0IlMEElMjAlMjAlMjAlMjAlN0QlMEElN0Q=\u00a0\u00bb el_class=\u00a0\u00bbhas-margin\u00a0\u00bb][vc_column offset=\u00a0\u00bbvc_col-lg-12 vc_col-md-12 vc_col-xs-12&Prime;][vc_row_inner][vc_column_inner el_class=\u00a0\u00bbresponsive\u00a0\u00bb offset=\u00a0\u00bbvc_col-lg-12 vc_hidden-md vc_hidden-sm vc_hidden-xs\u00a0\u00bb]<div class=\"clearboth\"><\/div><style>#thegem-divider-69d9f97a754e5 {margin-top: 5px !important;}<\/style><div id=\"thegem-divider-69d9f97a754e5\" class=\"gem-divider  \" style=\"\" ><\/div>[\/vc_column_inner][vc_column_inner offset=\u00a0\u00bbvc_hidden-lg vc_col-md-12 vc_col-xs-12&Prime;]<div class=\"clearboth\"><\/div><style>#thegem-divider-69d9f97a75683 {margin-top: 20px !important;}<\/style><div id=\"thegem-divider-69d9f97a75683\" class=\"gem-divider  \" style=\"\" ><\/div>[\/vc_column_inner][\/vc_row_inner][\/vc_column][vc_column disable_custom_paddings_mobile=\u00a0\u00bbtrue\u00a0\u00bb css=\u00a0\u00bb.vc_custom_1712742437826{margin-left: -40px !important;padding-left: 65px !important;background-position: 0 0 !important;background-repeat: no-repeat !important;}\u00a0\u00bb el_class=\u00a0\u00bbgem-custom-column-margin-none\u00a0\u00bb][vc_row_inner][vc_column_inner offset=\u00a0\u00bbvc_col-lg-12 vc_col-md-12 vc_hidden-md vc_hidden-sm vc_col-xs-12 vc_hidden-xs\u00a0\u00bb]<div class=\"clearboth\"><\/div><style>#thegem-divider-69d9f97a756a5 {margin-top: 72px !important;}<\/style><div id=\"thegem-divider-69d9f97a756a5\" class=\"gem-divider  \" style=\"\" ><\/div>[\/vc_column_inner][vc_column_inner offset=\u00a0\u00bbvc_hidden-lg vc_col-md-12 vc_col-xs-12&Prime;]<div class=\"clearboth\"><\/div><div id=\"thegem-divider-69d9f97a756bf\" class=\"gem-divider  \" style=\"\" ><\/div>[\/vc_column_inner][vc_column_inner]<div class=\"thegem-te-heading thegem-custom-69d9f97a757db7368\" ><script type=\"text\/javascript\">(function() {function TheGemHeading() {this.animateClass = 'thegem-heading-animate';this.animatedClass = 'thegem-heading-animated';}TheGemHeading.prototype = {initialize: function () {let items =document.querySelectorAll('.'+this.animateClass);items.forEach((item)=>{if (this.isElementVisible(item)) {this.prepareAnimation(item);this.startAnimation(item);}});if ('ResizeObserver' in window) {const resizeObserver = new ResizeObserver((entries) => {entries.forEach((entry) => {this.prepareAnimation(entry.target);});});items.forEach((item) => {resizeObserver.observe(item);});}if ('IntersectionObserver' in window) {let intersectionObserver = new IntersectionObserver((entries)=>{entries.forEach((entry)=> {if (entry.isIntersecting) {this.startAnimation(entry.target);intersectionObserver.unobserve(entry.target);}});});items.forEach((item)=>{intersectionObserver.observe(item);this.prepareAnimation(item);});} else {items.forEach((item)=>{this.prepareAnimation(item);this.startAnimation(item);});}},isElementVisible: function (element) {let rect= element.getBoundingClientRect(),width= window.innerWidth || document.documentElement.clientWidth,height = window.innerHeight || document.documentElement.clientHeight,efp= (x, y) => document.elementFromPoint(x, y);if (rect.right < 0 || rect.bottom < 0 || rect.left > width || rect.top > height) return false;return (element.contains(efp(rect.left,rect.top)) ||element.contains(efp(rect.right, rect.top)) ||element.contains(efp(rect.right, rect.bottom)) ||element.contains(efp(rect.left,rect.bottom)));},startAnimation: function (element) {if (element && !element.classList.contains(this.animatedClass)) {element.classList.add(this.animatedClass);element.classList.remove(this.animateClass);element.dispatchEvent(new Event('theGemHeading.startAnimation', {bubbles: true}));}},prepareAnimation: function (element) {if (element\/* && !element.isPreparedAnimation*\/) {element.dispatchEvent(new Event('theGemHeading.prepareAnimation', {bubbles: true}));\/*element.isPreparedAnimation = true;*\/}}};window.theGemHeading = new TheGemHeading();document.addEventListener('DOMContentLoaded', function() {window.theGemHeading.initialize();});})();<\/script><div id=\"thegem-heading-69d9f97a75760\" class=\"thegem-heading thegem-custom-heading-69d9f97a7575d7864 title-h4 letters-scale-out thegem-heading-animate\" style=\"text-align: left;\" ><span class=\"colored thegem-heading-word\" style=\"color: #ffffff;\"><span class=\"thegem-heading-letter\" style=\"animation-delay: 430ms\">S<\/span><span class=\"thegem-heading-letter\" style=\"animation-delay: 460ms\">E<\/span><span class=\"thegem-heading-letter\" style=\"animation-delay: 490ms\">R<\/span><span class=\"thegem-heading-letter\" style=\"animation-delay: 520ms\">V<\/span><span class=\"thegem-heading-letter\" style=\"animation-delay: 550ms\">I<\/span><span class=\"thegem-heading-letter\" style=\"animation-delay: 580ms\">C<\/span><span class=\"thegem-heading-letter\" style=\"animation-delay: 610ms\">E<\/span><span class=\"thegem-heading-letter\" style=\"animation-delay: 640ms\">S<\/span><\/span><\/div><style type=\"text\/css\">#thegem-heading-69d9f97a75760 {margin: 0;}#thegem-heading-69d9f97a75760 {letter-spacing: 3px;}#thegem-heading-69d9f97a75760, #thegem-heading-69d9f97a75760 .light {text-transform: uppercase;}#thegem-heading-69d9f97a75760 a:hover, #thegem-heading-69d9f97a75760 a:hover span.colored {color: var(--thegem-to-menu-level1-color-hover, #00BCD4) !important;}<\/style><\/div><style>@media screen and (max-width: 1023px) {.thegem-heading.thegem-custom-heading-69d9f97a7575d7864{display: block!important;}}@media screen and (max-width: 767px) {.thegem-heading.thegem-custom-heading-69d9f97a7575d7864{display: block!important;}}@media screen and (max-width: 1023px) {.thegem-heading.thegem-custom-heading-69d9f97a7575d7864{position: relative !important;}}@media screen and (max-width: 767px) {.thegem-heading.thegem-custom-heading-69d9f97a7575d7864{position: relative !important;}}<\/style>[\/vc_column_inner][vc_column_inner el_class=\u00a0\u00bbgem-custom-mobile-column-margin\u00a0\u00bb tablet_margin_top=\u00a0\u00bb10&Prime; mobile_margin_top=\u00a0\u00bb10&Prime; offset=\u00a0\u00bbvc_col-xs-12&Prime;]<div class=\"thegem-te-heading thegem-custom-69d9f97a758985840\" ><h1 id=\"thegem-heading-69d9f97a75879\" class=\"thegem-heading thegem-custom-heading-69d9f97a758788161 title-h1 words-slide-right thegem-heading-animate\" style=\"text-align: left;\" ><span class=\"thegem-heading-word-wrap\"><span class=\"colored thegem-heading-word\" style=\"color: #ffffff; animation-delay: 40ms\">Cour<\/span><\/span> <span class=\"thegem-heading-word-wrap\"><span class=\"colored thegem-heading-word\" style=\"color: #ffffff; animation-delay: 80ms\">d'arbitrage.<\/span><\/span><\/h1><style type=\"text\/css\">#thegem-heading-69d9f97a75879 {margin: 0;}#thegem-heading-69d9f97a75879, #thegem-heading-69d9f97a75879 .light {text-transform: none;}#thegem-heading-69d9f97a75879 a:hover, #thegem-heading-69d9f97a75879 a:hover span.colored {color: var(--thegem-to-menu-level1-color-hover, #00BCD4) !important;}<\/style><\/div><style>@media screen and (max-width: 1023px) {.thegem-heading.thegem-custom-heading-69d9f97a758788161{display: block!important;}}@media screen and (max-width: 767px) {.thegem-heading.thegem-custom-heading-69d9f97a758788161{display: block!important;}}@media screen and (max-width: 1023px) {.thegem-heading.thegem-custom-heading-69d9f97a758788161{position: relative !important;}}@media screen and (max-width: 767px) {.thegem-heading.thegem-custom-heading-69d9f97a758788161{position: relative !important;}}<\/style>[\/vc_column_inner][vc_column_inner offset=\u00a0\u00bbvc_col-lg-12 vc_col-md-12 vc_hidden-md vc_hidden-sm vc_hidden-xs\u00a0\u00bb]<div class=\"clearboth\"><\/div><style>#thegem-divider-69d9f97a758c1 {margin-top: 100px !important;}<\/style><div id=\"thegem-divider-69d9f97a758c1\" class=\"gem-divider  \" style=\"\" ><\/div>[\/vc_column_inner][vc_column_inner offset=\u00a0\u00bbvc_hidden-lg vc_col-md-12 vc_col-xs-12 vc_hidden-xs\u00a0\u00bb]<div class=\"clearboth\"><\/div><style>#thegem-divider-69d9f97a758dc {margin-top: 90px !important;}<\/style><div id=\"thegem-divider-69d9f97a758dc\" class=\"gem-divider  \" style=\"\" ><\/div>[\/vc_column_inner][\/vc_row_inner][\/vc_column][vc_column offset=\u00a0\u00bbvc_col-lg-12&Prime;][vc_row_inner][vc_column_inner offset=\u00a0\u00bbvc_col-lg-12 vc_hidden-md vc_hidden-sm vc_hidden-xs\u00a0\u00bb]<div class=\"clearboth\"><\/div><style>#thegem-divider-69d9f97a758f3 {margin-top: 96px !important;}<\/style><div id=\"thegem-divider-69d9f97a758f3\" class=\"gem-divider  \" style=\"\" ><\/div>[\/vc_column_inner][\/vc_row_inner][\/vc_column][\/vc_row][vc_row full_width=\u00a0\u00bbstretch_row_content\u00a0\u00bb css=\u00a0\u00bb.vc_custom_1603047092148{margin-top: -150px !important;}\u00a0\u00bb el_class=\u00a0\u00bbgem-custom-responsive-margin-row\u00a0\u00bb][vc_column width=\u00a0\u00bb1\/2&Prime;][\/vc_column][vc_column width=\u00a0\u00bb1\/2&Prime; css=\u00a0\u00bb.vc_custom_1603048768990{padding-top: 0px !important;padding-left: 67px !important;}\u00a0\u00bb offset=\u00a0\u00bbvc_col-lg-6 vc_hidden-md vc_hidden-sm vc_hidden-xs\u00a0\u00bb][vc_row_inner css=\u00a0\u00bb.vc_custom_1601975776217{margin-bottom: 0px !important;}\u00a0\u00bb][vc_column_inner css=\u00a0\u00bb.vc_custom_1601975823162{padding-top: 0px !important;background-color: #ffffff !important;}\u00a0\u00bb]<div class=\"clearboth\"><\/div><style>#thegem-divider-69d9f97a75909 {margin-top: 150px !important;}<\/style><div id=\"thegem-divider-69d9f97a75909\" class=\"gem-divider  \" style=\"\" ><\/div>[\/vc_column_inner][\/vc_row_inner][\/vc_column][\/vc_row][vc_row][vc_column offset=\u00a0\u00bbvc_hidden-lg vc_col-md-12 vc_col-xs-12&Prime;]<div class=\"clearboth\"><\/div><style>#thegem-divider-69d9f97a75921 {margin-top: 30px !important;}@media screen and (max-width: 767px) {#thegem-divider-69d9f97a75921 {display: none;}}<\/style><div id=\"thegem-divider-69d9f97a75921\" class=\"gem-divider  \" style=\"\" ><\/div>[\/vc_column][vc_column offset=\u00a0\u00bbvc_col-lg-6 vc_col-md-6 vc_col-xs-12&Prime; css=\u00a0\u00bb.vc_custom_1712647777985{margin-top: 22px !important;}\u00a0\u00bb]<div class=\"gem-image gem-wrapbox gem-wrapbox-style-default gem-wrapbox-position-right lazy-loading  thegem-custom-69d9f97a7593e2985\"  style=\"\" ><div class=\"gem-wrapbox-inner  lazy-loading-item\"  data-ll-effect=\"move-up\"><img class=\"gem-wrapbox-element img-responsive\" src=\"https:\/\/www.apialicante.com\/wp-content\/uploads\/2024\/04\/img_corte_arbitraje.jpg\" alt=\"COAPI Cour\"\/><\/div><\/div>[\/vc_column][vc_column width=\u00a0\u00bb5\/6&Prime; offset=\u00a0\u00bbvc_col-lg-offset-0 vc_col-lg-6 vc_col-md-offset-0 vc_col-md-6 vc_col-sm-offset-2 vc_col-xs-12&Prime; css=\u00a0\u00bb.vc_custom_1712647821258{margin-top: 22px !important;}\u00a0\u00bb][vc_row_inner][vc_column_inner el_id=\u00a0\u00bbcorte-de-arbitraje\u00a0\u00bb][vc_column_text css_animation=\u00a0\u00bbbottom-to-top\u00a0\u00bb css=\u00a0\u00bb.vc_custom_1712760384010{margin-bottom: -2px !important;}\u00a0\u00bb]<\/p>\n<div class=\"title-h3\" style=\"color: #141f65;\">Cour d&rsquo;<br \/>\nArbitrage.<\/div>\n<p>[\/vc_column_text][\/vc_column_inner][\/vc_row_inner][vc_row_inner][vc_column_inner width=\u00a0\u00bb1\/6&Prime; disable_custom_paddings_mobile=\u00a0\u00bbtrue\u00a0\u00bb css=\u00a0\u00bb.vc_custom_1603185862828{padding-right: 0px !important;}\u00a0\u00bb]<div class=\"clearboth\"><\/div><style>#thegem-divider-69d9f97a75e97 {margin-top: 11px !important;}<\/style><div id=\"thegem-divider-69d9f97a75e97\" class=\"gem-divider  \" style=\"\" ><\/div><div class=\"clearboth\"><\/div><div id=\"thegem-divider-69d9f97a75eb3\" class=\"gem-divider   gem-divider-style-2\" style=\"border-color: #ff6c30;\" ><\/div>[\/vc_column_inner][vc_column_inner width=\u00a0\u00bb5\/6&Prime; disable_custom_paddings_tablet=\u00a0\u00bbtrue\u00a0\u00bb disable_custom_paddings_mobile=\u00a0\u00bbtrue\u00a0\u00bb css=\u00a0\u00bb.vc_custom_1603177981334{padding-right: 21% !important;padding-left: 20px !important;}\u00a0\u00bb][vc_column_text css_animation=\u00a0\u00bbbottom-to-top\u00a0\u00bb]<\/p>\n<p class=\"title-h4\" style=\"color: #141f65;\">La Cour d&rsquo;arbitrage a \u00e9t\u00e9<br \/>\nconstitu\u00e9 par le COAPI<\/p>\n<p>[\/vc_column_text][vc_column_text css_animation=\u00a0\u00bbbottom-to-top\u00a0\u00bb]<span style=\"color: #141f65;\">Le 31\/03\/09 et a pour objet la r\u00e9solution des conflits entre locataires et propri\u00e9taires pour non-paiement de loyer ou pour tout autre motif, qui ont pr\u00e9alablement soumis leurs diff\u00e9rends \u00e0 la Cour d&rsquo;arbitrage.<\/span>[\/vc_column_text][\/vc_column_inner][\/vc_row_inner][\/vc_column][\/vc_row][vc_row][vc_column]<div class=\"clearboth\"><\/div><style>#thegem-divider-69d9f97a75ec9 {margin-top: 40px !important;}<\/style><div id=\"thegem-divider-69d9f97a75ec9\" class=\"gem-divider  \" style=\"\" ><\/div>[vc_column_text]<\/p>\n<div class=\"title-h3\"><span style=\"color: #bd102d;\">R\u00e9solutions :<\/span><\/div>\n<p>[\/vc_column_text][\/vc_column][\/vc_row][vc_row][vc_column width=\u00a0\u00bb1\/3&Prime;][vc_column_text css_animation=\u00a0\u00bbbottom-to-top\u00a0\u00bb]<\/p>\n<p class=\"title-h4\" style=\"color: #141f65;\">1.Convention d&rsquo;arbitrage<\/p>\n<p>[\/vc_column_text][vc_column_text]<a id=\"toggleLink\" href=\"#\"><strong><span style=\"color: #84abd8;\">+ d&rsquo;informations<\/span><\/strong><\/a>[\/vc_column_text][vc_column_text css_animation=\u00a0\u00bbbottom-to-top\u00a0\u00bb]<\/p>\n<div id=\"resolucion1\" style=\"display: none;\">\n<p><span style=\"color: #141f65;\">Pour pouvoir invoquer la proc\u00e9dure d&rsquo;arbitrage, les parties aux contrats doivent avoir pr\u00e9alablement sign\u00e9 une CLAUSE DE SOUMISSION AU TRIBUNAL D&rsquo;ARBITRAGE par le biais d&rsquo;une clause annex\u00e9e au contrat de bail. Une telle clause peut \u00eatre incluse dans les contrats existants ou nouveaux.<\/span><\/p>\n<p><span style=\"color: #141f65;\">La proc\u00e9dure d&rsquo;arbitrage est extr\u00eamement simple et est initi\u00e9e par une demande de l&rsquo;une ou l&rsquo;autre des parties \u00e0 un contrat de bail au moyen d&rsquo;un formulaire, dont la demande est r\u00e9solue dans un d\u00e9lai maximum de deux mois par une sentence, dont l&rsquo;ex\u00e9cution est obligatoire et ex\u00e9cutoire.<\/span><\/p>\n<\/div>\n<p>[\/vc_column_text]<div class=\"gem-button-container gem-button-position-fullwidth thegem-button-69d9f97a75f219101    \"  ><a class=\"gem-button gem-button-size-small gem-button-style-outline gem-button-text-weight-normal gem-button-border-2\" data-ll-effect=\"drop-right-without-wrap\" style=\"border-radius: 0px;\" onmouseleave=\"\" onmouseenter=\"\" href=\"https:\/\/apialicante.difusion.org\/wp-content\/uploads\/2024\/04\/CONVENIO-ARBITRAL-MODIFICADO-1.doc\" target=\"_self\" id=\"botonDescarga\">TELECHARGER PDF<\/a><\/div> [\/vc_column][vc_column width=\u00a0\u00bb1\/3&Prime;][vc_column_text css_animation=\u00a0\u00bbbottom-to-top\u00a0\u00bb]<\/p>\n<p class=\"title-h4\" style=\"color: #141f65;\">2. le r\u00e8glement d&rsquo;arbitrage<\/p>\n<p>[\/vc_column_text][vc_column_text]<a id=\"toggleLink2\" href=\"#\"><strong><span style=\"color: #84abd8;\">+ d&rsquo;informations<\/span><\/strong><\/a>[\/vc_column_text][vc_column_text css_animation=\u00a0\u00bbbottom-to-top\u00a0\u00bb]<\/p>\n<div id=\"resolucion2\" style=\"display: none;\">\n<p><span style=\"color: #141f65;\">La proc\u00e9dure d&rsquo;arbitrage est extr\u00eamement simple et est initi\u00e9e par une demande de l&rsquo;une ou l&rsquo;autre des parties \u00e0 un contrat de bail au moyen d&rsquo;un formulaire, dont la demande est r\u00e9solue dans un d\u00e9lai maximum de deux mois par une sentence, dont l&rsquo;ex\u00e9cution est obligatoire et ex\u00e9cutoire.<\/span><\/p>\n<p><span style=\"color: #141f65;\">La Cour d&rsquo;arbitrage du COAPI est r\u00e9gie par la loi 60\/2003 du 23 d\u00e9cembre 2003 sur l&rsquo;arbitrage. Le r\u00e8glement de proc\u00e9dure de la Cour d&rsquo;arbitrage peut \u00eatre consult\u00e9 et t\u00e9l\u00e9charg\u00e9.<\/span><\/p>\n<\/div>\n<p>[\/vc_column_text]<div class=\"gem-button-container gem-button-position-fullwidth thegem-button-69d9f97a75f675016    \"  ><a class=\"gem-button gem-button-size-small gem-button-style-outline gem-button-text-weight-normal gem-button-border-2\" data-ll-effect=\"drop-right-without-wrap\" style=\"border-radius: 0px;\" onmouseleave=\"\" onmouseenter=\"\" href=\"https:\/\/apialicante.difusion.org\/wp-content\/uploads\/2024\/04\/REGLAMENTO-CORTE-ARBITRAJE-ACTUALIZADO-2020-1.doc\" target=\"_self\" id=\"botonDescarga\">TELECHARGER PDF<\/a><\/div> [\/vc_column][vc_column width=\u00a0\u00bb1\/3&Prime;][vc_column_text css_animation=\u00a0\u00bbbottom-to-top\u00a0\u00bb]<\/p>\n<p class=\"title-h4\" style=\"color: #141f65;\">3. demande d&rsquo;arbitrage<\/p>\n<p>[\/vc_column_text][vc_column_text]<a id=\"toggleLink3\" href=\"#\"><strong><span style=\"color: #84abd8;\">+ d&rsquo;informations<\/span><\/strong><\/a>[\/vc_column_text][vc_column_text css_animation=\u00a0\u00bbbottom-to-top\u00a0\u00bb]<\/p>\n<div id=\"resolucion3\" style=\"display: none;\">\n<p><span style=\"color: #141f65;\">Si vous souhaitez introduire une r\u00e9clamation aupr\u00e8s de la Cour d&rsquo;arbitrage concernant un contrat de bail, vous pouvez t\u00e9l\u00e9charger le document correspondant.<\/span><\/p>\n<\/div>\n<p>[\/vc_column_text]<div class=\"gem-button-container gem-button-position-fullwidth thegem-button-69d9f97a75f9e9621    \"  ><a class=\"gem-button gem-button-size-small gem-button-style-outline gem-button-text-weight-normal gem-button-border-2\" data-ll-effect=\"drop-right-without-wrap\" style=\"border-radius: 0px;\" onmouseleave=\"\" onmouseenter=\"\" href=\"https:\/\/apialicante.difusion.org\/wp-content\/uploads\/2024\/04\/demanda-corte-arbitraje-arrendamientos-1.doc\" target=\"_self\" id=\"botonDescarga\">TELECHARGER PDF<\/a><\/div> [\/vc_column][\/vc_row][vc_row][vc_column width=\u00a0\u00bb1\/3&Prime;][vc_column_text css_animation=\u00a0\u00bbbottom-to-top\u00a0\u00bb]<\/p>\n<p class=\"title-h4\" style=\"color: #141f65;\">4. la demande d&rsquo;arbitrage<\/p>\n<p>[\/vc_column_text][vc_column_text]<a id=\"toggleLink4\" href=\"#\"><strong><span style=\"color: #84abd8;\">+ d&rsquo;informations<\/span><\/strong><\/a>[\/vc_column_text][vc_column_text css_animation=\u00a0\u00bbbottom-to-top\u00a0\u00bb]<\/p>\n<div id=\"resolucion4\" style=\"display: none;\">\n<p><span style=\"color: #141f65;\">Si votre plainte concerne un autre type de contrat, vous pouvez t\u00e9l\u00e9charger le formulaire de plainte.<\/span><\/p>\n<\/div>\n<p>[\/vc_column_text]<div class=\"gem-button-container gem-button-position-fullwidth thegem-button-69d9f97a75fd38583    \"  ><a class=\"gem-button gem-button-size-small gem-button-style-outline gem-button-text-weight-normal gem-button-border-2\" data-ll-effect=\"drop-right-without-wrap\" style=\"border-radius: 0px;\" onmouseleave=\"\" onmouseenter=\"\" href=\"https:\/\/apialicante.difusion.org\/wp-content\/uploads\/2024\/04\/demanda-corte-arbitraje-1.doc\" target=\"_self\" id=\"botonDescarga\">TELECHARGER PDF<\/a><\/div> [\/vc_column][vc_column width=\u00a0\u00bb1\/3&Prime;][vc_column_text css_animation=\u00a0\u00bbbottom-to-top\u00a0\u00bb]<\/p>\n<p class=\"title-h4\" style=\"color: #141f65;\">5.Droit g\u00e9n\u00e9ral de l&rsquo;arbitrage<\/p>\n<p>[\/vc_column_text][vc_column_text]<a id=\"toggleLink5\" href=\"#\"><strong><span style=\"color: #84abd8;\">+ d&rsquo;informations<\/span><\/strong><\/a>[\/vc_column_text][vc_column_text css_animation=\u00a0\u00bbbottom-to-top\u00a0\u00bb]<\/p>\n<div id=\"resolucion5\" style=\"display: none;\">\n<p><span style=\"color: #141f65;\">Pour plus d&rsquo;informations, vous pouvez t\u00e9l\u00e9charger le texte int\u00e9gral de la LOI G\u00c9N\u00c9RALE SUR L&rsquo;ARBITRAGE.<\/span><\/p>\n<\/div>\n<p>[\/vc_column_text]<div class=\"gem-button-container gem-button-position-fullwidth thegem-button-69d9f97a760036412    \"  ><a class=\"gem-button gem-button-size-small gem-button-style-outline gem-button-text-weight-normal gem-button-border-2\" data-ll-effect=\"drop-right-without-wrap\" style=\"border-radius: 0px;\" onmouseleave=\"\" onmouseenter=\"\" href=\"https:\/\/apialicante.difusion.org\/wp-content\/uploads\/2024\/04\/BOE-A-2003-23646-consolidado.pdf\" target=\"_self\" id=\"botonDescarga\">TELECHARGER PDF<\/a><\/div> [\/vc_column][vc_column width=\u00a0\u00bb1\/3&Prime;][\/vc_column][\/vc_row]<\/p>\n<\/div>","protected":false},"excerpt":{"rendered":"<p>[vc_row full_width=\u00a0\u00bbstretch_row\u00a0\u00bb css=\u00a0\u00bb.vc_custom_1712646890303{margin-bottom: 0px !important;background-image: url(http:\/\/www.apialicante.com\/wp-content\/uploads\/2024\/04\/img_banner_todos_apartados_recuadro.jpg?id=1870) !important;background-position: center !important;background-repeat: no-repeat !important;background-size: cover !important;}\u00a0\u00bb custom_css_code=\u00a0\u00bbJTQwbWVkaWElMjAlMjhtYXgtd2lkdGglM0ElMjAxMTk5cHglMjklN0IlMEElMjAlMjAlMjAlMjAlNDBpZC53cGJfcm93JTIwJTdCJTBBJTIwJTIwJTIwJTIwJTIwJTIwJTIwJTIwbWFyZ2luLXRvcCUzQSUyMDAlM0IlMEElMjAlMjAlMjAlMjAlN0QlMEElN0Q=\u00a0\u00bb el_class=\u00a0\u00bbhas-margin\u00a0\u00bb][vc_column offset=\u00a0\u00bbvc_col-lg-12 vc_col-md-12 vc_col-xs-12&Prime;][vc_row_inner][vc_column_inner el_class=\u00a0\u00bbresponsive\u00a0\u00bb offset=\u00a0\u00bbvc_col-lg-12&#8230;<\/p>\n","protected":false},"author":1,"featured_media":0,"parent":13779,"menu_order":0,"comment_status":"closed","ping_status":"closed","template":"","meta":{"_acf_changed":false,"footnotes":""},"class_list":["post-13657","page","type-page","status-publish"],"acf":[],"_links":{"self":[{"href":"https:\/\/www.apialicante.com\/fr\/wp-json\/wp\/v2\/pages\/13657","targetHints":{"allow":["GET"]}}],"collection":[{"href":"https:\/\/www.apialicante.com\/fr\/wp-json\/wp\/v2\/pages"}],"about":[{"href":"https:\/\/www.apialicante.com\/fr\/wp-json\/wp\/v2\/types\/page"}],"author":[{"embeddable":true,"href":"https:\/\/www.apialicante.com\/fr\/wp-json\/wp\/v2\/users\/1"}],"replies":[{"embeddable":true,"href":"https:\/\/www.apialicante.com\/fr\/wp-json\/wp\/v2\/comments?post=13657"}],"version-history":[{"count":2,"href":"https:\/\/www.apialicante.com\/fr\/wp-json\/wp\/v2\/pages\/13657\/revisions"}],"predecessor-version":[{"id":13659,"href":"https:\/\/www.apialicante.com\/fr\/wp-json\/wp\/v2\/pages\/13657\/revisions\/13659"}],"up":[{"embeddable":true,"href":"https:\/\/www.apialicante.com\/fr\/wp-json\/wp\/v2\/pages\/13779"}],"wp:attachment":[{"href":"https:\/\/www.apialicante.com\/fr\/wp-json\/wp\/v2\/media?parent=13657"}],"curies":[{"name":"wp","href":"https:\/\/api.w.org\/{rel}","templated":true}]}}