{"id":13687,"date":"2024-04-29T15:30:10","date_gmt":"2024-04-29T13:30:10","guid":{"rendered":"http:\/\/www.apialicante.com\/liens\/"},"modified":"2024-05-03T09:55:19","modified_gmt":"2024-05-03T07:55:19","slug":"liens","status":"publish","type":"page","link":"https:\/\/www.apialicante.com\/fr\/services\/liens\/","title":{"rendered":"Liens"},"content":{"rendered":"<div class=\"wpb-content-wrapper\"><p>[vc_row full_width=\u00a0\u00bbstretch_row\u00a0\u00bb css=\u00a0\u00bb.vc_custom_1712655138766{margin-bottom: 0px !important;background-image: url(http:\/\/www.apialicante.com\/wp-content\/uploads\/2024\/04\/img_banner_todos_apartados_recuadro.jpg?id=1870) !important;background-position: center !important;background-repeat: no-repeat !important;background-size: cover !important;}\u00a0\u00bb custom_css_code=\u00a0\u00bbJTQwbWVkaWElMjAlMjhtYXgtd2lkdGglM0ElMjAxMTk5cHglMjklN0IlMEElMjAlMjAlMjAlMjAlNDBpZC53cGJfcm93JTIwJTdCJTBBJTIwJTIwJTIwJTIwJTIwJTIwJTIwJTIwbWFyZ2luLXRvcCUzQSUyMDAlM0IlMEElMjAlMjAlMjAlMjAlN0QlMEElN0Q=\u00a0\u00bb el_class=\u00a0\u00bbhas-margin\u00a0\u00bb][vc_column offset=\u00a0\u00bbvc_col-lg-12 vc_col-md-12 vc_col-xs-12&Prime;][\/vc_column][vc_column disable_custom_paddings_mobile=\u00a0\u00bbtrue\u00a0\u00bb css=\u00a0\u00bb.vc_custom_1712742719460{margin-left: -40px !important;padding-left: 65px !important;background-position: 0 0 !important;background-repeat: no-repeat !important;}\u00a0\u00bb el_class=\u00a0\u00bbgem-custom-column-margin-none\u00a0\u00bb][vc_row_inner][vc_column_inner offset=\u00a0\u00bbvc_col-lg-12 vc_col-md-12 vc_hidden-md vc_hidden-sm vc_col-xs-12 vc_hidden-xs\u00a0\u00bb]<div class=\"clearboth\"><\/div><style>#thegem-divider-69d6f89b627b8 {margin-top: 72px !important;}<\/style><div id=\"thegem-divider-69d6f89b627b8\" class=\"gem-divider  \" style=\"\" ><\/div>[\/vc_column_inner][vc_column_inner offset=\u00a0\u00bbvc_hidden-lg vc_col-md-12 vc_col-xs-12&Prime;]<div class=\"clearboth\"><\/div><div id=\"thegem-divider-69d6f89b6293d\" class=\"gem-divider  \" style=\"\" ><\/div>[\/vc_column_inner][vc_column_inner]<div class=\"thegem-te-heading thegem-custom-69d6f89b62be38498\" ><script type=\"text\/javascript\">(function() {function TheGemHeading() {this.animateClass = 'thegem-heading-animate';this.animatedClass = 'thegem-heading-animated';}TheGemHeading.prototype = {initialize: function () {let items =document.querySelectorAll('.'+this.animateClass);items.forEach((item)=>{if (this.isElementVisible(item)) {this.prepareAnimation(item);this.startAnimation(item);}});if ('ResizeObserver' in window) {const resizeObserver = new ResizeObserver((entries) => {entries.forEach((entry) => {this.prepareAnimation(entry.target);});});items.forEach((item) => {resizeObserver.observe(item);});}if ('IntersectionObserver' in window) {let intersectionObserver = new IntersectionObserver((entries)=>{entries.forEach((entry)=> {if (entry.isIntersecting) {this.startAnimation(entry.target);intersectionObserver.unobserve(entry.target);}});});items.forEach((item)=>{intersectionObserver.observe(item);this.prepareAnimation(item);});} else {items.forEach((item)=>{this.prepareAnimation(item);this.startAnimation(item);});}},isElementVisible: function (element) {let rect= element.getBoundingClientRect(),width= window.innerWidth || document.documentElement.clientWidth,height = window.innerHeight || document.documentElement.clientHeight,efp= (x, y) => document.elementFromPoint(x, y);if (rect.right < 0 || rect.bottom < 0 || rect.left > width || rect.top > height) return false;return (element.contains(efp(rect.left,rect.top)) ||element.contains(efp(rect.right, rect.top)) ||element.contains(efp(rect.right, rect.bottom)) ||element.contains(efp(rect.left,rect.bottom)));},startAnimation: function (element) {if (element && !element.classList.contains(this.animatedClass)) {element.classList.add(this.animatedClass);element.classList.remove(this.animateClass);element.dispatchEvent(new Event('theGemHeading.startAnimation', {bubbles: true}));}},prepareAnimation: function (element) {if (element\/* && !element.isPreparedAnimation*\/) {element.dispatchEvent(new Event('theGemHeading.prepareAnimation', {bubbles: true}));\/*element.isPreparedAnimation = true;*\/}}};window.theGemHeading = new TheGemHeading();document.addEventListener('DOMContentLoaded', function() {window.theGemHeading.initialize();});})();<\/script><div id=\"thegem-heading-69d6f89b629f9\" class=\"thegem-heading thegem-custom-heading-69d6f89b629f14188 title-h4 words-slide-right thegem-heading-animate\" style=\"text-align: left;\" ><span class=\"thegem-heading-word-wrap\"><span class=\"colored thegem-heading-word\" style=\"color: #ffffff; animation-delay: 40ms\">PRESTATIONS<\/span><\/span> <span class=\"thegem-heading-word-wrap\"><span class=\"colored thegem-heading-word\" style=\"color: #ffffff; animation-delay: 80ms\">DE<\/span><\/span> <span class=\"thegem-heading-word-wrap\"><span class=\"colored thegem-heading-word\" style=\"color: #ffffff; animation-delay: 120ms\">SERVICE<\/span><\/span><\/div><style type=\"text\/css\">#thegem-heading-69d6f89b629f9 {margin: 0;}#thegem-heading-69d6f89b629f9 a:hover, #thegem-heading-69d6f89b629f9 a:hover span.colored {color: var(--thegem-to-menu-level1-color-hover, #00BCD4) !important;}<\/style><\/div><style>@media screen and (max-width: 1023px) {.thegem-heading.thegem-custom-heading-69d6f89b629f14188{display: block!important;}}@media screen and (max-width: 767px) {.thegem-heading.thegem-custom-heading-69d6f89b629f14188{display: block!important;}}@media screen and (max-width: 1023px) {.thegem-heading.thegem-custom-heading-69d6f89b629f14188{position: relative !important;}}@media screen and (max-width: 767px) {.thegem-heading.thegem-custom-heading-69d6f89b629f14188{position: relative !important;}}<\/style>[\/vc_column_inner][vc_column_inner el_class=\u00a0\u00bbgem-custom-mobile-column-margin\u00a0\u00bb]<div class=\"thegem-te-heading thegem-custom-69d6f89b62cad1692\" ><h1 id=\"thegem-heading-69d6f89b62c8f\" class=\"thegem-heading thegem-custom-heading-69d6f89b62c8e5762 title-h1 words-slide-right thegem-heading-animate\" style=\"text-align: left;\" ><span class=\"thegem-heading-word-wrap\"><span class=\"colored thegem-heading-word\" style=\"color: #ffffff; animation-delay: 40ms\">Liens<\/span><\/span><\/h1><style type=\"text\/css\">#thegem-heading-69d6f89b62c8f {margin: 0;}#thegem-heading-69d6f89b62c8f a:hover, #thegem-heading-69d6f89b62c8f a:hover span.colored {color: var(--thegem-to-menu-level1-color-hover, #00BCD4) !important;}<\/style><\/div><style>@media screen and (max-width: 1023px) {.thegem-heading.thegem-custom-heading-69d6f89b62c8e5762{display: block!important;}}@media screen and (max-width: 767px) {.thegem-heading.thegem-custom-heading-69d6f89b62c8e5762{display: block!important;}}@media screen and (max-width: 1023px) {.thegem-heading.thegem-custom-heading-69d6f89b62c8e5762{position: relative !important;}}@media screen and (max-width: 767px) {.thegem-heading.thegem-custom-heading-69d6f89b62c8e5762{position: relative !important;}}<\/style>[\/vc_column_inner][vc_column_inner offset=\u00a0\u00bbvc_col-lg-12 vc_col-md-12 vc_hidden-md vc_hidden-sm vc_hidden-xs\u00a0\u00bb]<div class=\"clearboth\"><\/div><style>#thegem-divider-69d6f89b62cdb {margin-top: 100px !important;}<\/style><div id=\"thegem-divider-69d6f89b62cdb\" class=\"gem-divider  \" style=\"\" ><\/div>[\/vc_column_inner][vc_column_inner offset=\u00a0\u00bbvc_hidden-lg vc_col-md-12 vc_col-xs-12 vc_hidden-xs\u00a0\u00bb]<div class=\"clearboth\"><\/div><style>#thegem-divider-69d6f89b62cf9 {margin-top: 90px !important;}<\/style><div id=\"thegem-divider-69d6f89b62cf9\" class=\"gem-divider  \" style=\"\" ><\/div>[\/vc_column_inner][\/vc_row_inner][\/vc_column][vc_column offset=\u00a0\u00bbvc_col-lg-12&Prime;][vc_row_inner][vc_column_inner offset=\u00a0\u00bbvc_col-lg-12 vc_hidden-md vc_hidden-sm vc_hidden-xs\u00a0\u00bb]<div class=\"clearboth\"><\/div><style>#thegem-divider-69d6f89b62d10 {margin-top: 96px !important;}<\/style><div id=\"thegem-divider-69d6f89b62d10\" class=\"gem-divider  \" style=\"\" ><\/div>[\/vc_column_inner][\/vc_row_inner][\/vc_column][\/vc_row][vc_row full_width=\u00a0\u00bbstretch_row_content\u00a0\u00bb css=\u00a0\u00bb.vc_custom_1603047092148{margin-top: -150px !important;}\u00a0\u00bb el_class=\u00a0\u00bbgem-custom-responsive-margin-row\u00a0\u00bb][vc_column width=\u00a0\u00bb1\/2&Prime;][\/vc_column][vc_column width=\u00a0\u00bb1\/2&Prime; css=\u00a0\u00bb.vc_custom_1603048768990{padding-top: 0px !important;padding-left: 67px !important;}\u00a0\u00bb offset=\u00a0\u00bbvc_col-lg-6 vc_hidden-md vc_hidden-sm vc_hidden-xs\u00a0\u00bb][vc_row_inner css=\u00a0\u00bb.vc_custom_1601975776217{margin-bottom: 0px !important;}\u00a0\u00bb][vc_column_inner css=\u00a0\u00bb.vc_custom_1601975823162{padding-top: 0px !important;background-color: #ffffff !important;}\u00a0\u00bb]<div class=\"clearboth\"><\/div><style>#thegem-divider-69d6f89b62d25 {margin-top: 150px !important;}<\/style><div id=\"thegem-divider-69d6f89b62d25\" class=\"gem-divider  \" style=\"\" ><\/div>[\/vc_column_inner][\/vc_row_inner][\/vc_column][\/vc_row][vc_row gap=\u00a0\u00bb10&Prime; equal_height=\u00a0\u00bbyes\u00a0\u00bb el_id=\u00a0\u00bbliens\u00a0\u00bb][vc_column]<div class=\"clearboth\"><\/div><style>#thegem-divider-69d6f89b62d3b {margin-top: 50px !important;}<\/style><div id=\"thegem-divider-69d6f89b62d3b\" class=\"gem-divider  \" style=\"\" ><\/div><div class=\"thegem-te-heading thegem-custom-69d6f89b62dbe9191\" ><h2 id=\"thegem-heading-69d6f89b62dad\" class=\"thegem-heading thegem-custom-heading-69d6f89b62dac9550 title-h2\" style=\"text-align: center;\" ><span class=\"colored\" style=\"color: #bd102d;\">Liens.<\/span><\/h2><style type=\"text\/css\">#thegem-heading-69d6f89b62dad {margin: 0;}#thegem-heading-69d6f89b62dad {margin-left: auto; margin-right: auto;}#thegem-heading-69d6f89b62dad > * {justify-content: center;}#thegem-heading-69d6f89b62dad a:hover, #thegem-heading-69d6f89b62dad a:hover span.colored {color: var(--thegem-to-menu-level1-color-hover, #00BCD4) !important;}<\/style><\/div><style>@media screen and (max-width: 1023px) {.thegem-heading.thegem-custom-heading-69d6f89b62dac9550{display: block!important;}}@media screen and (max-width: 767px) {.thegem-heading.thegem-custom-heading-69d6f89b62dac9550{display: block!important;}}@media screen and (max-width: 1023px) {.thegem-heading.thegem-custom-heading-69d6f89b62dac9550{position: relative !important;}}@media screen and (max-width: 767px) {.thegem-heading.thegem-custom-heading-69d6f89b62dac9550{position: relative !important;}}<\/style><div class=\"clearboth\"><\/div><style>#thegem-divider-69d6f89b62de1 {margin-top: 50px !important;}<\/style><div id=\"thegem-divider-69d6f89b62de1\" class=\"gem-divider  \" style=\"\" ><\/div>[\/vc_column][vc_column width=\u00a0\u00bb1\/3&Prime; offset=\u00a0\u00bbvc_col-lg-3 vc_col-md-3&Prime;]<div class=\"gem-image gem-wrapbox gem-wrapbox-style-default gem-wrapbox-position-below  thegem-custom-69d6f89b62dfc3608\"  style=\"\" ><div class=\"gem-wrapbox-inner \" ><img class=\"gem-wrapbox-element img-responsive\" src=\"https:\/\/www.apialicante.com\/wp-content\/uploads\/2024\/04\/logo_cogiti.jpg\" alt=\"\"\/><\/div><\/div>[vc_column_text]<\/p>\n<p class=\"title-h4\" style=\"text-align: center; color: #141f65;\">Conseil G\u00e9n\u00e9ral des Ing\u00e9nieurs Techniques Industriels<\/p>\n<p>[\/vc_column_text][vc_column_text]<\/p>\n<p style=\"text-align: center;\"><a title=\"Conseil G\u00e9n\u00e9ral des Ing\u00e9nieurs Techniques Industriels\" href=\"https:\/\/www.cogiti.es\/\" target=\"_blank\" rel=\"noopener\">www.cogiti.es<\/a><\/p>\n<p>[\/vc_column_text][\/vc_column][vc_column width=\u00a0\u00bb1\/3&Prime; offset=\u00a0\u00bbvc_col-lg-3 vc_col-md-3&Prime;]<div class=\"gem-image gem-wrapbox gem-wrapbox-style-default gem-wrapbox-position-below  thegem-custom-69d6f89b631e94856\"  style=\"\" ><div class=\"gem-wrapbox-inner \" ><img class=\"gem-wrapbox-element img-responsive\" src=\"https:\/\/www.apialicante.com\/wp-content\/uploads\/2024\/04\/logo_generalitat_valenciana.png\" alt=\"\"\/><\/div><\/div>[vc_column_text]<\/p>\n<p class=\"title-h4\" style=\"text-align: center; color: #141f65;\">G\u00e9n\u00e9ralit\u00e9 valencienne<\/p>\n<p>[\/vc_column_text][vc_column_text]<\/p>\n<p style=\"text-align: center;\"><a title=\"G\u00e9n\u00e9ralit\u00e9 valencienne\" href=\"https:\/\/www.gva.es\/\" target=\"_blank\" rel=\"noopener\">www.gva.es<\/a><\/p>\n<p>[\/vc_column_text][\/vc_column][vc_column width=\u00a0\u00bb1\/3&Prime; offset=\u00a0\u00bbvc_col-lg-3 vc_col-md-3&Prime;]<div class=\"gem-image gem-wrapbox gem-wrapbox-style-default gem-wrapbox-position-below  thegem-custom-69d6f89b635752015\"  style=\"\" ><div class=\"gem-wrapbox-inner \" ><img class=\"gem-wrapbox-element img-responsive\" src=\"https:\/\/www.apialicante.com\/wp-content\/uploads\/2024\/04\/logo_ayt_alicante.jpg\" alt=\"\"\/><\/div><\/div>[vc_column_text]<\/p>\n<p class=\"title-h4\" style=\"text-align: center; color: #141f65;\">Mairie d&rsquo;Alicante<\/p>\n<p>[\/vc_column_text][vc_column_text]<\/p>\n<p style=\"text-align: center;\"><a title=\"Mairie d'Alicante\" href=\"https:\/\/www.alicante-ayto.es\/\" target=\"_blank\" rel=\"noopener\">www.alicante-ayto.es<\/a><\/p>\n<p>[\/vc_column_text][\/vc_column][vc_column width=\u00a0\u00bb1\/3&Prime; offset=\u00a0\u00bbvc_col-lg-3 vc_col-md-3&Prime;]<div class=\"gem-image gem-wrapbox gem-wrapbox-style-default gem-wrapbox-position-below  thegem-custom-69d6f89b63871665\"  style=\"\" ><div class=\"gem-wrapbox-inner \" ><img class=\"gem-wrapbox-element img-responsive\" src=\"https:\/\/www.apialicante.com\/wp-content\/uploads\/2024\/04\/logo_ministerio_economia_hacienda.jpg\" alt=\"\"\/><\/div><\/div>[vc_column_text]<\/p>\n<p class=\"title-h4\" style=\"text-align: center; color: #141f65;\">Bureau du Cadastre Virtuel<\/p>\n<p>[\/vc_column_text][vc_column_text]<\/p>\n<p style=\"text-align: center;\"><a title=\"Bureau du Cadastre Virtuel\" href=\"https:\/\/www.sedecatastro.gob.es\/\" target=\"_blank\" rel=\"noopener\">www.sedecatastro.gob.es<\/a><\/p>\n<p>[\/vc_column_text][\/vc_column][vc_column width=\u00a0\u00bb1\/3&Prime; offset=\u00a0\u00bbvc_col-lg-3 vc_col-md-3&Prime;]<div class=\"gem-image gem-wrapbox gem-wrapbox-style-default gem-wrapbox-position-below  thegem-custom-69d6f89b63bf21727\"  style=\"\" ><div class=\"gem-wrapbox-inner \" ><img class=\"gem-wrapbox-element img-responsive\" src=\"https:\/\/www.apialicante.com\/wp-content\/uploads\/2024\/04\/logo_boe.png\" alt=\"\"\/><\/div><\/div>[vc_column_text]<\/p>\n<p class=\"title-h4\" style=\"text-align: center; color: #141f65;\">B.O.E.<\/p>\n<p>[\/vc_column_text][vc_column_text]<\/p>\n<p style=\"text-align: center;\"><a title=\"B.O.E.\" href=\"https:\/\/www.boe.es\/\" target=\"_blank\" rel=\"noopener\">www.boe.es<\/a><\/p>\n<p>[\/vc_column_text][\/vc_column][vc_column width=\u00a0\u00bb1\/3&Prime; offset=\u00a0\u00bbvc_col-lg-3 vc_col-md-3&Prime;]<div class=\"gem-image gem-wrapbox gem-wrapbox-style-default gem-wrapbox-position-below  thegem-custom-69d6f89b63fe18466\"  style=\"\" ><div class=\"gem-wrapbox-inner \" ><img class=\"gem-wrapbox-element img-responsive\" src=\"https:\/\/www.apialicante.com\/wp-content\/uploads\/2024\/04\/logo_registro_mercantil.png\" alt=\"\"\/><\/div><\/div>[vc_column_text]<\/p>\n<p class=\"title-h4\" style=\"text-align: center; color: #141f65;\">Registre du Commerce<\/p>\n<p>[\/vc_column_text][vc_column_text]<\/p>\n<p style=\"text-align: center;\"><a title=\"Registre du Commerce\" href=\"https:\/\/www.rmalicante.com\/\" target=\"_blank\" rel=\"noopener\">www.rmalicante.com<\/a><\/p>\n<p>[\/vc_column_text][\/vc_column][vc_column width=\u00a0\u00bb1\/3&Prime; offset=\u00a0\u00bbvc_col-lg-3 vc_col-md-3&Prime;]<div class=\"gem-image gem-wrapbox gem-wrapbox-style-default gem-wrapbox-position-below  thegem-custom-69d6f89b643b42115\"  style=\"\" ><div class=\"gem-wrapbox-inner \" ><img class=\"gem-wrapbox-element img-responsive\" src=\"https:\/\/www.apialicante.com\/wp-content\/uploads\/2024\/04\/logo_bop.jpg\" alt=\"\"\/><\/div><\/div>[vc_column_text]<\/p>\n<p class=\"title-h4\" style=\"text-align: center; color: #141f65;\">B.O.P.<\/p>\n<p>[\/vc_column_text][vc_column_text]<\/p>\n<p style=\"text-align: center;\"><a title=\"B.O.P.\" href=\"https:\/\/www.dip-alicante.es\/bop\/\" target=\"_blank\" rel=\"noopener\">www.dip-alicante.es\/bop\/<\/a><\/p>\n<p>[\/vc_column_text][\/vc_column][vc_column width=\u00a0\u00bb1\/3&Prime; offset=\u00a0\u00bbvc_col-lg-3 vc_col-md-3&Prime;]<div class=\"gem-image gem-wrapbox gem-wrapbox-style-default gem-wrapbox-position-below  thegem-custom-69d6f89b646b25919\"  style=\"\" ><div class=\"gem-wrapbox-inner \" ><img class=\"gem-wrapbox-element img-responsive\" src=\"https:\/\/www.apialicante.com\/wp-content\/uploads\/2024\/04\/logo-porticolegal.svg\" alt=\"\"\/><\/div><\/div>[vc_column_text]<\/p>\n<p class=\"title-h4\" style=\"text-align: center; color: #141f65;\">Droite<\/p>\n<p>[\/vc_column_text][vc_column_text]<\/p>\n<p style=\"text-align: center;\"><a title=\"Droite\" href=\"https:\/\/www.porticolegal.com\/\" target=\"_blank\" rel=\"noopener\">www.porticolegal.com<\/a><\/p>\n<p>[\/vc_column_text][\/vc_column][vc_column width=\u00a0\u00bb1\/3&Prime; offset=\u00a0\u00bbvc_col-lg-3 vc_col-md-3&Prime;]<div class=\"gem-image gem-wrapbox gem-wrapbox-style-default gem-wrapbox-position-below  thegem-custom-69d6f89b649de1585\"  style=\"\" ><div class=\"gem-wrapbox-inner \" ><img class=\"gem-wrapbox-element img-responsive\" src=\"https:\/\/www.apialicante.com\/wp-content\/uploads\/2024\/04\/logo_docv.jpg\" alt=\"\"\/><\/div><\/div>[vc_column_text]<\/p>\n<p class=\"title-h4\" style=\"text-align: center; color: #141f65;\">D.O.C.V.<\/p>\n<p>[\/vc_column_text][vc_column_text]<\/p>\n<p style=\"text-align: center;\"><a title=\"D.O.C.V.\" href=\"https:\/\/www.docv.gva.es\/portal\/\" target=\"_blank\" rel=\"noopener\">www.docv.gva.es\/portal\/<\/a><\/p>\n<p>[\/vc_column_text][\/vc_column][vc_column width=\u00a0\u00bb1\/3&Prime; offset=\u00a0\u00bbvc_col-lg-3 vc_col-md-3&Prime;]<div class=\"gem-image gem-wrapbox gem-wrapbox-style-default gem-wrapbox-position-below  thegem-custom-69d6f89b64ce38324\"  style=\"\" ><div class=\"gem-wrapbox-inner \" ><img class=\"gem-wrapbox-element img-responsive\" src=\"https:\/\/www.apialicante.com\/wp-content\/uploads\/2024\/04\/logo_canales_profesionales.jpg\" alt=\"\"\/><\/div><\/div>[vc_column_text]<\/p>\n<p class=\"title-h4\" style=\"text-align: center; color: #141f65;\">Cha\u00eene des m\u00e9tiers<\/p>\n<p>[\/vc_column_text][vc_column_text]<\/p>\n<p style=\"text-align: center;\"><a title=\"Cha\u00eene des m\u00e9tiers\" href=\"https:\/\/www.canalprofesiones.es\/\" target=\"_blank\" rel=\"noopener\">www.canalprofesiones.es<\/a><\/p>\n<p>[\/vc_column_text][\/vc_column][vc_column width=\u00a0\u00bb1\/3&Prime; offset=\u00a0\u00bbvc_col-lg-3 vc_col-md-3&Prime;]<div class=\"gem-image gem-wrapbox gem-wrapbox-style-default gem-wrapbox-position-below  thegem-custom-69d6f89b64fd5185\"  style=\"\" ><div class=\"gem-wrapbox-inner \" ><img class=\"gem-wrapbox-element img-responsive\" src=\"https:\/\/www.apialicante.com\/wp-content\/uploads\/2024\/04\/logo_propiedad_inmobiliaria.jpg\" alt=\"\"\/><\/div><\/div>[vc_column_text]<\/p>\n<p class=\"title-h4\" style=\"text-align: center; color: #141f65;\">Conseil G\u00e9n\u00e9ral des Associations Officielles des Agents Immobiliers<\/p>\n<p>[\/vc_column_text][vc_column_text]<\/p>\n<p style=\"text-align: center;\"><a title=\"Conseil G\u00e9n\u00e9ral des Associations Officielles des Agents Immobiliers\" href=\"https:\/\/www.consejocoapis.org\/\" target=\"_blank\" rel=\"noopener\">www.consejocoapis.org<\/a><\/p>\n<p>[\/vc_column_text][\/vc_column][vc_column width=\u00a0\u00bb1\/3&Prime; offset=\u00a0\u00bbvc_col-lg-3 vc_col-md-3&Prime;]<div class=\"gem-image gem-wrapbox gem-wrapbox-style-default gem-wrapbox-position-below  thegem-custom-69d6f89b652a1312\"  style=\"\" ><div class=\"gem-wrapbox-inner \" ><img class=\"gem-wrapbox-element img-responsive\" src=\"https:\/\/www.apialicante.com\/wp-content\/uploads\/2024\/04\/logo_moneda_timbre.png\" alt=\"\"\/><\/div><\/div>[vc_column_text]<\/p>\n<p class=\"title-h4\" style=\"text-align: center; color: #141f65;\">Usine nationale de monnaie et de timbres<\/p>\n<p>[\/vc_column_text][vc_column_text]<\/p>\n<p style=\"text-align: center;\"><a title=\"Usine nationale de monnaie et de timbres\" href=\"https:\/\/www.fnmt.es\/\" target=\"_blank\" rel=\"noopener\">www.fnmt.es<\/a><\/p>\n<p>[\/vc_column_text][\/vc_column][vc_column width=\u00a0\u00bb1\/3&Prime; offset=\u00a0\u00bbvc_col-lg-3 vc_col-md-3&Prime;]<div class=\"gem-image gem-wrapbox gem-wrapbox-style-default gem-wrapbox-position-below  thegem-custom-69d6f89b6558e8765\"  style=\"\" ><div class=\"gem-wrapbox-inner \" ><img class=\"gem-wrapbox-element img-responsive\" src=\"https:\/\/www.apialicante.com\/wp-content\/uploads\/2024\/04\/logo_procuradores_tribunales_alicante.png\" alt=\"\"\/><\/div><\/div>[vc_column_text]<\/p>\n<p class=\"title-h4\" style=\"text-align: center; color: #141f65;\">Illustre Coll\u00e8ge provincial des avocats des tribunaux d&rsquo;Alicante<\/p>\n<p>[\/vc_column_text][vc_column_text]<\/p>\n<p style=\"text-align: center;\"><a title=\"Illustre Coll\u00e8ge provincial des avocats des tribunaux d'Alicante\" href=\"https:\/\/www.icopal.org\/\" target=\"_blank\" rel=\"noopener\">www.icopal.org<\/a><\/p>\n<p>[\/vc_column_text][\/vc_column][vc_column width=\u00a0\u00bb1\/3&Prime; offset=\u00a0\u00bbvc_col-lg-3 vc_col-md-3&Prime;]<div class=\"gem-image gem-wrapbox gem-wrapbox-style-default gem-wrapbox-position-below  thegem-custom-69d6f89b658455161\"  style=\"\" ><div class=\"gem-wrapbox-inner \" ><img class=\"gem-wrapbox-element img-responsive\" src=\"https:\/\/www.apialicante.com\/wp-content\/uploads\/2024\/04\/logo_ive.png\" alt=\"\"\/><\/div><\/div>[vc_column_text]<\/p>\n<p class=\"title-h4\" style=\"text-align: center; color: #141f65;\">Institut valencien du b\u00e2timent<\/p>\n<p>[\/vc_column_text][vc_column_text]<\/p>\n<p style=\"text-align: center;\"><a title=\"Institut valencien du b\u00e2timent\" href=\"https:\/\/www.five.es\/calidadentuvivienda\/\" target=\"_blank\" rel=\"noopener\">www.five.es\/calidadentuvivienda\/<\/a><\/p>\n<p>[\/vc_column_text][\/vc_column][\/vc_row]<\/p>\n<\/div>","protected":false},"excerpt":{"rendered":"<p>[vc_row full_width=\u00a0\u00bbstretch_row\u00a0\u00bb css=\u00a0\u00bb.vc_custom_1712655138766{margin-bottom: 0px !important;background-image: url(http:\/\/www.apialicante.com\/wp-content\/uploads\/2024\/04\/img_banner_todos_apartados_recuadro.jpg?id=1870) !important;background-position: center !important;background-repeat: no-repeat !important;background-size: cover !important;}\u00a0\u00bb custom_css_code=\u00a0\u00bbJTQwbWVkaWElMjAlMjhtYXgtd2lkdGglM0ElMjAxMTk5cHglMjklN0IlMEElMjAlMjAlMjAlMjAlNDBpZC53cGJfcm93JTIwJTdCJTBBJTIwJTIwJTIwJTIwJTIwJTIwJTIwJTIwbWFyZ2luLXRvcCUzQSUyMDAlM0IlMEElMjAlMjAlMjAlMjAlN0QlMEElN0Q=\u00a0\u00bb el_class=\u00a0\u00bbhas-margin\u00a0\u00bb][vc_column offset=\u00a0\u00bbvc_col-lg-12 vc_col-md-12 vc_col-xs-12&Prime;][\/vc_column][vc_column disable_custom_paddings_mobile=\u00a0\u00bbtrue\u00a0\u00bb css=\u00a0\u00bb.vc_custom_1712742719460{margin-left:&#8230;<\/p>\n","protected":false},"author":1,"featured_media":0,"parent":13779,"menu_order":0,"comment_status":"closed","ping_status":"closed","template":"","meta":{"_acf_changed":false,"footnotes":""},"class_list":["post-13687","page","type-page","status-publish"],"acf":[],"_links":{"self":[{"href":"https:\/\/www.apialicante.com\/fr\/wp-json\/wp\/v2\/pages\/13687","targetHints":{"allow":["GET"]}}],"collection":[{"href":"https:\/\/www.apialicante.com\/fr\/wp-json\/wp\/v2\/pages"}],"about":[{"href":"https:\/\/www.apialicante.com\/fr\/wp-json\/wp\/v2\/types\/page"}],"author":[{"embeddable":true,"href":"https:\/\/www.apialicante.com\/fr\/wp-json\/wp\/v2\/users\/1"}],"replies":[{"embeddable":true,"href":"https:\/\/www.apialicante.com\/fr\/wp-json\/wp\/v2\/comments?post=13687"}],"version-history":[{"count":2,"href":"https:\/\/www.apialicante.com\/fr\/wp-json\/wp\/v2\/pages\/13687\/revisions"}],"predecessor-version":[{"id":13689,"href":"https:\/\/www.apialicante.com\/fr\/wp-json\/wp\/v2\/pages\/13687\/revisions\/13689"}],"up":[{"embeddable":true,"href":"https:\/\/www.apialicante.com\/fr\/wp-json\/wp\/v2\/pages\/13779"}],"wp:attachment":[{"href":"https:\/\/www.apialicante.com\/fr\/wp-json\/wp\/v2\/media?parent=13687"}],"curies":[{"name":"wp","href":"https:\/\/api.w.org\/{rel}","templated":true}]}}