{"id":13755,"date":"2024-04-10T10:55:24","date_gmt":"2024-04-10T08:55:24","guid":{"rendered":"http:\/\/www.apialicante.com\/point-dinformation-cadastrale\/"},"modified":"2024-05-03T09:55:19","modified_gmt":"2024-05-03T07:55:19","slug":"point-dinformation-cadastrale","status":"publish","type":"page","link":"https:\/\/www.apialicante.com\/fr\/services\/point-dinformation-cadastrale\/","title":{"rendered":"Point d&rsquo;information cadastrale"},"content":{"rendered":"<div class=\"wpb-content-wrapper\"><p>[vc_row full_width=\u00a0\u00bbstretch_row\u00a0\u00bb css=\u00a0\u00bb.vc_custom_1712646890303{margin-bottom: 0px !important;background-image: url(http:\/\/www.apialicante.com\/wp-content\/uploads\/2024\/04\/img_banner_todos_apartados_recuadro.jpg?id=1870) !important;background-position: center !important;background-repeat: no-repeat !important;background-size: cover !important;}\u00a0\u00bb custom_css_code=\u00a0\u00bbJTQwbWVkaWElMjAlMjhtYXgtd2lkdGglM0ElMjAxMTk5cHglMjklN0IlMEElMjAlMjAlMjAlMjAlNDBpZC53cGJfcm93JTIwJTdCJTBBJTIwJTIwJTIwJTIwJTIwJTIwJTIwJTIwbWFyZ2luLXRvcCUzQSUyMDAlM0IlMEElMjAlMjAlMjAlMjAlN0QlMEElN0Q=\u00a0\u00bb el_class=\u00a0\u00bbhas-margin\u00a0\u00bb][vc_column offset=\u00a0\u00bbvc_col-lg-12 vc_col-md-12 vc_col-xs-12&Prime;][vc_row_inner][vc_column_inner el_class=\u00a0\u00bbresponsive\u00a0\u00bb offset=\u00a0\u00bbvc_col-lg-12 vc_hidden-md vc_hidden-sm vc_hidden-xs\u00a0\u00bb]<div class=\"clearboth\"><\/div><style>#thegem-divider-69d9f979457d5 {margin-top: 5px !important;}<\/style><div id=\"thegem-divider-69d9f979457d5\" class=\"gem-divider  \" style=\"\" ><\/div>[\/vc_column_inner][vc_column_inner offset=\u00a0\u00bbvc_hidden-lg vc_col-md-12 vc_col-xs-12&Prime;]<div class=\"clearboth\"><\/div><style>#thegem-divider-69d9f97945906 {margin-top: 20px !important;}<\/style><div id=\"thegem-divider-69d9f97945906\" class=\"gem-divider  \" style=\"\" ><\/div>[\/vc_column_inner][\/vc_row_inner][\/vc_column][vc_column disable_custom_paddings_mobile=\u00a0\u00bbtrue\u00a0\u00bb css=\u00a0\u00bb.vc_custom_1712742437826{margin-left: -40px !important;padding-left: 65px !important;background-position: 0 0 !important;background-repeat: no-repeat !important;}\u00a0\u00bb el_class=\u00a0\u00bbgem-custom-column-margin-none\u00a0\u00bb][vc_row_inner][vc_column_inner offset=\u00a0\u00bbvc_col-lg-12 vc_col-md-12 vc_hidden-md vc_hidden-sm vc_col-xs-12 vc_hidden-xs\u00a0\u00bb]<div class=\"clearboth\"><\/div><style>#thegem-divider-69d9f9794592a {margin-top: 72px !important;}<\/style><div id=\"thegem-divider-69d9f9794592a\" class=\"gem-divider  \" style=\"\" ><\/div>[\/vc_column_inner][vc_column_inner offset=\u00a0\u00bbvc_hidden-lg vc_col-md-12 vc_col-xs-12&Prime;]<div class=\"clearboth\"><\/div><div id=\"thegem-divider-69d9f97945943\" class=\"gem-divider  \" style=\"\" ><\/div>[\/vc_column_inner][vc_column_inner]<div class=\"thegem-te-heading thegem-custom-69d9f97945a776275\" ><script type=\"text\/javascript\">(function() {function TheGemHeading() {this.animateClass = 'thegem-heading-animate';this.animatedClass = 'thegem-heading-animated';}TheGemHeading.prototype = {initialize: function () {let items =document.querySelectorAll('.'+this.animateClass);items.forEach((item)=>{if (this.isElementVisible(item)) {this.prepareAnimation(item);this.startAnimation(item);}});if ('ResizeObserver' in window) {const resizeObserver = new ResizeObserver((entries) => {entries.forEach((entry) => {this.prepareAnimation(entry.target);});});items.forEach((item) => {resizeObserver.observe(item);});}if ('IntersectionObserver' in window) {let intersectionObserver = new IntersectionObserver((entries)=>{entries.forEach((entry)=> {if (entry.isIntersecting) {this.startAnimation(entry.target);intersectionObserver.unobserve(entry.target);}});});items.forEach((item)=>{intersectionObserver.observe(item);this.prepareAnimation(item);});} else {items.forEach((item)=>{this.prepareAnimation(item);this.startAnimation(item);});}},isElementVisible: function (element) {let rect= element.getBoundingClientRect(),width= window.innerWidth || document.documentElement.clientWidth,height = window.innerHeight || document.documentElement.clientHeight,efp= (x, y) => document.elementFromPoint(x, y);if (rect.right < 0 || rect.bottom < 0 || rect.left > width || rect.top > height) return false;return (element.contains(efp(rect.left,rect.top)) ||element.contains(efp(rect.right, rect.top)) ||element.contains(efp(rect.right, rect.bottom)) ||element.contains(efp(rect.left,rect.bottom)));},startAnimation: function (element) {if (element && !element.classList.contains(this.animatedClass)) {element.classList.add(this.animatedClass);element.classList.remove(this.animateClass);element.dispatchEvent(new Event('theGemHeading.startAnimation', {bubbles: true}));}},prepareAnimation: function (element) {if (element\/* && !element.isPreparedAnimation*\/) {element.dispatchEvent(new Event('theGemHeading.prepareAnimation', {bubbles: true}));\/*element.isPreparedAnimation = true;*\/}}};window.theGemHeading = new TheGemHeading();document.addEventListener('DOMContentLoaded', function() {window.theGemHeading.initialize();});})();<\/script><div id=\"thegem-heading-69d9f979459ed\" class=\"thegem-heading thegem-custom-heading-69d9f979459e98666 title-h4 letters-scale-out thegem-heading-animate\" style=\"text-align: left;\" ><span class=\"colored thegem-heading-word\" style=\"color: #ffffff;\"><span class=\"thegem-heading-letter\" style=\"animation-delay: 430ms\">P<\/span><span class=\"thegem-heading-letter\" style=\"animation-delay: 460ms\">R<\/span><span class=\"thegem-heading-letter\" style=\"animation-delay: 490ms\">E<\/span><span class=\"thegem-heading-letter\" style=\"animation-delay: 520ms\">S<\/span><span class=\"thegem-heading-letter\" style=\"animation-delay: 550ms\">T<\/span><span class=\"thegem-heading-letter\" style=\"animation-delay: 580ms\">A<\/span><span class=\"thegem-heading-letter\" style=\"animation-delay: 610ms\">T<\/span><span class=\"thegem-heading-letter\" style=\"animation-delay: 640ms\">I<\/span><span class=\"thegem-heading-letter\" style=\"animation-delay: 670ms\">O<\/span><span class=\"thegem-heading-letter\" style=\"animation-delay: 700ms\">N<\/span><span class=\"thegem-heading-letter\" style=\"animation-delay: 730ms\">S<\/span><\/span> <span class=\"colored thegem-heading-word\" style=\"color: #ffffff;\"><span class=\"thegem-heading-letter\" style=\"animation-delay: 760ms\">D<\/span><span class=\"thegem-heading-letter\" style=\"animation-delay: 790ms\">E<\/span><\/span> <span class=\"colored thegem-heading-word\" style=\"color: #ffffff;\"><span class=\"thegem-heading-letter\" style=\"animation-delay: 820ms\">S<\/span><span class=\"thegem-heading-letter\" style=\"animation-delay: 850ms\">E<\/span><span class=\"thegem-heading-letter\" style=\"animation-delay: 880ms\">R<\/span><span class=\"thegem-heading-letter\" style=\"animation-delay: 910ms\">V<\/span><span class=\"thegem-heading-letter\" style=\"animation-delay: 940ms\">I<\/span><span class=\"thegem-heading-letter\" style=\"animation-delay: 970ms\">C<\/span><span class=\"thegem-heading-letter\" style=\"animation-delay: 1000ms\">E<\/span><\/span><\/div><style type=\"text\/css\">#thegem-heading-69d9f979459ed {margin: 0;}#thegem-heading-69d9f979459ed {letter-spacing: 3px;}#thegem-heading-69d9f979459ed, #thegem-heading-69d9f979459ed .light {text-transform: uppercase;}#thegem-heading-69d9f979459ed a:hover, #thegem-heading-69d9f979459ed a:hover span.colored {color: var(--thegem-to-menu-level1-color-hover, #00BCD4) !important;}<\/style><\/div><style>@media screen and (max-width: 1023px) {.thegem-heading.thegem-custom-heading-69d9f979459e98666{display: block!important;}}@media screen and (max-width: 767px) {.thegem-heading.thegem-custom-heading-69d9f979459e98666{display: block!important;}}@media screen and (max-width: 1023px) {.thegem-heading.thegem-custom-heading-69d9f979459e98666{position: relative !important;}}@media screen and (max-width: 767px) {.thegem-heading.thegem-custom-heading-69d9f979459e98666{position: relative !important;}}<\/style>[\/vc_column_inner][vc_column_inner el_class=\u00a0\u00bbgem-custom-mobile-column-margin\u00a0\u00bb tablet_margin_top=\u00a0\u00bb10&Prime; mobile_margin_top=\u00a0\u00bb10&Prime; offset=\u00a0\u00bbvc_col-xs-12&Prime;]<div class=\"thegem-te-heading thegem-custom-69d9f97945b343128\" ><h1 id=\"thegem-heading-69d9f97945b15\" class=\"thegem-heading thegem-custom-heading-69d9f97945b148289 title-h1 words-slide-right thegem-heading-animate\" style=\"text-align: left;\" ><span class=\"thegem-heading-word-wrap\"><span class=\"colored thegem-heading-word\" style=\"color: #ffffff; animation-delay: 40ms\">Point<\/span><\/span> <span class=\"thegem-heading-word-wrap\"><span class=\"colored thegem-heading-word\" style=\"color: #ffffff; animation-delay: 80ms\">d'information<\/span><\/span> <span class=\"thegem-heading-word-wrap\"><span class=\"colored thegem-heading-word\" style=\"color: #ffffff; animation-delay: 120ms\">cadastrale<\/span><\/span><\/h1><style type=\"text\/css\">#thegem-heading-69d9f97945b15 {margin: 0;}#thegem-heading-69d9f97945b15, #thegem-heading-69d9f97945b15 .light {text-transform: none;}#thegem-heading-69d9f97945b15 a:hover, #thegem-heading-69d9f97945b15 a:hover span.colored {color: var(--thegem-to-menu-level1-color-hover, #00BCD4) !important;}<\/style><\/div><style>@media screen and (max-width: 1023px) {.thegem-heading.thegem-custom-heading-69d9f97945b148289{display: block!important;}}@media screen and (max-width: 767px) {.thegem-heading.thegem-custom-heading-69d9f97945b148289{display: block!important;}}@media screen and (max-width: 1023px) {.thegem-heading.thegem-custom-heading-69d9f97945b148289{position: relative !important;}}@media screen and (max-width: 767px) {.thegem-heading.thegem-custom-heading-69d9f97945b148289{position: relative !important;}}<\/style>[\/vc_column_inner][vc_column_inner offset=\u00a0\u00bbvc_col-lg-12 vc_col-md-12 vc_hidden-md vc_hidden-sm vc_hidden-xs\u00a0\u00bb]<div class=\"clearboth\"><\/div><style>#thegem-divider-69d9f97945b5d {margin-top: 100px !important;}<\/style><div id=\"thegem-divider-69d9f97945b5d\" class=\"gem-divider  \" style=\"\" ><\/div>[\/vc_column_inner][vc_column_inner offset=\u00a0\u00bbvc_hidden-lg vc_col-md-12 vc_col-xs-12 vc_hidden-xs\u00a0\u00bb]<div class=\"clearboth\"><\/div><style>#thegem-divider-69d9f97945b77 {margin-top: 90px !important;}<\/style><div id=\"thegem-divider-69d9f97945b77\" class=\"gem-divider  \" style=\"\" ><\/div>[\/vc_column_inner][\/vc_row_inner][\/vc_column][vc_column offset=\u00a0\u00bbvc_col-lg-12&Prime;][vc_row_inner][vc_column_inner offset=\u00a0\u00bbvc_col-lg-12 vc_hidden-md vc_hidden-sm vc_hidden-xs\u00a0\u00bb]<div class=\"clearboth\"><\/div><style>#thegem-divider-69d9f97945b8f {margin-top: 96px !important;}<\/style><div id=\"thegem-divider-69d9f97945b8f\" class=\"gem-divider  \" style=\"\" ><\/div>[\/vc_column_inner][\/vc_row_inner][\/vc_column][\/vc_row][vc_row full_width=\u00a0\u00bbstretch_row_content\u00a0\u00bb css=\u00a0\u00bb.vc_custom_1603047092148{margin-top: -150px !important;}\u00a0\u00bb el_class=\u00a0\u00bbgem-custom-responsive-margin-row\u00a0\u00bb][vc_column width=\u00a0\u00bb1\/2&Prime;][\/vc_column][vc_column width=\u00a0\u00bb1\/2&Prime; css=\u00a0\u00bb.vc_custom_1603048768990{padding-top: 0px !important;padding-left: 67px !important;}\u00a0\u00bb offset=\u00a0\u00bbvc_col-lg-6 vc_hidden-md vc_hidden-sm vc_hidden-xs\u00a0\u00bb][vc_row_inner css=\u00a0\u00bb.vc_custom_1601975776217{margin-bottom: 0px !important;}\u00a0\u00bb][vc_column_inner css=\u00a0\u00bb.vc_custom_1601975823162{padding-top: 0px !important;background-color: #ffffff !important;}\u00a0\u00bb]<div class=\"clearboth\"><\/div><style>#thegem-divider-69d9f97945ba3 {margin-top: 150px !important;}<\/style><div id=\"thegem-divider-69d9f97945ba3\" class=\"gem-divider  \" style=\"\" ><\/div>[\/vc_column_inner][\/vc_row_inner][\/vc_column][\/vc_row][vc_row][vc_column offset=\u00a0\u00bbvc_col-lg-12 vc_hidden-md vc_hidden-sm\u00a0\u00bb]<div class=\"clearboth\"><\/div><style>#thegem-divider-69d9f97945bba {margin-top: 70px !important;}@media screen and (max-width: 767px) {#thegem-divider-69d9f97945bba {display: none;}}<\/style><div id=\"thegem-divider-69d9f97945bba\" class=\"gem-divider  \" style=\"\" ><\/div>[\/vc_column][vc_column offset=\u00a0\u00bbvc_hidden-lg vc_col-md-12 vc_col-xs-12&Prime;]<div class=\"clearboth\"><\/div><style>#thegem-divider-69d9f97945bd0 {margin-top: 30px !important;}@media screen and (max-width: 767px) {#thegem-divider-69d9f97945bd0 {display: none;}}<\/style><div id=\"thegem-divider-69d9f97945bd0\" class=\"gem-divider  \" style=\"\" ><\/div>[\/vc_column][vc_column width=\u00a0\u00bb5\/6&Prime; offset=\u00a0\u00bbvc_col-lg-offset-0 vc_col-lg-6 vc_col-md-offset-0 vc_col-md-6 vc_col-sm-offset-2 vc_col-xs-12&Prime;][vc_row_inner][vc_column_inner el_id=\u00a0\u00bbcatastro\u00a0\u00bb][vc_column_text css_animation=\u00a0\u00bbbottom-to-top\u00a0\u00bb css=\u00a0\u00bb.vc_custom_1712739953522{margin-bottom: -2px !important;}\u00a0\u00bb]<\/p>\n<div class=\"title-h2\" style=\"color: #141f65;\">Point<br \/>\nd&rsquo;information<br \/>\nCadastrale.<\/div>\n<p>[\/vc_column_text][\/vc_column_inner][\/vc_row_inner][vc_row_inner][vc_column_inner width=\u00a0\u00bb1\/6&Prime; disable_custom_paddings_mobile=\u00a0\u00bbtrue\u00a0\u00bb css=\u00a0\u00bb.vc_custom_1603185862828{padding-right: 0px !important;}\u00a0\u00bb]<div class=\"clearboth\"><\/div><style>#thegem-divider-69d9f97945be4 {margin-top: 11px !important;}<\/style><div id=\"thegem-divider-69d9f97945be4\" class=\"gem-divider  \" style=\"\" ><\/div><div class=\"clearboth\"><\/div><div id=\"thegem-divider-69d9f97945bf9\" class=\"gem-divider   gem-divider-style-2\" style=\"border-color: #ff6c30;\" ><\/div>[\/vc_column_inner][vc_column_inner width=\u00a0\u00bb5\/6&Prime; disable_custom_paddings_tablet=\u00a0\u00bbtrue\u00a0\u00bb disable_custom_paddings_mobile=\u00a0\u00bbtrue\u00a0\u00bb css=\u00a0\u00bb.vc_custom_1603177981334{padding-right: 21% !important;padding-left: 20px !important;}\u00a0\u00bb][vc_column_text css_animation=\u00a0\u00bbbottom-to-top\u00a0\u00bb]<\/p>\n<p class=\"title-h4\" style=\"color: #141f65;\">C\/Arzobispo Loaces,5<br \/>\nAlicante<\/p>\n<p>[\/vc_column_text][vc_column_text css_animation=\u00a0\u00bbbottom-to-top\u00a0\u00bb]<span style=\"color: #141f65;\">Gr\u00e2ce \u00e0 cette initiative, les citoyens d&rsquo;Alicante pourront acc\u00e9der aux services suivants.<\/span>[\/vc_column_text][\/vc_column_inner][\/vc_row_inner][\/vc_column][vc_column offset=\u00a0\u00bbvc_col-lg-6 vc_col-md-6 vc_col-xs-12&Prime; css=\u00a0\u00bb.vc_custom_1712587576518{margin-top: 22px !important;}\u00a0\u00bb]<div class=\"gem-image gem-wrapbox gem-wrapbox-style-default gem-wrapbox-position-left lazy-loading  thegem-custom-69d9f97945c14364\"  style=\"\" ><div class=\"gem-wrapbox-inner  lazy-loading-item\"  data-ll-effect=\"move-up\"><img class=\"gem-wrapbox-element img-responsive\" src=\"https:\/\/www.apialicante.com\/wp-content\/uploads\/2024\/04\/img_punto_catastral.jpg\" alt=\"Tribunal\"\/><\/div><\/div>[\/vc_column][vc_column][vc_row_inner][vc_column_inner offset=\u00a0\u00bbvc_col-lg-6 vc_col-md-12 vc_col-xs-12&Prime;]<div class=\"clearboth\"><\/div><style>#thegem-divider-69d9f97945ecb {margin-top: 20px !important;}<\/style><div id=\"thegem-divider-69d9f97945ecb\" class=\"gem-divider  \" style=\"\" ><\/div>[vc_column_text]<\/p>\n<div class=\"title-h3\"><span style=\"color: #bd102d;\">Prestations de service<br \/>\ndisponible:<\/span><\/div>\n<p>[\/vc_column_text][\/vc_column_inner][vc_column_inner offset=\u00a0\u00bbvc_col-lg-6 vc_col-md-12 vc_col-xs-12&Prime;][\/vc_column_inner][\/vc_row_inner][\/vc_column][\/vc_row][vc_row][vc_column][vc_tta_tabs title_tag=\u00a0\u00bbh6&Prime; shape=\u00a0\u00bbsquare\u00a0\u00bb spacing=\u00a0\u00bb3&Prime; active_section=\u00a0\u00bb1&Prime; css=\u00a0\u00bb.vc_custom_1712661568282{background-color: #ffffff !important;}\u00a0\u00bb el_id=\u00a0\u00bbdocumentacion\u00a0\u00bb][vc_tta_section title=\u00a0\u00bbConsultation et certification\u00a0\u00bb tab_id=\u00a0\u00bb1712650870132-5e54833a-0de3&Prime;][vc_row_inner][vc_column_inner offset=\u00a0\u00bbvc_col-lg-6 vc_col-md-12 vc_col-xs-12&Prime;][vc_column_text css_animation=\u00a0\u00bbbottom-to-top\u00a0\u00bb]<span style=\"color: #141f65;\">Depuis le PIC, tous les citoyens pourront consulter les donn\u00e9es prot\u00e9g\u00e9es sur les biens immobiliers incorpor\u00e9es dans la base de donn\u00e9es nationale du cadastre et en demander la certification \u00e9lectronique.<\/span>[\/vc_column_text][\/vc_column_inner][vc_column_inner offset=\u00a0\u00bbvc_col-lg-6 vc_col-md-12 vc_col-xs-12&Prime;][\/vc_column_inner][\/vc_row_inner][vc_row_inner][vc_column_inner offset=\u00a0\u00bbvc_col-lg-6 vc_col-md-12 vc_col-xs-12&Prime;][vc_column_text css_animation=\u00a0\u00bbbottom-to-top\u00a0\u00bb]<strong><span style=\"color: #141f65;\">Vous pourrez acc\u00e9der \u00e0 ce service<\/span><\/strong><\/p>\n<ul style=\"list-style-type: disc;\">\n<li><span style=\"color: #141f65;\">Les propri\u00e9taires cadastraux des biens, qui apparaissent comme tels au Cadastre.<\/span><\/li>\n<li><span style=\"color: #141f65;\">Payer les frais administratifs de l&rsquo;adh\u00e9sion.<\/span><\/li>\n<li><span style=\"color: #141f65;\">Leurs repr\u00e9sentants l\u00e9gaux ou b\u00e9n\u00e9voles, qui devront justifier de leur repr\u00e9sentation.<\/span><\/li>\n<li><span style=\"color: #141f65;\">Les personnes autoris\u00e9es par les propri\u00e9taires cadastraux.<\/span><\/li>\n<\/ul>\n<p>[\/vc_column_text][\/vc_column_inner][vc_column_inner offset=\u00a0\u00bbvc_col-lg-6 vc_col-md-12 vc_col-xs-12&Prime;][vc_column_text css_animation=\u00a0\u00bbbottom-to-top\u00a0\u00bb]<strong><span style=\"color: #141f65;\">Les parties int\u00e9ress\u00e9es peuvent demander<\/span><\/strong><\/p>\n<ul style=\"list-style-type: disc;\">\n<li><span style=\"color: #141f65;\">Certifications litt\u00e9rales.<\/span><\/li>\n<li><span style=\"color: #141f65;\">Certifications descriptives et graphiques<\/span><\/li>\n<li><span style=\"color: #141f65;\">Certifications n\u00e9gatives de ne pas appara\u00eetre comme propri\u00e9taire cadastral d&rsquo;un bien immobilier dans la base de donn\u00e9es du Cadastre.<\/span><\/li>\n<\/ul>\n<p>[\/vc_column_text][\/vc_column_inner][\/vc_row_inner][\/vc_tta_section][vc_tta_section title=\u00a0\u00bbValidit\u00e9 et efficacit\u00e9\u00a0\u00bb tab_id=\u00a0\u00bb1712650871330-e0e5ea92-a03c\u00a0\u00bb][vc_row_inner][vc_column_inner offset=\u00a0\u00bbvc_col-lg-6 vc_col-md-12 vc_col-xs-12&Prime;][vc_column_text css_animation=\u00a0\u00bbbottom-to-top\u00a0\u00bb]<span style=\"color: #141f65;\">Les documents g\u00e9n\u00e9r\u00e9s par le Point d&rsquo;information cadastrale contiendront la date de leur \u00e9mission et un code \u00e9lectronique permettant de v\u00e9rifier leur int\u00e9grit\u00e9 et leur authenticit\u00e9 et jouiront de leur pleine validit\u00e9 et efficacit\u00e9, conform\u00e9ment aux dispositions de l&rsquo;article 96 de la loi 58\/2003, du 17 d\u00e9cembre, Imp\u00f4t G\u00e9n\u00e9ral, et par l&rsquo;article 41 du texte consolid\u00e9 de la Loi sur le Cadastre Immobilier.<\/span>[\/vc_column_text][\/vc_column_inner][vc_column_inner offset=\u00a0\u00bbvc_col-lg-6 vc_col-md-12 vc_col-xs-12&Prime;][\/vc_column_inner][\/vc_row_inner][vc_row_inner][vc_column_inner offset=\u00a0\u00bbvc_col-lg-6 vc_col-md-6 vc_col-xs-12&Prime;][vc_column_text css_animation=\u00a0\u00bbbottom-to-top\u00a0\u00bb]<strong><span style=\"color: #141f65;\">Horaire d&rsquo;attention:<\/span><\/strong><\/p>\n<ul style=\"list-style-type: disc;\">\n<li><span style=\"color: #141f65;\">Du lundi au vendredi, de 9h00 \u00e0 14h00<\/span><\/li>\n<\/ul>\n<p>[\/vc_column_text][\/vc_column_inner][vc_column_inner offset=\u00a0\u00bbvc_col-lg-6 vc_col-md-12 vc_col-xs-12&Prime;][vc_column_text css_animation=\u00a0\u00bbbottom-to-top\u00a0\u00bb]<strong><span style=\"color: #141f65;\">Nombre de certifications :<\/span><\/strong><\/p>\n<ul style=\"list-style-type: disc;\">\n<li><span style=\"color: #141f65;\">Certification litt\u00e9rale ou n\u00e9gative 10,00 \u20ac + TVA<\/span><\/li>\n<li><span style=\"color: #141f65;\">Certification descriptive et graphique 12,00 \u20ac + TVA<\/span><\/li>\n<\/ul>\n<p>[\/vc_column_text][\/vc_column_inner][\/vc_row_inner][\/vc_tta_section][\/vc_tta_tabs][vc_row_inner][vc_column_inner]<div class=\"clearboth\"><\/div><style>#thegem-divider-69d9f97945ee3 {margin-top: 20px !important;}<\/style><div id=\"thegem-divider-69d9f97945ee3\" class=\"gem-divider  \" style=\"\" ><\/div>[\/vc_column_inner][\/vc_row_inner][vc_row_inner][vc_column_inner width=\u00a0\u00bb1\/3&Prime;][vc_column_text css_animation=\u00a0\u00bbbottom-to-top\u00a0\u00bb]<\/p>\n<h4 style=\"color: #141f65;\">Mod\u00e8le d&rsquo;autorisation<\/h4>\n<p><span style=\"color: #141f65;\">Si vous n&rsquo;\u00eates pas propri\u00e9taire cadastral, vous pouvez t\u00e9l\u00e9charger le mod\u00e8le d&rsquo;autorisation ici.<\/span>[\/vc_column_text][\/vc_column_inner][vc_column_inner width=\u00a0\u00bb1\/3&Prime;][\/vc_column_inner][vc_column_inner width=\u00a0\u00bb1\/3&Prime;]<div class=\"gem-button-container gem-button-position-fullwidth thegem-button-69d9f97945f38766    \"  ><a class=\"gem-button gem-button-size-small gem-button-style-outline gem-button-text-weight-normal gem-button-border-2\" data-ll-effect=\"drop-right-without-wrap\" style=\"border-radius: 0px;\" onmouseleave=\"\" onmouseenter=\"\" href=\"https:\/\/apialicante.difusion.org\/wp-content\/uploads\/2024\/04\/210713-MODELO-AUTORIZACION-TITULAR-CATASTRAL.pdf\" target=\"_self\" id=\"botonDescarga\">TELECHARGER PDF<\/a><\/div> [\/vc_column_inner][\/vc_row_inner][\/vc_column][\/vc_row]<\/p>\n<\/div>","protected":false},"excerpt":{"rendered":"<p>[vc_row full_width=\u00a0\u00bbstretch_row\u00a0\u00bb css=\u00a0\u00bb.vc_custom_1712646890303{margin-bottom: 0px !important;background-image: url(http:\/\/www.apialicante.com\/wp-content\/uploads\/2024\/04\/img_banner_todos_apartados_recuadro.jpg?id=1870) !important;background-position: center !important;background-repeat: no-repeat !important;background-size: cover !important;}\u00a0\u00bb custom_css_code=\u00a0\u00bbJTQwbWVkaWElMjAlMjhtYXgtd2lkdGglM0ElMjAxMTk5cHglMjklN0IlMEElMjAlMjAlMjAlMjAlNDBpZC53cGJfcm93JTIwJTdCJTBBJTIwJTIwJTIwJTIwJTIwJTIwJTIwJTIwbWFyZ2luLXRvcCUzQSUyMDAlM0IlMEElMjAlMjAlMjAlMjAlN0QlMEElN0Q=\u00a0\u00bb el_class=\u00a0\u00bbhas-margin\u00a0\u00bb][vc_column offset=\u00a0\u00bbvc_col-lg-12 vc_col-md-12 vc_col-xs-12&Prime;][vc_row_inner][vc_column_inner el_class=\u00a0\u00bbresponsive\u00a0\u00bb offset=\u00a0\u00bbvc_col-lg-12&#8230;<\/p>\n","protected":false},"author":1,"featured_media":0,"parent":13779,"menu_order":0,"comment_status":"closed","ping_status":"closed","template":"","meta":{"_acf_changed":false,"footnotes":""},"class_list":["post-13755","page","type-page","status-publish"],"acf":[],"_links":{"self":[{"href":"https:\/\/www.apialicante.com\/fr\/wp-json\/wp\/v2\/pages\/13755","targetHints":{"allow":["GET"]}}],"collection":[{"href":"https:\/\/www.apialicante.com\/fr\/wp-json\/wp\/v2\/pages"}],"about":[{"href":"https:\/\/www.apialicante.com\/fr\/wp-json\/wp\/v2\/types\/page"}],"author":[{"embeddable":true,"href":"https:\/\/www.apialicante.com\/fr\/wp-json\/wp\/v2\/users\/1"}],"replies":[{"embeddable":true,"href":"https:\/\/www.apialicante.com\/fr\/wp-json\/wp\/v2\/comments?post=13755"}],"version-history":[{"count":2,"href":"https:\/\/www.apialicante.com\/fr\/wp-json\/wp\/v2\/pages\/13755\/revisions"}],"predecessor-version":[{"id":13757,"href":"https:\/\/www.apialicante.com\/fr\/wp-json\/wp\/v2\/pages\/13755\/revisions\/13757"}],"up":[{"embeddable":true,"href":"https:\/\/www.apialicante.com\/fr\/wp-json\/wp\/v2\/pages\/13779"}],"wp:attachment":[{"href":"https:\/\/www.apialicante.com\/fr\/wp-json\/wp\/v2\/media?parent=13755"}],"curies":[{"name":"wp","href":"https:\/\/api.w.org\/{rel}","templated":true}]}}