{"id":13838,"date":"2024-04-15T10:58:47","date_gmt":"2024-04-15T08:58:47","guid":{"rendered":"http:\/\/www.apialicante.com\/apial\/zone-privee\/"},"modified":"2024-05-07T10:18:36","modified_gmt":"2024-05-07T08:18:36","slug":"zone-privee","status":"publish","type":"page","link":"https:\/\/www.apialicante.com\/fr\/zone-privee\/","title":{"rendered":"Zone priv\u00e9e"},"content":{"rendered":"<div class=\"wpb-content-wrapper\"><p>[vc_row full_width=\u00a0\u00bbstretch_row\u00a0\u00bb css=\u00a0\u00bb.vc_custom_1712732878326{margin-bottom: 0px !important;background-image: url(http:\/\/www.apialicante.com\/wp-content\/uploads\/2024\/04\/img_banner_todos_apartados_recuadro.jpg?id=1870) !important;background-position: center !important;background-repeat: no-repeat !important;background-size: cover !important;}\u00a0\u00bb custom_css_code=\u00a0\u00bbJTQwbWVkaWElMjAlMjhtYXgtd2lkdGglM0ElMjAxMTk5cHglMjklN0IlMEElMjAlMjAlMjAlMjAlNDBpZC53cGJfcm93JTIwJTdCJTBBJTIwJTIwJTIwJTIwJTIwJTIwJTIwJTIwbWFyZ2luLXRvcCUzQSUyMDAlM0IlMEElMjAlMjAlMjAlMjAlN0QlMEElN0Q=\u00a0\u00bb el_class=\u00a0\u00bbhas-margin\u00a0\u00bb][vc_column offset=\u00a0\u00bbvc_col-lg-12 vc_col-md-12 vc_col-xs-12&Prime;][vc_row_inner][vc_column_inner el_class=\u00a0\u00bbresponsive\u00a0\u00bb offset=\u00a0\u00bbvc_col-lg-12 vc_hidden-md vc_hidden-sm vc_hidden-xs\u00a0\u00bb]<div class=\"clearboth\"><\/div><style>#thegem-divider-69d9f9be79bbb {margin-top: 50px !important;}<\/style><div id=\"thegem-divider-69d9f9be79bbb\" class=\"gem-divider  \" style=\"\" ><\/div>[\/vc_column_inner][vc_column_inner offset=\u00a0\u00bbvc_hidden-lg vc_col-md-12 vc_col-xs-12&Prime;]<div class=\"clearboth\"><\/div><style>#thegem-divider-69d9f9be79d68 {margin-top: 20px !important;}<\/style><div id=\"thegem-divider-69d9f9be79d68\" class=\"gem-divider  \" style=\"\" ><\/div>[\/vc_column_inner][\/vc_row_inner][\/vc_column][vc_column disable_custom_paddings_mobile=\u00a0\u00bbtrue\u00a0\u00bb css=\u00a0\u00bb.vc_custom_1712742590455{margin-left: -40px !important;padding-left: 65px !important;background-position: 0 0 !important;background-repeat: no-repeat !important;}\u00a0\u00bb el_class=\u00a0\u00bbgem-custom-column-margin-none\u00a0\u00bb][vc_row_inner][vc_column_inner offset=\u00a0\u00bbvc_col-lg-12 vc_col-md-12 vc_hidden-md vc_hidden-sm vc_col-xs-12 vc_hidden-xs\u00a0\u00bb]<div class=\"clearboth\"><\/div><style>#thegem-divider-69d9f9be79d8b {margin-top: 72px !important;}<\/style><div id=\"thegem-divider-69d9f9be79d8b\" class=\"gem-divider  \" style=\"\" ><\/div>[\/vc_column_inner][vc_column_inner offset=\u00a0\u00bbvc_hidden-lg vc_col-md-12 vc_col-xs-12&Prime;]<div class=\"clearboth\"><\/div><div id=\"thegem-divider-69d9f9be79da6\" class=\"gem-divider  \" style=\"\" ><\/div>[\/vc_column_inner][vc_column_inner]<div class=\"thegem-te-heading thegem-custom-69d9f9be79eff9130\" ><script type=\"text\/javascript\">(function() {function TheGemHeading() {this.animateClass = 'thegem-heading-animate';this.animatedClass = 'thegem-heading-animated';}TheGemHeading.prototype = {initialize: function () {let items =document.querySelectorAll('.'+this.animateClass);items.forEach((item)=>{if (this.isElementVisible(item)) {this.prepareAnimation(item);this.startAnimation(item);}});if ('ResizeObserver' in window) {const resizeObserver = new ResizeObserver((entries) => {entries.forEach((entry) => {this.prepareAnimation(entry.target);});});items.forEach((item) => {resizeObserver.observe(item);});}if ('IntersectionObserver' in window) {let intersectionObserver = new IntersectionObserver((entries)=>{entries.forEach((entry)=> {if (entry.isIntersecting) {this.startAnimation(entry.target);intersectionObserver.unobserve(entry.target);}});});items.forEach((item)=>{intersectionObserver.observe(item);this.prepareAnimation(item);});} else {items.forEach((item)=>{this.prepareAnimation(item);this.startAnimation(item);});}},isElementVisible: function (element) {let rect= element.getBoundingClientRect(),width= window.innerWidth || document.documentElement.clientWidth,height = window.innerHeight || document.documentElement.clientHeight,efp= (x, y) => document.elementFromPoint(x, y);if (rect.right < 0 || rect.bottom < 0 || rect.left > width || rect.top > height) return false;return (element.contains(efp(rect.left,rect.top)) ||element.contains(efp(rect.right, rect.top)) ||element.contains(efp(rect.right, rect.bottom)) ||element.contains(efp(rect.left,rect.bottom)));},startAnimation: function (element) {if (element && !element.classList.contains(this.animatedClass)) {element.classList.add(this.animatedClass);element.classList.remove(this.animateClass);element.dispatchEvent(new Event('theGemHeading.startAnimation', {bubbles: true}));}},prepareAnimation: function (element) {if (element\/* && !element.isPreparedAnimation*\/) {element.dispatchEvent(new Event('theGemHeading.prepareAnimation', {bubbles: true}));\/*element.isPreparedAnimation = true;*\/}}};window.theGemHeading = new TheGemHeading();document.addEventListener('DOMContentLoaded', function() {window.theGemHeading.initialize();});})();<\/script><div id=\"thegem-heading-69d9f9be79e58\" class=\"thegem-heading thegem-custom-heading-69d9f9be79e508887 title-h4 letters-scale-out thegem-heading-animate\" style=\"text-align: left;\" ><span class=\"colored thegem-heading-word\" style=\"color: #ffffff;\"><span class=\"thegem-heading-letter\" style=\"animation-delay: 430ms\">A<\/span><span class=\"thegem-heading-letter\" style=\"animation-delay: 460ms\">P<\/span><span class=\"thegem-heading-letter\" style=\"animation-delay: 490ms\">I<\/span><span class=\"thegem-heading-letter\" style=\"animation-delay: 520ms\">A<\/span><span class=\"thegem-heading-letter\" style=\"animation-delay: 550ms\">L<\/span><\/span><\/div><style type=\"text\/css\">#thegem-heading-69d9f9be79e58 {margin: 0;}#thegem-heading-69d9f9be79e58 {letter-spacing: 3px;}#thegem-heading-69d9f9be79e58, #thegem-heading-69d9f9be79e58 .light {text-transform: uppercase;}#thegem-heading-69d9f9be79e58 a:hover, #thegem-heading-69d9f9be79e58 a:hover span.colored {color: var(--thegem-to-menu-level1-color-hover, #00BCD4) !important;}<\/style><\/div><style>@media screen and (max-width: 1023px) {.thegem-heading.thegem-custom-heading-69d9f9be79e508887{display: block!important;}}@media screen and (max-width: 767px) {.thegem-heading.thegem-custom-heading-69d9f9be79e508887{display: block!important;}}@media screen and (max-width: 1023px) {.thegem-heading.thegem-custom-heading-69d9f9be79e508887{position: relative !important;}}@media screen and (max-width: 767px) {.thegem-heading.thegem-custom-heading-69d9f9be79e508887{position: relative !important;}}<\/style>[\/vc_column_inner][vc_column_inner offset=\u00a0\u00bbvc_col-lg-12 vc_col-md-12 vc_hidden-md vc_hidden-sm vc_hidden-xs\u00a0\u00bb]<div class=\"clearboth\"><\/div><style>#thegem-divider-69d9f9be79f45 {margin-top: 10px !important;}<\/style><div id=\"thegem-divider-69d9f9be79f45\" class=\"gem-divider  \" style=\"\" ><\/div>[\/vc_column_inner][vc_column_inner el_class=\u00a0\u00bbgem-custom-mobile-column-margin\u00a0\u00bb]<div class=\"thegem-te-heading thegem-custom-69d9f9be79fe56939\" ><h1 id=\"thegem-heading-69d9f9be79fc4\" class=\"thegem-heading thegem-custom-heading-69d9f9be79fc37046 title-h1 words-slide-right thegem-heading-animate\" style=\"text-align: left;\" ><span class=\"thegem-heading-word-wrap\"><span class=\"colored thegem-heading-word\" style=\"color: #ffffff; animation-delay: 40ms\">Zone<\/span><\/span> <span class=\"thegem-heading-word-wrap\"><span class=\"colored thegem-heading-word\" style=\"color: #ffffff; animation-delay: 80ms\">priv\u00e9e<\/span><\/span><\/h1><style type=\"text\/css\">#thegem-heading-69d9f9be79fc4 {margin: 0;}#thegem-heading-69d9f9be79fc4 a:hover, #thegem-heading-69d9f9be79fc4 a:hover span.colored {color: var(--thegem-to-menu-level1-color-hover, #00BCD4) !important;}<\/style><\/div><style>@media screen and (max-width: 1023px) {.thegem-heading.thegem-custom-heading-69d9f9be79fc37046{display: block!important;}}@media screen and (max-width: 767px) {.thegem-heading.thegem-custom-heading-69d9f9be79fc37046{display: block!important;}}@media screen and (max-width: 1023px) {.thegem-heading.thegem-custom-heading-69d9f9be79fc37046{position: relative !important;}}@media screen and (max-width: 767px) {.thegem-heading.thegem-custom-heading-69d9f9be79fc37046{position: relative !important;}}<\/style>[\/vc_column_inner][vc_column_inner offset=\u00a0\u00bbvc_col-lg-12 vc_col-md-12 vc_hidden-md vc_hidden-sm vc_hidden-xs\u00a0\u00bb]<div class=\"clearboth\"><\/div><style>#thegem-divider-69d9f9be7a00c {margin-top: 50px !important;}<\/style><div id=\"thegem-divider-69d9f9be7a00c\" class=\"gem-divider  \" style=\"\" ><\/div>[\/vc_column_inner][vc_column_inner offset=\u00a0\u00bbvc_hidden-lg vc_col-md-12 vc_col-xs-12 vc_hidden-xs\u00a0\u00bb]<div class=\"clearboth\"><\/div><style>#thegem-divider-69d9f9be7a024 {margin-top: 90px !important;}<\/style><div id=\"thegem-divider-69d9f9be7a024\" class=\"gem-divider  \" style=\"\" ><\/div>[\/vc_column_inner][\/vc_row_inner][\/vc_column][vc_column offset=\u00a0\u00bbvc_col-lg-12&Prime;][vc_row_inner][vc_column_inner offset=\u00a0\u00bbvc_col-lg-12 vc_hidden-md vc_hidden-sm vc_hidden-xs\u00a0\u00bb]<div class=\"clearboth\"><\/div><style>#thegem-divider-69d9f9be7a039 {margin-top: 96px !important;}<\/style><div id=\"thegem-divider-69d9f9be7a039\" class=\"gem-divider  \" style=\"\" ><\/div>[\/vc_column_inner][\/vc_row_inner][\/vc_column][\/vc_row][vc_row full_width=\u00a0\u00bbstretch_row_content\u00a0\u00bb css=\u00a0\u00bb.vc_custom_1603047092148{margin-top: -150px !important;}\u00a0\u00bb el_class=\u00a0\u00bbgem-custom-responsive-margin-row\u00a0\u00bb][vc_column width=\u00a0\u00bb1\/2&Prime;][\/vc_column][vc_column width=\u00a0\u00bb1\/2&Prime; css=\u00a0\u00bb.vc_custom_1603048768990{padding-top: 0px !important;padding-left: 67px !important;}\u00a0\u00bb offset=\u00a0\u00bbvc_col-lg-6 vc_hidden-md vc_hidden-sm vc_hidden-xs\u00a0\u00bb][vc_row_inner css=\u00a0\u00bb.vc_custom_1601975776217{margin-bottom: 0px !important;}\u00a0\u00bb][vc_column_inner css=\u00a0\u00bb.vc_custom_1601975823162{padding-top: 0px !important;background-color: #ffffff !important;}\u00a0\u00bb]<div class=\"clearboth\"><\/div><style>#thegem-divider-69d9f9be7a04d {margin-top: 150px !important;}<\/style><div id=\"thegem-divider-69d9f9be7a04d\" class=\"gem-divider  \" style=\"\" ><\/div>[\/vc_column_inner][\/vc_row_inner][\/vc_column][\/vc_row][vc_row][vc_column width=\u00a0\u00bb1\/12&Prime;][\/vc_column][vc_column width=\u00a0\u00bb10\/12&Prime;]<div class=\"clearboth\"><\/div><style>#thegem-divider-69d9f9be7a061 {margin-top: 50px !important;}<\/style><div id=\"thegem-divider-69d9f9be7a061\" class=\"gem-divider  \" style=\"\" ><\/div><div class=\"thegem-te-heading thegem-custom-69d9f9be7a0e21512\" ><h2 id=\"thegem-heading-69d9f9be7a0d0\" class=\"thegem-heading thegem-custom-heading-69d9f9be7a0cf7269 title-h2\" style=\"text-align: center;\" ><span class=\"colored\" style=\"color: #bd102d;\">Acc\u00e9dez aux donn\u00e9es selon les param\u00e8tres suivants :<\/span><\/h2><style type=\"text\/css\">#thegem-heading-69d9f9be7a0d0 {margin: 0;}#thegem-heading-69d9f9be7a0d0 {margin-left: auto; margin-right: auto;}#thegem-heading-69d9f9be7a0d0 > * {justify-content: center;}#thegem-heading-69d9f9be7a0d0 a:hover, #thegem-heading-69d9f9be7a0d0 a:hover span.colored {color: var(--thegem-to-menu-level1-color-hover, #00BCD4) !important;}<\/style><\/div><style>@media screen and (max-width: 1023px) {.thegem-heading.thegem-custom-heading-69d9f9be7a0cf7269{display: block!important;}}@media screen and (max-width: 767px) {.thegem-heading.thegem-custom-heading-69d9f9be7a0cf7269{display: block!important;}}@media screen and (max-width: 1023px) {.thegem-heading.thegem-custom-heading-69d9f9be7a0cf7269{position: relative !important;}}@media screen and (max-width: 767px) {.thegem-heading.thegem-custom-heading-69d9f9be7a0cf7269{position: relative !important;}}<\/style><div class=\"clearboth\"><\/div><style>#thegem-divider-69d9f9be7a100 {margin-top: 50px !important;}<\/style><div id=\"thegem-divider-69d9f9be7a100\" class=\"gem-divider  \" style=\"\" ><\/div>[\/vc_column][vc_column width=\u00a0\u00bb1\/12&Prime;][\/vc_column][\/vc_row][vc_row equal_height=\u00a0\u00bbyes\u00a0\u00bb][vc_column width=\u00a0\u00bb1\/2&Prime;]<div class=\"centered-box gem-image-centered-box\" ><div class=\"gem-image gem-wrapbox gem-wrapbox-style-default gem-wrapbox-position-centered  thegem-custom-69d9f9be7a11a5666\"  style=\"\" ><div class=\"gem-wrapbox-inner \" ><img class=\"gem-wrapbox-element img-responsive\" src=\"https:\/\/www.apialicante.com\/wp-content\/uploads\/2024\/04\/icono_usuario.png\" alt=\"Utilisateur\"\/><\/div><\/div><\/div><div class=\"thegem-te-heading thegem-custom-69d9f9be7a60b3848\" ><p id=\"thegem-heading-69d9f9be7a5f7\" class=\"thegem-heading thegem-custom-heading-69d9f9be7a5f68364 title-h4\" style=\"text-align: center;\" ><span class=\"colored\" style=\"color: #141f65;\">Utilisateur<\/span><\/p><style type=\"text\/css\">#thegem-heading-69d9f9be7a5f7 {margin: 0;}#thegem-heading-69d9f9be7a5f7 {margin-left: auto; margin-right: auto;}#thegem-heading-69d9f9be7a5f7 > * {justify-content: center;}#thegem-heading-69d9f9be7a5f7 a:hover, #thegem-heading-69d9f9be7a5f7 a:hover span.colored {color: var(--thegem-to-menu-level1-color-hover, #00BCD4) !important;}<\/style><\/div><style>@media screen and (max-width: 1023px) {.thegem-heading.thegem-custom-heading-69d9f9be7a5f68364{display: block!important;}}@media screen and (max-width: 767px) {.thegem-heading.thegem-custom-heading-69d9f9be7a5f68364{display: block!important;}}@media screen and (max-width: 1023px) {.thegem-heading.thegem-custom-heading-69d9f9be7a5f68364{position: relative !important;}}@media screen and (max-width: 767px) {.thegem-heading.thegem-custom-heading-69d9f9be7a5f68364{position: relative !important;}}<\/style>[vc_column_text]<\/p>\n<p style=\"text-align: center;\">Num\u00e9ro d&rsquo;associ\u00e9<\/p>\n<p>[\/vc_column_text][\/vc_column][vc_column width=\u00a0\u00bb1\/2&Prime;]<div class=\"centered-box gem-image-centered-box\" ><div class=\"gem-image gem-wrapbox gem-wrapbox-style-default gem-wrapbox-position-centered  thegem-custom-69d9f9be7a6343819\"  style=\"\" ><div class=\"gem-wrapbox-inner \" ><img class=\"gem-wrapbox-element img-responsive\" src=\"https:\/\/www.apialicante.com\/wp-content\/uploads\/2024\/04\/icono_contrasena.png\" alt=\"Mot de passe\"\/><\/div><\/div><\/div><div class=\"thegem-te-heading thegem-custom-69d9f9be7aa5d5376\" ><p id=\"thegem-heading-69d9f9be7aa49\" class=\"thegem-heading thegem-custom-heading-69d9f9be7aa486513 title-h4\" style=\"text-align: center;\" ><span class=\"colored\" style=\"color: #141f65;\">Mot de passe<\/span><\/p><style type=\"text\/css\">#thegem-heading-69d9f9be7aa49 {margin: 0;}#thegem-heading-69d9f9be7aa49 {margin-left: auto; margin-right: auto;}#thegem-heading-69d9f9be7aa49 > * {justify-content: center;}#thegem-heading-69d9f9be7aa49 a:hover, #thegem-heading-69d9f9be7aa49 a:hover span.colored {color: var(--thegem-to-menu-level1-color-hover, #00BCD4) !important;}<\/style><\/div><style>@media screen and (max-width: 1023px) {.thegem-heading.thegem-custom-heading-69d9f9be7aa486513{display: block!important;}}@media screen and (max-width: 767px) {.thegem-heading.thegem-custom-heading-69d9f9be7aa486513{display: block!important;}}@media screen and (max-width: 1023px) {.thegem-heading.thegem-custom-heading-69d9f9be7aa486513{position: relative !important;}}@media screen and (max-width: 767px) {.thegem-heading.thegem-custom-heading-69d9f9be7aa486513{position: relative !important;}}<\/style>[vc_column_text]<\/p>\n<p style=\"text-align: center;\">Num\u00e9ro d&rsquo;identification + lettre<\/p>\n<p>[\/vc_column_text][\/vc_column][\/vc_row][vc_row][vc_column]<div class=\"clearboth\"><\/div><style>#thegem-divider-69d9f9be7aa84 {margin-top: 50px !important;}<\/style><div id=\"thegem-divider-69d9f9be7aa84\" class=\"gem-divider  \" style=\"\" ><\/div>[\/vc_column][\/vc_row][vc_row][vc_column][vc_column_text]<\/p>\n<p style=\"text-align: center; color: #bd102d;\">Si vous v\u00e9rifiez qu&rsquo;une fois les donn\u00e9es d&rsquo;acc\u00e8s correctement saisies dans le syst\u00e8me, elles ne vous autorisent pas l&rsquo;acc\u00e8s, vous pouvez contacter nos techniciens au<br \/>\n<strong>le t\u00e9l\u00e9phone 965 98 41 25 ou email : apial@apialicante.com,<\/strong><br \/>\nce qui permettra un acc\u00e8s imm\u00e9diat.<\/p>\n<p style=\"text-align: center; color: #bd102d; font-size: 1.9rem; margin-top: 10px;\"><strong>D\u00e9sol\u00e9 pour le d\u00e9rangement<\/strong><\/p>\n<p>[\/vc_column_text]<div class=\"clearboth\"><\/div><style>#thegem-divider-69d9f9be7aa9a {margin-top: 50px !important;}<\/style><div id=\"thegem-divider-69d9f9be7aa9a\" class=\"gem-divider  \" style=\"\" ><\/div>[vc_column_text css=\u00a0\u00bb\u00a0\u00bb]<\/p>\n<h4 style=\"text-align: center; color: black;\">Acc\u00e8s restreint<\/h4>\n<p style=\"text-align: center;\">Zone r\u00e9serv\u00e9e aux utilisateurs du syst\u00e8me<br \/>\nVeuillez saisir vos donn\u00e9es de connexion.<\/p>\n<p>[\/vc_column_text][vc_column_text css=\u00a0\u00bb\u00a0\u00bb]<\/p>\n<p style=\"text-align: center;\"><form name=\"form_login\" id=\"form_login\" action=\"https:\/\/www.apialicante.com\/fr\/wp-login.php\" method=\"post\"><p class=\"login-username\">\n\t\t\t\t<label for=\"nombre\">Usuario<\/label>\n\t\t\t\t<input type=\"text\" name=\"log\" id=\"nombre\" autocomplete=\"username\" class=\"input\" value=\"\" size=\"20\" \/>\n\t\t\t<\/p><p class=\"login-password\">\n\t\t\t\t<label for=\"pass\">Mot de passe<\/label>\n\t\t\t\t<input type=\"password\" name=\"pwd\" id=\"pass\" autocomplete=\"current-password\" spellcheck=\"false\" class=\"input\" value=\"\" size=\"20\" \/>\n\t\t\t<\/p><p class=\"login-submit\">\n\t\t\t\t<input type=\"submit\" name=\"wp-submit\" id=\"wp-submit\" class=\"button button-primary\" value=\"Se connecter\" \/>\n\t\t\t\t<input type=\"hidden\" name=\"redirect_to\" value=\"\/customer-area\/dashboard\/\" \/>\n\t\t\t<\/p><\/form><a class=\"wplf-lostpassword\" href=\"https:\/\/www.apialicante.com\/fr\/wp-login.php?action=lostpassword\">Recordar Contrase\u00f1a<\/a><\/p>\n<p>[\/vc_column_text][\/vc_column][\/vc_row]<\/p>\n<\/div>","protected":false},"excerpt":{"rendered":"<p>[vc_row full_width=\u00a0\u00bbstretch_row\u00a0\u00bb css=\u00a0\u00bb.vc_custom_1712732878326{margin-bottom: 0px !important;background-image: url(http:\/\/www.apialicante.com\/wp-content\/uploads\/2024\/04\/img_banner_todos_apartados_recuadro.jpg?id=1870) !important;background-position: center !important;background-repeat: no-repeat !important;background-size: cover !important;}\u00a0\u00bb custom_css_code=\u00a0\u00bbJTQwbWVkaWElMjAlMjhtYXgtd2lkdGglM0ElMjAxMTk5cHglMjklN0IlMEElMjAlMjAlMjAlMjAlNDBpZC53cGJfcm93JTIwJTdCJTBBJTIwJTIwJTIwJTIwJTIwJTIwJTIwJTIwbWFyZ2luLXRvcCUzQSUyMDAlM0IlMEElMjAlMjAlMjAlMjAlN0QlMEElN0Q=\u00a0\u00bb el_class=\u00a0\u00bbhas-margin\u00a0\u00bb][vc_column offset=\u00a0\u00bbvc_col-lg-12 vc_col-md-12 vc_col-xs-12&Prime;][vc_row_inner][vc_column_inner el_class=\u00a0\u00bbresponsive\u00a0\u00bb offset=\u00a0\u00bbvc_col-lg-12&#8230;<\/p>\n","protected":false},"author":1,"featured_media":0,"parent":0,"menu_order":0,"comment_status":"closed","ping_status":"closed","template":"","meta":{"_acf_changed":false,"footnotes":""},"class_list":["post-13838","page","type-page","status-publish"],"acf":[],"_links":{"self":[{"href":"https:\/\/www.apialicante.com\/fr\/wp-json\/wp\/v2\/pages\/13838","targetHints":{"allow":["GET"]}}],"collection":[{"href":"https:\/\/www.apialicante.com\/fr\/wp-json\/wp\/v2\/pages"}],"about":[{"href":"https:\/\/www.apialicante.com\/fr\/wp-json\/wp\/v2\/types\/page"}],"author":[{"embeddable":true,"href":"https:\/\/www.apialicante.com\/fr\/wp-json\/wp\/v2\/users\/1"}],"replies":[{"embeddable":true,"href":"https:\/\/www.apialicante.com\/fr\/wp-json\/wp\/v2\/comments?post=13838"}],"version-history":[{"count":4,"href":"https:\/\/www.apialicante.com\/fr\/wp-json\/wp\/v2\/pages\/13838\/revisions"}],"predecessor-version":[{"id":14018,"href":"https:\/\/www.apialicante.com\/fr\/wp-json\/wp\/v2\/pages\/13838\/revisions\/14018"}],"wp:attachment":[{"href":"https:\/\/www.apialicante.com\/fr\/wp-json\/wp\/v2\/media?parent=13838"}],"curies":[{"name":"wp","href":"https:\/\/api.w.org\/{rel}","templated":true}]}}