{"id":20196,"date":"2024-09-26T13:11:52","date_gmt":"2024-09-26T11:11:52","guid":{"rendered":"https:\/\/www.apialicante.com\/mentions-legales\/"},"modified":"2025-12-09T15:06:22","modified_gmt":"2025-12-09T14:06:22","slug":"mentions-legales","status":"publish","type":"page","link":"https:\/\/www.apialicante.com\/fr\/mentions-legales\/","title":{"rendered":"Mentions l\u00e9gales"},"content":{"rendered":"<div class=\"wpb-content-wrapper\"><p>[vc_section][vc_row][vc_column][vc_column_text css=\u00a0\u00bb\u00a0\u00bb][\/vc_column_text]<div class=\"thegem-te-heading thegem-custom-69f08a146d8214099\" ><h1 id=\"thegem-heading-69f08a146d7fa\" class=\"thegem-heading thegem-custom-heading-69f08a146d7f64171\" style=\"text-align: left;\" ><span>Mentions l\u00e9gales<\/span><\/h1><style type=\"text\/css\">#thegem-heading-69f08a146d7fa {margin: 0;}#thegem-heading-69f08a146d7fa a:hover, #thegem-heading-69f08a146d7fa a:hover span.colored {color: var(--thegem-to-menu-level1-color-hover, #00BCD4) !important;}<\/style><\/div><style>@media screen and (max-width: 1023px) {.thegem-heading.thegem-custom-heading-69f08a146d7f64171{display: block!important;}}@media screen and (max-width: 767px) {.thegem-heading.thegem-custom-heading-69f08a146d7f64171{display: block!important;}}@media screen and (max-width: 1023px) {.thegem-heading.thegem-custom-heading-69f08a146d7f64171{position: relative !important;}}@media screen and (max-width: 767px) {.thegem-heading.thegem-custom-heading-69f08a146d7f64171{position: relative !important;}}<\/style>[vc_column_text css=\u00a0\u00bb\u00a0\u00bb]<\/p>\n<h2>Informations institutionnelles et coordonn\u00e9es du propri\u00e9taire du site web<\/h2>\n<p>Conform\u00e9ment \u00e0 l&rsquo;article 10 de la loi 34\/2002 relative aux services de la soci\u00e9t\u00e9 de l&rsquo;information et au commerce \u00e9lectronique (LSSI), nous vous informons que ce site web est la propri\u00e9t\u00e9 de :<\/p>\n<p>Ordre officiel des agents immobiliers d&rsquo;Alicante (COAPI Alicante). Corporation de droit public constitu\u00e9e en vertu de la loi 2\/1974 du 13 f\u00e9vrier sur les ordres professionnels et de la r\u00e9glementation r\u00e9gionale applicable dans la Communaut\u00e9 valencienne. <\/p>\n<p>NIF : Q0375007B<br \/>\nAdresse : C\/ Arzobispo Loaces, 5 \u2013 03003 Alicante<br \/>\nT\u00e9l\u00e9phone : 965 98 41 25<br \/>\nCourriel institutionnel : coapi@apialicante.com<br \/>\nSite web : https:\/\/apialicante.com<\/p>\n<p>Le Coll\u00e8ge exerce des fonctions publiques qui lui sont confi\u00e9es par la loi, en agissant selon les principes de transparence, d&rsquo;impartialit\u00e9 et de service \u00e0 l&rsquo;int\u00e9r\u00eat g\u00e9n\u00e9ral.<\/p>\n<h2>Nature juridique de l&rsquo;ordre professionnel<\/h2>\n<p>Le Coll\u00e8ge est une personne morale de droit public dot\u00e9e :<\/p>\n<p>&nbsp;<\/p>\n<ul>\n<li>Personnalit\u00e9 juridique propre<\/li>\n<li>Pleine capacit\u00e9 d&rsquo;agir<\/li>\n<li>Fonctions publiques d\u00e9l\u00e9gu\u00e9es<\/li>\n<li>R\u00e9gime juridique propre conform\u00e9ment \u00e0 la loi 2\/1974 et aux statuts professionnels<\/li>\n<\/ul>\n<p>Leurs actions ne sont pas uniquement r\u00e9gies par le droit priv\u00e9, mais \u00e9galement par des r\u00e9glementations administratives et coll\u00e9giales sp\u00e9cifiques, ainsi que par la l\u00e9gislation r\u00e9gionale en vigueur dans la Communaut\u00e9 valencienne.<\/p>\n<h2>Conditions d&rsquo;utilisation du site web<\/h2>\n<p>L&rsquo;utilisateur s&rsquo;engage \u00e0 : L&rsquo;acc\u00e8s au site web conf\u00e8re la condition d&rsquo;utilisateur et implique l&rsquo;acceptation des pr\u00e9sentes conditions.<\/p>\n<ul>\n<li>Utiliser le site web conform\u00e9ment \u00e0 la loi, \u00e0 la bonne foi et aux fonctions institutionnelles du Coll\u00e8ge.<\/li>\n<li>Ne pas faire un usage frauduleux, illicite ou susceptible de nuire au portail.<\/li>\n<li>Ne pas modifier le contenu, introduire des logiciels malveillants ou acc\u00e9der \u00e0 des sections restreintes sans autorisation.<\/li>\n<\/ul>\n<p>Le Coll\u00e8ge peut modifier \u00e0 tout moment le contenu du site web ainsi que les conditions d&rsquo;acc\u00e8s, sans pr\u00e9avis.<\/p>\n<h2>Fonctions publiques et annuaire professionnel<\/h2>\n<p>Le Coll\u00e8ge publie des informations relatives \u00e0 :<\/p>\n<ul>\n<li>Personnes inscrites \u00e0 l&rsquo;ordre professionnel et exer\u00e7ant leur activit\u00e9<\/li>\n<li>Professionnels inscrits<\/li>\n<li>Donn\u00e9es n\u00e9cessaires pour v\u00e9rifier l&rsquo;habilitation professionnelle<\/li>\n<\/ul>\n<p><span data-contrast=\"auto\">Ces informations sont diffus\u00e9es conform\u00e9ment \u00e0 :<\/span><span data-ccp-props=\"{\"335551550\":1,\"335551620\":1,\"335559685\":141,\"335559731\":0,\"335559737\":0,\"335559738\":67}\"> <\/span><\/p>\n<p><span data-contrast=\"auto\">\u2714 <span data-contrast=\"auto\">La loi 2\/1974 relative aux ordres professionnels<\/span><\/span><span data-ccp-props=\"{\"335551550\":1,\"335551620\":1,\"335559685\":141,\"335559731\":0,\"335559737\":0,\"335559738\":0}\"> <\/span><\/p>\n<p><span data-contrast=\"auto\">\u2714 <span data-contrast=\"auto\">La r\u00e9glementation r\u00e9gionale valencienne en mati\u00e8re d&rsquo;ordres professionnels<\/span><\/span><span data-ccp-props=\"{\"335551550\":1,\"335551620\":1,\"335559685\":141,\"335559731\":0,\"335559737\":0,\"335559738\":8}\"> <\/span><\/p>\n<p><span data-contrast=\"auto\">\u2714 <span data-contrast=\"auto\">Les principes de transparence et d&rsquo;acc\u00e8s \u00e0 l&rsquo;information<\/span><\/span><span data-ccp-props=\"{\"335551550\":1,\"335551620\":1,\"335559685\":141,\"335559731\":0,\"335559737\":0,\"335559738\":9}\"> <\/span><\/p>\n<p><span data-contrast=\"auto\">\u2714 <span data-contrast=\"auto\">Les fonctions publiques confi\u00e9es au Coll\u00e8ge<\/span><\/span><span data-ccp-props=\"{\"335551550\":1,\"335551620\":1,\"335559685\":141,\"335559731\":0,\"335559737\":0,\"335559738\":8}\"> <\/span><\/p>\n<p><b><span data-contrast=\"auto\">Utilisation limit\u00e9e et interdiction expresse \u00e0 des fins commerciales<\/span><\/b><span data-ccp-props=\"{\"335551550\":1,\"335551620\":1,\"335559685\":141,\"335559731\":0,\"335559737\":0,\"335559738\":0}\"> <\/span><\/p>\n<p><span data-ccp-props=\"{\"335559738\":69}\"> <\/span><span data-contrast=\"auto\">Les donn\u00e9es relatives aux membres et associ\u00e9s publi\u00e9es sur ce site web ne peuvent \u00eatre utilis\u00e9es pour :<\/span><span data-ccp-props=\"{\"335551550\":1,\"335551620\":1,\"335559685\":141,\"335559731\":0,\"335559737\":0,\"335559738\":0}\"> <\/span><\/p>\n<ul>\n<li aria-setsize=\"-1\" data-leveltext=\"\u2013\" data-font=\"Arial MT\" data-listid=\"1\" data-list-defn-props=\"{\"134224900\":false,\"335551671\":0,\"335552541\":1,\"335559685\":308,\"335559991\":167,\"469769226\":\"Arial MT\",\"469769242\":[9675],\"469777803\":\"left\",\"469777804\":\"\u2013\",\"469777815\":\"hybridMultilevel\"}\" data-aria-posinset=\"3\" data-aria-level=\"2\"><span data-contrast=\"auto\">Envoi de publicit\u00e9<\/span><span data-ccp-props=\"{\"201341983\":0,\"335551550\":1,\"335551620\":1,\"335559685\":306,\"335559737\":0,\"335559738\":0,\"335559739\":0,\"335559740\":240,\"335559991\":165,\"469777462\":[306],\"469777927\":[0],\"469777928\":[1]}\"> <\/span><\/li>\n<li aria-setsize=\"-1\" data-leveltext=\"\u2013\" data-font=\"Arial MT\" data-listid=\"1\" data-list-defn-props=\"{\"134224900\":false,\"335551671\":0,\"335552541\":1,\"335559685\":308,\"335559991\":167,\"469769226\":\"Arial MT\",\"469769242\":[9675],\"469777803\":\"left\",\"469777804\":\"\u2013\",\"469777815\":\"hybridMultilevel\"}\" data-aria-posinset=\"3\" data-aria-level=\"2\"><span data-contrast=\"auto\">Appels commerciaux<\/span><span data-ccp-props=\"{\"201341983\":0,\"335551550\":1,\"335551620\":1,\"335559685\":306,\"335559737\":0,\"335559738\":35,\"335559739\":0,\"335559740\":240,\"335559991\":165,\"469777462\":[306],\"469777927\":[0],\"469777928\":[1]}\"> <\/span><\/li>\n<li aria-setsize=\"-1\" data-leveltext=\"\u2013\" data-font=\"Arial MT\" data-listid=\"1\" data-list-defn-props=\"{\"134224900\":false,\"335551671\":0,\"335552541\":1,\"335559685\":308,\"335559991\":167,\"469769226\":\"Arial MT\",\"469769242\":[9675],\"469777803\":\"left\",\"469777804\":\"\u2013\",\"469777815\":\"hybridMultilevel\"}\" data-aria-posinset=\"3\" data-aria-level=\"2\"><span data-contrast=\"auto\">Spam<\/span><span data-ccp-props=\"{\"201341983\":0,\"335551550\":1,\"335551620\":1,\"335559685\":306,\"335559737\":0,\"335559738\":34,\"335559739\":0,\"335559740\":240,\"335559991\":165,\"469777462\":[306],\"469777927\":[0],\"469777928\":[1]}\"> <\/span><\/li>\n<li aria-setsize=\"-1\" data-leveltext=\"\u2013\" data-font=\"Arial MT\" data-listid=\"1\" data-list-defn-props=\"{\"134224900\":false,\"335551671\":0,\"335552541\":1,\"335559685\":308,\"335559991\":167,\"469769226\":\"Arial MT\",\"469769242\":[9675],\"469777803\":\"left\",\"469777804\":\"\u2013\",\"469777815\":\"hybridMultilevel\"}\" data-aria-posinset=\"3\" data-aria-level=\"2\"><span data-contrast=\"auto\">Cr\u00e9ation de bases de donn\u00e9es priv\u00e9es<\/span><span data-ccp-props=\"{\"201341983\":0,\"335551550\":1,\"335551620\":1,\"335559685\":306,\"335559737\":0,\"335559738\":35,\"335559739\":0,\"335559740\":240,\"335559991\":165,\"469777462\":[306],\"469777927\":[0],\"469777928\":[1]}\"> <\/span><\/li>\n<li aria-setsize=\"-1\" data-leveltext=\"\u2013\" data-font=\"Arial MT\" data-listid=\"1\" data-list-defn-props=\"{\"134224900\":false,\"335551671\":0,\"335552541\":1,\"335559685\":308,\"335559991\":167,\"469769226\":\"Arial MT\",\"469769242\":[9675],\"469777803\":\"left\",\"469777804\":\"\u2013\",\"469777815\":\"hybridMultilevel\"}\" data-aria-posinset=\"3\" data-aria-level=\"2\"><span data-contrast=\"auto\">Prospection ou recherche commerciale<\/span><span data-ccp-props=\"{\"201341983\":0,\"335551550\":1,\"335551620\":1,\"335559685\":306,\"335559737\":0,\"335559738\":34,\"335559739\":0,\"335559740\":240,\"335559991\":165,\"469777462\":[306],\"469777927\":[0],\"469777928\":[1]}\"> <\/span><\/li>\n<li aria-setsize=\"-1\" data-leveltext=\"\u2013\" data-font=\"Arial MT\" data-listid=\"1\" data-list-defn-props=\"{\"134224900\":false,\"335551671\":0,\"335552541\":1,\"335559685\":308,\"335559991\":167,\"469769226\":\"Arial MT\",\"469769242\":[9675],\"469777803\":\"left\",\"469777804\":\"\u2013\",\"469777815\":\"hybridMultilevel\"}\" data-aria-posinset=\"3\" data-aria-level=\"2\"><span data-contrast=\"auto\">Revente ou cession d&rsquo;informations<\/span><span data-ccp-props=\"{\"201341983\":0,\"335551550\":1,\"335551620\":1,\"335559685\":306,\"335559737\":0,\"335559738\":35,\"335559739\":0,\"335559740\":240,\"335559991\":165,\"469777462\":[306],\"469777927\":[0],\"469777928\":[1]}\"> <\/span><\/li>\n<\/ul>\n<p><span data-contrast=\"auto\">Son utilisation est strictement limit\u00e9e \u00e0 :<\/span><span data-ccp-props=\"{\"335551550\":1,\"335551620\":1,\"335559685\":141,\"335559731\":0,\"335559737\":0,\"335559738\":0}\"> <\/span><\/p>\n<ul>\n<li aria-setsize=\"-1\" data-leveltext=\"\u2013\" data-font=\"Arial MT\" data-listid=\"1\" data-list-defn-props=\"{\"134224900\":false,\"335551671\":0,\"335552541\":1,\"335559685\":308,\"335559991\":167,\"469769226\":\"Arial MT\",\"469769242\":[9675],\"469777803\":\"left\",\"469777804\":\"\u2013\",\"469777815\":\"hybridMultilevel\"}\" data-aria-posinset=\"9\" data-aria-level=\"2\"><span data-contrast=\"auto\">V\u00e9rifier le statut professionnel<\/span><span data-ccp-props=\"{\"201341983\":0,\"335551550\":1,\"335551620\":1,\"335559685\":306,\"335559737\":0,\"335559738\":0,\"335559739\":0,\"335559740\":240,\"335559991\":165,\"469777462\":[306],\"469777927\":[0],\"469777928\":[1]}\"> <\/span><\/li>\n<li aria-setsize=\"-1\" data-leveltext=\"\u2013\" data-font=\"Arial MT\" data-listid=\"1\" data-list-defn-props=\"{\"134224900\":false,\"335551671\":0,\"335552541\":1,\"335559685\":308,\"335559991\":167,\"469769226\":\"Arial MT\",\"469769242\":[9675],\"469777803\":\"left\",\"469777804\":\"\u2013\",\"469777815\":\"hybridMultilevel\"}\" data-aria-posinset=\"9\" data-aria-level=\"2\"><span data-contrast=\"auto\">Faciliter les contacts professionnels dans le cadre des services propres \u00e0 l&rsquo;API.<\/span><span data-ccp-props=\"{\"201341983\":0,\"335551550\":1,\"335551620\":1,\"335559685\":306,\"335559737\":0,\"335559738\":35,\"335559739\":0,\"335559740\":240,\"335559991\":165,\"469777462\":[306],\"469777927\":[0],\"469777928\":[1]}\"> <\/span><\/li>\n<li aria-setsize=\"-1\" data-leveltext=\"\u2013\" data-font=\"Arial MT\" data-listid=\"1\" data-list-defn-props=\"{\"134224900\":false,\"335551671\":0,\"335552541\":1,\"335559685\":308,\"335559991\":167,\"469769226\":\"Arial MT\",\"469769242\":[9675],\"469777803\":\"left\",\"469777804\":\"\u2013\",\"469777815\":\"hybridMultilevel\"}\" data-aria-posinset=\"9\" data-aria-level=\"2\"><span data-contrast=\"auto\">Fonctions institutionnelles et d&rsquo;int\u00e9r\u00eat public<\/span><span data-ccp-props=\"{\"201341983\":0,\"335551550\":1,\"335551620\":1,\"335559685\":306,\"335559737\":0,\"335559738\":34,\"335559739\":0,\"335559740\":240,\"335559991\":165,\"469777462\":[306],\"469777927\":[0],\"469777928\":[1]}\"> <\/span><\/li>\n<\/ul>\n<p><span data-contrast=\"auto\">Toute utilisation abusive peut constituer une infraction au RGPD, \u00e0 la LOPDGDD, \u00e0 la loi 3\/1991 sur la concurrence d\u00e9loyale, et m\u00eame engager la responsabilit\u00e9 administrative ou p\u00e9nale.<\/span><span data-ccp-props=\"{\"201341983\":0,\"335551550\":1,\"335551620\":1,\"335559685\":141,\"335559731\":0,\"335559737\":0,\"335559738\":0,\"335559740\":276}\"> <\/span><\/p>\n<h2><span data-contrast=\"auto\">Propri\u00e9t\u00e9 intellectuelle et industrielle<\/span><\/h2>\n<p><span data-contrast=\"auto\">Les logos, images, textes, documents, bases de donn\u00e9es, codes sources et autres \u00e9l\u00e9ments du site web sont la propri\u00e9t\u00e9 du Coll\u00e8ge ou font l&rsquo;objet d&rsquo;une licence l\u00e9gitime.<\/span><span data-ccp-props=\"{\"201341983\":0,\"335551550\":1,\"335551620\":1,\"335559685\":141,\"335559731\":0,\"335559737\":0,\"335559738\":0,\"335559740\":276}\"> <\/span><\/p>\n<p><span data-contrast=\"auto\">Toute reproduction, distribution ou modification sans autorisation expresse est interdite.<\/span><span data-ccp-props=\"{\"335551550\":1,\"335551620\":1,\"335559685\":141,\"335559731\":0,\"335559737\":0,\"335559738\":0}\"> <\/span><\/p>\n<h2><span data-contrast=\"auto\">Liens externes<\/span><\/h2>\n<p><span data-contrast=\"auto\">Le site web peut contenir des liens vers des sites tiers.<\/span><span data-ccp-props=\"{\"335551550\":1,\"335551620\":1,\"335559685\":141,\"335559731\":0,\"335559737\":0,\"335559738\":0}\"> <\/span><\/p>\n<p><span data-contrast=\"auto\">Le Coll\u00e8ge n&rsquo;est pas responsable du contenu, des politiques ou de la s\u00e9curit\u00e9 de ces sites externes.<\/span><span data-ccp-props=\"{\"335551550\":1,\"335551620\":1,\"335559685\":141,\"335559731\":0,\"335559737\":0,\"335559738\":35}\"> <\/span><\/p>\n<h2><span data-contrast=\"auto\">Responsabilit\u00e9<\/span><span data-ccp-props=\"{\"201341983\":0,\"335551550\":1,\"335551620\":1,\"335559685\":361,\"335559737\":0,\"335559738\":0,\"335559739\":0,\"335559740\":240,\"335559991\":220,\"469777462\":[361],\"469777927\":[0],\"469777928\":[1]}\"> <\/span><span data-ccp-props=\"{\"335559738\":69}\"> <\/span><\/h2>\n<p><span data-contrast=\"auto\">Le Coll\u00e8ge ne garantit pas l&rsquo;absence d&rsquo;interruptions, d&rsquo;erreurs techniques ou de dommages r\u00e9sultant de l&rsquo;utilisation du site web, mais prendra les mesures n\u00e9cessaires pour les pr\u00e9venir.<\/span><span data-ccp-props=\"{\"201341983\":0,\"335551550\":1,\"335551620\":1,\"335559685\":141,\"335559731\":0,\"335559737\":0,\"335559738\":0,\"335559740\":276}\"> <\/span><\/p>\n<h2><span data-contrast=\"auto\">L\u00e9gislation applicable et juridiction comp\u00e9tente <\/span><\/h2>\n<p><span data-contrast=\"auto\">Les pr\u00e9sentes mentions l\u00e9gales sont r\u00e9gies par :<\/span><span data-ccp-props=\"{\"201341983\":0,\"335551550\":1,\"335551620\":1,\"335559685\":141,\"335559731\":0,\"335559737\":7607,\"335559738\":0,\"335559739\":0,\"335559740\":552,\"469777462\":[361],\"469777927\":[0],\"469777928\":[1]}\"> <\/span><\/p>\n<ul>\n<li aria-setsize=\"-1\" data-leveltext=\"\u2013\" data-font=\"Arial MT\" data-listid=\"1\" data-list-defn-props=\"{\"134224900\":false,\"335551671\":0,\"335552541\":1,\"335559685\":308,\"335559991\":167,\"469769226\":\"Arial MT\",\"469769242\":[9675],\"469777803\":\"left\",\"469777804\":\"\u2013\",\"469777815\":\"hybridMultilevel\"}\" data-aria-posinset=\"0\" data-aria-level=\"2\"><span data-contrast=\"auto\">Loi 2\/1974 du 13 f\u00e9vrier relative aux ordres professionnels<\/span><span data-ccp-props=\"{\"201341983\":0,\"335551550\":1,\"335551620\":1,\"335559685\":306,\"335559737\":0,\"335559738\":0,\"335559739\":0,\"335559740\":240,\"335559991\":165,\"469777462\":[306],\"469777927\":[0],\"469777928\":[1]}\"> <\/span><\/li>\n<li aria-setsize=\"-1\" data-leveltext=\"\u2013\" data-font=\"Arial MT\" data-listid=\"1\" data-list-defn-props=\"{\"134224900\":false,\"335551671\":0,\"335552541\":1,\"335559685\":308,\"335559991\":167,\"469769226\":\"Arial MT\",\"469769242\":[9675],\"469777803\":\"left\",\"469777804\":\"\u2013\",\"469777815\":\"hybridMultilevel\"}\" data-aria-posinset=\"0\" data-aria-level=\"2\"><span data-contrast=\"auto\">R\u00e9glementation r\u00e9gionale valencienne en mati\u00e8re d&rsquo;ordres professionnels<\/span><span data-ccp-props=\"{\"201341983\":0,\"335551550\":1,\"335551620\":1,\"335559685\":306,\"335559737\":0,\"335559738\":35,\"335559739\":0,\"335559740\":240,\"335559991\":165,\"469777462\":[306],\"469777927\":[0],\"469777928\":[1]}\"> <\/span><\/li>\n<li aria-setsize=\"-1\" data-leveltext=\"\u2013\" data-font=\"Arial MT\" data-listid=\"1\" data-list-defn-props=\"{\"134224900\":false,\"335551671\":0,\"335552541\":1,\"335559685\":308,\"335559991\":167,\"469769226\":\"Arial MT\",\"469769242\":[9675],\"469777803\":\"left\",\"469777804\":\"\u2013\",\"469777815\":\"hybridMultilevel\"}\" data-aria-posinset=\"0\" data-aria-level=\"2\"><span data-contrast=\"auto\">Loi 34\/2002 (LSSI)<\/span><span data-ccp-props=\"{\"201341983\":0,\"335551550\":1,\"335551620\":1,\"335559685\":306,\"335559737\":0,\"335559738\":34,\"335559739\":0,\"335559740\":240,\"335559991\":165,\"469777462\":[306],\"469777927\":[0],\"469777928\":[1]}\"> <\/span><\/li>\n<li aria-setsize=\"-1\" data-leveltext=\"\u2013\" data-font=\"Arial MT\" data-listid=\"1\" data-list-defn-props=\"{\"134224900\":false,\"335551671\":0,\"335552541\":1,\"335559685\":308,\"335559991\":167,\"469769226\":\"Arial MT\",\"469769242\":[9675],\"469777803\":\"left\",\"469777804\":\"\u2013\",\"469777815\":\"hybridMultilevel\"}\" data-aria-posinset=\"0\" data-aria-level=\"2\"><span data-contrast=\"auto\">Lois 39\/2015 et 40\/2015 (proc\u00e9dure et r\u00e9gime juridique du secteur public)<\/span><span data-ccp-props=\"{\"201341983\":0,\"335551550\":1,\"335551620\":1,\"335559685\":306,\"335559737\":0,\"335559738\":35,\"335559739\":0,\"335559740\":240,\"335559991\":165,\"469777462\":[306],\"469777927\":[0],\"469777928\":[1]}\"> <\/span><\/li>\n<li aria-setsize=\"-1\" data-leveltext=\"\u2013\" data-font=\"Arial MT\" data-listid=\"1\" data-list-defn-props=\"{\"134224900\":false,\"335551671\":0,\"335552541\":1,\"335559685\":308,\"335559991\":167,\"469769226\":\"Arial MT\",\"469769242\":[9675],\"469777803\":\"left\",\"469777804\":\"\u2013\",\"469777815\":\"hybridMultilevel\"}\" data-aria-posinset=\"0\" data-aria-level=\"2\"><span data-contrast=\"auto\">RGPD et LOPDGDD<\/span><span data-ccp-props=\"{\"201341983\":0,\"335551550\":1,\"335551620\":1,\"335559685\":306,\"335559737\":0,\"335559738\":34,\"335559739\":0,\"335559740\":240,\"335559991\":165,\"469777462\":[306],\"469777927\":[0],\"469777928\":[1]}\"> <\/span><\/li>\n<li aria-setsize=\"-1\" data-leveltext=\"\u2013\" data-font=\"Arial MT\" data-listid=\"1\" data-list-defn-props=\"{\"134224900\":false,\"335551671\":0,\"335552541\":1,\"335559685\":308,\"335559991\":167,\"469769226\":\"Arial MT\",\"469769242\":[9675],\"469777803\":\"left\",\"469777804\":\"\u2013\",\"469777815\":\"hybridMultilevel\"}\" data-aria-posinset=\"0\" data-aria-level=\"2\"><span data-contrast=\"auto\">Statuts du Coll\u00e8ge<\/span><span data-ccp-props=\"{\"201341983\":0,\"335551550\":1,\"335551620\":1,\"335559685\":306,\"335559737\":0,\"335559738\":35,\"335559739\":0,\"335559740\":240,\"335559991\":165,\"469777462\":[306],\"469777927\":[0],\"469777928\":[1]}\"> <\/span><\/li>\n<\/ul>\n<p><span data-ccp-props=\"{\"335559738\":69}\"> <\/span><\/p>\n<p><span data-contrast=\"auto\">L&rsquo;utilisateur se soumet \u00e0 la juridiction des tribunaux d&rsquo;Alicante, sauf disposition contraire imp\u00e9rative.<\/span><span data-ccp-props=\"{\"201341983\":0,\"335551550\":1,\"335551620\":1,\"335559685\":141,\"335559731\":0,\"335559737\":0,\"335559738\":0,\"335559740\":276}\"> <\/span><\/p>\n<p><span data-ccp-props=\"{\"201341983\":0,\"335551550\":1,\"335551620\":1,\"335559739\":0,\"335559740\":276}\"> <\/span>[\/vc_column_text][\/vc_column][\/vc_row][\/vc_section]<\/p>\n<\/div>","protected":false},"excerpt":{"rendered":"<p>[vc_section][vc_row][vc_column][vc_column_text css=\u00a0\u00bb\u00a0\u00bb][\/vc_column_text][vc_column_text css=\u00a0\u00bb\u00a0\u00bb] Informations institutionnelles et coordonn\u00e9es du propri\u00e9taire du site web Conform\u00e9ment \u00e0 l&rsquo;article 10 de la loi 34\/2002&#8230;<\/p>\n","protected":false},"author":1,"featured_media":0,"parent":0,"menu_order":0,"comment_status":"closed","ping_status":"closed","template":"","meta":{"_acf_changed":false,"footnotes":""},"class_list":["post-20196","page","type-page","status-publish"],"acf":[],"_links":{"self":[{"href":"https:\/\/www.apialicante.com\/fr\/wp-json\/wp\/v2\/pages\/20196","targetHints":{"allow":["GET"]}}],"collection":[{"href":"https:\/\/www.apialicante.com\/fr\/wp-json\/wp\/v2\/pages"}],"about":[{"href":"https:\/\/www.apialicante.com\/fr\/wp-json\/wp\/v2\/types\/page"}],"author":[{"embeddable":true,"href":"https:\/\/www.apialicante.com\/fr\/wp-json\/wp\/v2\/users\/1"}],"replies":[{"embeddable":true,"href":"https:\/\/www.apialicante.com\/fr\/wp-json\/wp\/v2\/comments?post=20196"}],"version-history":[{"count":2,"href":"https:\/\/www.apialicante.com\/fr\/wp-json\/wp\/v2\/pages\/20196\/revisions"}],"predecessor-version":[{"id":20198,"href":"https:\/\/www.apialicante.com\/fr\/wp-json\/wp\/v2\/pages\/20196\/revisions\/20198"}],"wp:attachment":[{"href":"https:\/\/www.apialicante.com\/fr\/wp-json\/wp\/v2\/media?parent=20196"}],"curies":[{"name":"wp","href":"https:\/\/api.w.org\/{rel}","templated":true}]}}